{"id":1138,"date":"2025-09-04T14:46:48","date_gmt":"2025-09-04T17:46:48","guid":{"rendered":"https:\/\/cinebh.com.br\/?page_id=1138"},"modified":"2025-09-15T11:07:13","modified_gmt":"2025-09-15T14:07:13","slug":"dialogos-historicos","status":"publish","type":"page","link":"https:\/\/cinebh.com.br\/2025\/filmes\/dialogos-historicos\/","title":{"rendered":"Di\u00e1logos Hist\u00f3ricos"},"content":{"rendered":"\n<h3 class=\"wp-block-heading\"><strong>NELSON CARLO DE LOS SANTOS ARIAS <\/strong><br><strong>UM DOMINICANO PERTENCENTE AO MUNDO<\/strong><\/h3>\n\n\n\n<p>Nelson Carlo De los Santos Arias nasceu em Santo Domingo, capital da Rep\u00fablica Dominicana, em 1985. Formou-se com um MFA (Master of Fine Arts) em Cinema\/V\u00eddeo pela CalArts School of Art, em 2014, na Calif\u00f3rnia. Dirigiu quatro curtas e cinco longas-metragens desde ent\u00e3o, ganhando proje\u00e7\u00e3o internacional a partir de <em>Cocote<\/em> (2017), pelo qual recebeu o Leopardo de Ouro na categoria Signs of Life, no Festival de Locarno. Sete anos depois, em 2024, levou o Urso de Prata de Melhor Diretor no Festival de Berlim por <em>Pepe<\/em>, o que fez dele o primeiro cineasta latino-americano a receber esse trof\u00e9u.<\/p>\n\n\n\n<p>Em 2025, a CineBH decidiu destacar o trabalho de Nelson dentro do recorte Di\u00e1logos Hist\u00f3ricos, que anualmente exibe filmes com algum lastro no encaminhamento da hist\u00f3ria do cinema e que fazem conex\u00f5es com o geral da grade de exibi\u00e7\u00f5es. Costumeiramente s\u00e3o realizadores ou t\u00edtulos de mais dist\u00e2ncia temporal, \u00e0s vezes de artistas falecidos ou aposentados. A defini\u00e7\u00e3o desta edi\u00e7\u00e3o faz uma pequena mudan\u00e7a tanto pela particularidade de um realizador de um pa\u00eds com pouca tradi\u00e7\u00e3o de cinema \u2013 ou seja, sem grandes possibilidades de muitas varia\u00e7\u00f5es de di\u00e1logo hist\u00f3rico \u2013 quanto pelas pr\u00f3prias caracter\u00edsticas do cinema de Nelson, que se vale de procedimentos e estruturas incomuns e provocativas at\u00e9 mesmo na contemporaneidade.&nbsp;<\/p>\n\n\n\n<p>Ser\u00e3o tr\u00eas sess\u00f5es, todas elas a serem debatidas pelo realizador juntamente com o p\u00fablico. Na primeira sess\u00e3o, ser\u00e1 exibido <em>Pareces una Carreta de Esas que No la Paran ni los Bueye <\/em>(2013). No segundo dia, a dobradinha <em>Canciones de Cuna<\/em> (2014) e <em>Santa Teresa y Otras Historias<\/em> (2015). Por fim, o aclamado <em>Cocote <\/em>(2017), verdadeira explos\u00e3o do diretor e um dos filmes latinos mais importantes neste come\u00e7o de s\u00e9culo. Seu trabalho mais recente, <em>Pepe<\/em> (2024), ficou de fora este ano porque foi exibido na edi\u00e7\u00e3o 2024 da CineBH, dentro da Mostra Continente.<\/p>\n\n\n\n<p><\/p>\n\n\n\n<p><strong>TRAJET\u00d3RIA<\/strong><\/p>\n\n\n\n<p>Desde crian\u00e7a Nelson teve interesse por escrita, teatro, fotografia e m\u00fasica. Um ponto de virada importante em sua vida foi estudar numa escola de artes, quando passou a entender os filmes para al\u00e9m de \u201cprodutos de comunica\u00e7\u00e3o\u201d e v\u00ea-los como \u201cobjetos\u201d em si, uma distin\u00e7\u00e3o ontol\u00f3gica que moldou sua abordagem ao se tornar diretor, como j\u00e1 disse em entrevistas e palestras. Foi aluno do lend\u00e1rio cineasta Billy Woodberry, um dos \u00edcones do movimento chamado de L.A. Rebellion. De Woodberry absorveu o instinto de provoca\u00e7\u00e3o e a compreens\u00e3o do cinema como deflagrador de reflex\u00e3o e interven\u00e7\u00e3o afetiva e cultural.<\/p>\n\n\n\n<p>Sua vis\u00e3o art\u00edstica \u00e9 marcada por uma \u201cruptura com as conven\u00e7\u00f5es ocidentais de narrativa\u201d, como ele mesmo se definiu. No primeiro longa-metragem, <em>Pareces una Carreta de Esas que No la Paran ni los Bueye<\/em> (2013), p\u00f4s em pr\u00e1tica, com rigor e vigor, uma forma \u00fanica de se aproximar dos corpos e cen\u00e1rios filmados. Essa quase \u201csitcom\u201d de uma fam\u00edlia dominicana em Nova York ilustra a pr\u00f3pria inser\u00e7\u00e3o de Nelson na estrutura\u00e7\u00e3o do cinema latino-americano. Um tanto fora, um tanto dentro, mas nunca indiferente nem desterritorializado.&nbsp;<\/p>\n\n\n\n<p><em>Pareces una Carreta\u2026<\/em> teve apoio da Funglode (Fundaci\u00f3n Global Democracia y Desarrollo), que se define como \u201corganiza\u00e7\u00e3o privada sem fins lucrativos da Rep\u00fablica Dominicana que se dedica a promover o desenvolvimento democr\u00e1tico e sustent\u00e1vel no pa\u00eds atrav\u00e9s da an\u00e1lise de temas cruciais, formula\u00e7\u00e3o de propostas de pol\u00edticas p\u00fablicas e promo\u00e7\u00e3o de atividades culturais e sociais\u201d. O filme tamb\u00e9m abre com uma cartela do California Institute of the Arts. Ou seja, j\u00e1 se percebe a mescla de refer\u00eancias geogr\u00e1ficas e de produ\u00e7\u00e3o que v\u00e3o sempre aparecer em seus trabalhos e, sob v\u00e1rios aspectos, isol\u00e1-lo como artista antes de tudo latino e s\u00f3 num segundo momento dominicano.&nbsp;<\/p>\n\n\n\n<p>Claro que um certo contexto caribenho \u00e9 intr\u00ednseco \u00e0 sua obra, e ele mesmo j\u00e1 descreveu a Rep\u00fablica Dominicana como o \u201cpaciente zero\u201d da modernidade e da coloniza\u00e7\u00e3o, pela alta miscigena\u00e7\u00e3o biol\u00f3gica e cultural. Tal pluralidade de identidade, que difere das identidades monol\u00edticas ocidentais, \u00e9 o solo f\u00e9rtil para suas formas mistas e n\u00e3o lineares. Embora ainda localizado, o cinema de Nelson ressoa com temas universais de descoloniza\u00e7\u00e3o e identidade. O discurso pol\u00edtico radical surge de sua imagina\u00e7\u00e3o, e o cinema para ele, mesmo sem provocar uma revolu\u00e7\u00e3o direta, pode plantar novas imagens nas mentes das pessoas. Nelson acredita na \u201crepresenta\u00e7\u00e3o \u00e9tica e respons\u00e1vel de comunidades invis\u00edveis\u201d e quer desafiar a est\u00e9tica do opressor e promover a ideia de que a diversidade de vozes enriquece a grande narrativa global.<\/p>\n\n\n\n<p class=\"has-text-align-right\"><strong>Marcelo Miranda<\/strong><br><em>Curador<\/em><\/p>\n\n\n\n    <div id=\"movie-block_68b9d07a3d25b\" class=\"movie-block\">\n                  <div data-slides-per-view=\"4\" id=\"block_68b9d07a3d25b\" class=\"movie expanded movie-block movie-list\">\n            <div class=\"container container-1216 flex-col\">\n        <div class=\"\">\n                    <div class=\" movie-items\">\n            <div class=\"movie-items-wrapper\">\n                  <div class=\"movie-item  \">\n      <a href=\"https:\/\/cinebh.com.br\/2025\/filme\/canciones-de-cuna\/\">\n        <img loading=\"lazy\" decoding=\"async\" width=\"280\" height=\"432\" src=\"https:\/\/universoproducao.nyc3.digitaloceanspaces.com\/cinebh2025\/2025\/09\/CANCIONES-DE-CUNAS-r5dt6mwroim1azx6qzgisctim3w04074360vi4uxis-280x432.jpg\" class=\"movie-img\" alt=\"\" \/>\n                <span class=\"movie-content\">\n          <span class=\"title\">Canciones de Cuna<\/span>\n                      <span class=\"direction on-hover\">Dire\u00e7\u00e3o: Nelson Carlo De los Santos Arias<\/span>\n                                          <span class=\"country on-hover\">EUA<\/span>\n                                <span class=\"read-more btn-link on-hover uppercase\">\n              Saiba mais <i class=\"icon-arrow-right\"><\/i><\/span>\n                  <\/span>\n      <\/a>\n    <\/div>\n        <div class=\"movie-item  \">\n      <a href=\"https:\/\/cinebh.com.br\/2025\/filme\/cocote\/\">\n        <img loading=\"lazy\" decoding=\"async\" width=\"280\" height=\"432\" src=\"https:\/\/universoproducao.nyc3.digitaloceanspaces.com\/cinebh2025\/2025\/09\/poster-Cocote-MV5BZmU3YjcwZDktZGEyNC00YWMyLWI3MzUtNDJiYTJhNTBmMjc4XkEyXkFqcGc%40._V1_-280x432.jpg\" class=\"movie-img\" alt=\"\" \/>\n                <span class=\"movie-content\">\n          <span class=\"title\">Cocote<\/span>\n                      <span class=\"direction on-hover\">Dire\u00e7\u00e3o: Nelson Carlo de los Santos Arias<\/span>\n                                          <span class=\"country on-hover\">REP\u00daBLICA DOMINICANA, ARGENTINA, ALEMANHA, QATAR<\/span>\n                                <span class=\"read-more btn-link on-hover uppercase\">\n              Saiba mais <i class=\"icon-arrow-right\"><\/i><\/span>\n                  <\/span>\n      <\/a>\n    <\/div>\n        <div class=\"movie-item  \">\n      <a href=\"https:\/\/cinebh.com.br\/2025\/filme\/pareces-una-carreta-de-esas-que-no-la-paran-ni-los-bueyes\/\">\n        <img loading=\"lazy\" decoding=\"async\" width=\"280\" height=\"432\" src=\"https:\/\/universoproducao.nyc3.digitaloceanspaces.com\/cinebh2025\/2025\/09\/Pareces-uma-carreta-image-w1280-280x432.webp\" class=\"movie-img\" alt=\"\" \/>\n                <span class=\"movie-content\">\n          <span class=\"title\">Pareces una carreta de esas que no la paran ni los bueyes<\/span>\n                      <span class=\"direction on-hover\">Dire\u00e7\u00e3o: Nelson Carlo de los Santos Arias<\/span>\n                                          <span class=\"country on-hover\">EUA, REP\u00daBLICA DOMINICANA<\/span>\n                                <span class=\"read-more btn-link on-hover uppercase\">\n              Saiba mais <i class=\"icon-arrow-right\"><\/i><\/span>\n                  <\/span>\n      <\/a>\n    <\/div>\n        <div class=\"movie-item  \">\n      <a href=\"https:\/\/cinebh.com.br\/2025\/filme\/santa-teresa-y-otras-historias\/\">\n        <img loading=\"lazy\" decoding=\"async\" width=\"280\" height=\"432\" src=\"https:\/\/universoproducao.nyc3.digitaloceanspaces.com\/cinebh2025\/2025\/09\/poster-Santa-tereza-e-otras-historias-280x432.jpg\" class=\"movie-img\" alt=\"\" \/>\n                <span class=\"movie-content\">\n          <span class=\"title\">Santa Teresa y Otras Historias<\/span>\n                      <span class=\"direction on-hover\">Dire\u00e7\u00e3o: Nelson Carlo de los Santos Arias<\/span>\n                                          <span class=\"country on-hover\">REP\u00daBLICA DOMINICANA<\/span>\n                                <span class=\"read-more btn-link on-hover uppercase\">\n              Saiba mais <i class=\"icon-arrow-right\"><\/i><\/span>\n                  <\/span>\n      <\/a>\n    <\/div>\n                <\/div>\n          <\/div>\n                  <\/div>\n      <\/div>\n    <\/div>\n              <\/div>\n    ","protected":false},"excerpt":{"rendered":"<p>NELSON CARLO DE LOS SANTOS ARIAS UM DOMINICANO PERTENCENTE AO MUNDO Nelson Carlo De los Santos Arias nasceu em Santo Domingo, capital da Rep\u00fablica Dominicana, em 1985. Formou-se com um [&hellip;]<\/p>\n","protected":false},"author":1,"featured_media":0,"parent":727,"menu_order":33,"comment_status":"closed","ping_status":"closed","template":"","meta":{"footnotes":""},"class_list":["post-1138","page","type-page","status-publish","hentry"],"acf":[],"_links":{"self":[{"href":"https:\/\/cinebh.com.br\/2025\/wp-json\/wp\/v2\/pages\/1138","targetHints":{"allow":["GET"]}}],"collection":[{"href":"https:\/\/cinebh.com.br\/2025\/wp-json\/wp\/v2\/pages"}],"about":[{"href":"https:\/\/cinebh.com.br\/2025\/wp-json\/wp\/v2\/types\/page"}],"author":[{"embeddable":true,"href":"https:\/\/cinebh.com.br\/2025\/wp-json\/wp\/v2\/users\/1"}],"replies":[{"embeddable":true,"href":"https:\/\/cinebh.com.br\/2025\/wp-json\/wp\/v2\/comments?post=1138"}],"version-history":[{"count":3,"href":"https:\/\/cinebh.com.br\/2025\/wp-json\/wp\/v2\/pages\/1138\/revisions"}],"predecessor-version":[{"id":1591,"href":"https:\/\/cinebh.com.br\/2025\/wp-json\/wp\/v2\/pages\/1138\/revisions\/1591"}],"up":[{"embeddable":true,"href":"https:\/\/cinebh.com.br\/2025\/wp-json\/wp\/v2\/pages\/727"}],"wp:attachment":[{"href":"https:\/\/cinebh.com.br\/2025\/wp-json\/wp\/v2\/media?parent=1138"}],"curies":[{"name":"wp","href":"https:\/\/api.w.org\/{rel}","templated":true}]}}