{"id":1141,"date":"2025-09-04T14:49:50","date_gmt":"2025-09-04T17:49:50","guid":{"rendered":"https:\/\/cinebh.com.br\/?page_id=1141"},"modified":"2025-09-15T10:47:33","modified_gmt":"2025-09-15T13:47:33","slug":"homenagem","status":"publish","type":"page","link":"https:\/\/cinebh.com.br\/2025\/filmes\/homenagem\/","title":{"rendered":"Homenagem"},"content":{"rendered":"\n<h3 class=\"wp-block-heading\"><strong>V\u00c1RIAS FACES DE CARLOS<\/strong><\/h3>\n\n\n\n<p>Em nossa celebra\u00e7\u00e3o a Carlos Francisco, v\u00e1rias linhas s\u00e3o poss\u00edveis. Sua presen\u00e7a surgiu naturalmente em t\u00edtulos selecionados pela curadoria para estarem na programa\u00e7\u00e3o de longas brasileiros, casos de <em>O Agente Secreto<\/em> (Kleber Mendon\u00e7a Filho, 2025), atra\u00e7\u00e3o da abertura; de um na Mostra Vertentes, <em>Enterre seus Mortos<\/em> (Marco Dutra, 2024); e outro na Mostra CineMundi, <em>Su\u00e7uarana <\/em>(Clarissa Campolina e S\u00e9rgio Borges, 2024), este inclusive que lhe rendeu o Trof\u00e9u Candango de melhor ator coadjuvante no Festival de Bras\u00edlia.<\/p>\n\n\n\n<p>Coube ent\u00e3o a esta Mostra Homenagem expandir com outros exemplos de Carlos Francisco nas telas. Numa cartela ampla de obras, definimos algumas representa\u00e7\u00f5es de sua pot\u00eancia interpretativa e da amplitude da grande persona nas telas. Entre longas e curtas, o recorte destaca personagens que, em diferentes registros, revelam a capacidade do ator de conjugar for\u00e7a dram\u00e1tica, delicadeza e densidade expressiva e corporal. Sua atua\u00e7\u00e3o, sempre marcada por uma rela\u00e7\u00e3o \u00edntima entre corpo, voz, gestos e olhares, toma para si as narrativas e as amplificam a partir de ent\u00e3o.<\/p>\n\n\n\n<p>Em <em>Marte Um<\/em> (Gabriel Martins, 2022), Carlos vive Wellington, pai que sonha junto com o filho, apesar das dificuldades materiais. A simplicidade do gesto cotidiano transforma-se em elo afetivo que move as desventuras de uma fam\u00edlia humilde de Contagem. Em <em>Estranho Caminho<\/em> (Guto Parente, 2023), ele interpreta outro pai, agora um homem distante, enigm\u00e1tico, quase frio, cujos sil\u00eancios gritam aos ouvidos e \u00e0 sensibilidade do rapaz Davi (Lucas Limeira). A conten\u00e7\u00e3o do olhar e os desvios de afeto marcam o contraste com pap\u00e9is anteriores e revelam uma faceta mais \u00e1rida de sua atua\u00e7\u00e3o. O personagem, insistente em negar carinho, encontra no ator uma espessura humana que amplia os sentidos do filme.<\/p>\n\n\n\n<p>Nos curtas-metragens, a variedade de registros expande os retratos poss\u00edveis do ator. Em <em>Nada<\/em> (Gabriel Martins, 2014), de Gabriel Martins, ele faz um pai bastante pr\u00f3ximo ao de <em>Marte Um<\/em>, ainda que mais duro e rigoroso. <em>Um Homem que Voa: Nelson Prud\u00eancio<\/em> (Maur\u00edlio Martins e Adirley Queir\u00f3s, 2015) tem o ator nas vezes de um locutor e entrevistador, impostando a voz, interagindo como jornalista e prestando homenagem a um atleta ol\u00edmpico hist\u00f3rico, num gesto de reconex\u00e3o da arte como esporte, e do esporte como arte. Por fim, <em>A M\u00e1quina Infernal<\/em> (Francis Vogner dos Reis, 2017) mostra-o como um trabalhador de f\u00e1brica no ABC paulista que se articula contr\u00e1rio aos abusos dos empregadores, numa faceta de resist\u00eancia combativa que tamb\u00e9m est\u00e1 entre os tipos que j\u00e1 assumiu em cena.&nbsp;<\/p>\n\n\n\n<p>Num carrossel de tipos, linguagens e formas, o espectador ter\u00e1 alguma no\u00e7\u00e3o, limitada mas bastante expressiva, de como Carlos Francisco pode ser muitos outros.<\/p>\n\n\n\n<p class=\"has-text-align-right\"><strong>Marcelo Miranda<\/strong><br><em>Curador<\/em><\/p>\n\n\n\n<div style=\"height:69px\" aria-hidden=\"true\" class=\"wp-block-spacer\"><\/div>\n\n\n\n    <div id=\"movie-block_68b9d12506578\" class=\"movie-block\">\n                  <div data-slides-per-view=\"4\" id=\"block_68b9d12506578\" class=\"movie expanded movie-block movie-list\">\n            <div class=\"container container-1216 flex-col\">\n        <div class=\"\">\n                    <div class=\" movie-items\">\n            <div class=\"movie-items-wrapper\">\n                  <div class=\"movie-item  \">\n      <a href=\"https:\/\/cinebh.com.br\/2025\/filme\/a-maquina-infernal\/\">\n        <img loading=\"lazy\" decoding=\"async\" width=\"280\" height=\"432\" src=\"https:\/\/universoproducao.nyc3.digitaloceanspaces.com\/cinebh2025\/2025\/08\/Copia-de-poster-maquina-virtual-Francis-Vogner-dos-Reis-280x432.png\" class=\"movie-img\" alt=\"\" \/>\n                <span class=\"movie-content\">\n          <span class=\"title\">A M\u00e1quina Infernal<\/span>\n                      <span class=\"direction on-hover\">Dire\u00e7\u00e3o: Francis Vogner dos Reis<\/span>\n                                          <span class=\"country on-hover\">Brasil<\/span>\n                                <span class=\"read-more btn-link on-hover uppercase\">\n              Saiba mais <i class=\"icon-arrow-right\"><\/i><\/span>\n                  <\/span>\n      <\/a>\n    <\/div>\n        <div class=\"movie-item  \">\n      <a href=\"https:\/\/cinebh.com.br\/2025\/filme\/estranho-caminho\/\">\n        <img loading=\"lazy\" decoding=\"async\" width=\"280\" height=\"432\" src=\"https:\/\/universoproducao.nyc3.digitaloceanspaces.com\/cinebh2025\/2025\/08\/cartaz-oficial-Estranho-Caminho_em-baixa-1-Producao-Embauba-280x432.jpg\" class=\"movie-img\" alt=\"\" \/>\n                <span class=\"movie-content\">\n          <span class=\"title\">ESTRANHO CAMINHO<\/span>\n                      <span class=\"direction on-hover\">Dire\u00e7\u00e3o: Guto Parente<\/span>\n                                          <span class=\"country on-hover\">Brasil<\/span>\n                                <span class=\"read-more btn-link on-hover uppercase\">\n              Saiba mais <i class=\"icon-arrow-right\"><\/i><\/span>\n                  <\/span>\n      <\/a>\n    <\/div>\n        <div class=\"movie-item  \">\n      <a href=\"https:\/\/cinebh.com.br\/2025\/filme\/marte-um\/\">\n        <img loading=\"lazy\" decoding=\"async\" width=\"280\" height=\"432\" src=\"https:\/\/universoproducao.nyc3.digitaloceanspaces.com\/cinebh2025\/2025\/08\/cartaz-Marte-Um-em-baixa-Producao-Embauba-280x432.jpg\" class=\"movie-img\" alt=\"\" \/>\n                <span class=\"movie-content\">\n          <span class=\"title\">Marte Um<\/span>\n                      <span class=\"direction on-hover\">Dire\u00e7\u00e3o: Gabriel Martins<\/span>\n                                          <span class=\"country on-hover\">Brasil<\/span>\n                                <span class=\"read-more btn-link on-hover uppercase\">\n              Saiba mais <i class=\"icon-arrow-right\"><\/i><\/span>\n                  <\/span>\n      <\/a>\n    <\/div>\n        <div class=\"movie-item  \">\n      <a href=\"https:\/\/cinebh.com.br\/2025\/filme\/nada\/\">\n        <img loading=\"lazy\" decoding=\"async\" width=\"280\" height=\"432\" src=\"https:\/\/universoproducao.nyc3.digitaloceanspaces.com\/cinebh2025\/2025\/08\/NADA_Still_03-280x432.jpg\" class=\"movie-img\" alt=\"\" \/>\n                <span class=\"movie-content\">\n          <span class=\"title\">NADA<\/span>\n                      <span class=\"direction on-hover\">Dire\u00e7\u00e3o: GABRIEL MARTINS<\/span>\n                                          <span class=\"country on-hover\">BRASIL<\/span>\n                                <span class=\"read-more btn-link on-hover uppercase\">\n              Saiba mais <i class=\"icon-arrow-right\"><\/i><\/span>\n                  <\/span>\n      <\/a>\n    <\/div>\n        <div class=\"movie-item  \">\n      <a href=\"https:\/\/cinebh.com.br\/2025\/filme\/o-agente-secreto\/\">\n        <img loading=\"lazy\" decoding=\"async\" width=\"280\" height=\"432\" src=\"https:\/\/universoproducao.nyc3.digitaloceanspaces.com\/cinebh2025\/2025\/08\/O-Agente-Secreto_Victor-Juca-280x432.jpg\" class=\"movie-img\" alt=\"\" \/>\n                <span class=\"movie-content\">\n          <span class=\"title\">O Agente Secreto<\/span>\n                      <span class=\"direction on-hover\">Dire\u00e7\u00e3o: Kleber Mendon\u00e7a Filho<\/span>\n                                          <span class=\"country on-hover\">Brasil, Fran\u00e7a, Pa\u00edses Baixos, Alemanha<\/span>\n                                <span class=\"read-more btn-link on-hover uppercase\">\n              Saiba mais <i class=\"icon-arrow-right\"><\/i><\/span>\n                  <\/span>\n      <\/a>\n    <\/div>\n        <div class=\"movie-item  \">\n      <a href=\"https:\/\/cinebh.com.br\/2025\/filme\/um-homem-que-voa-nelson-prudencio\/\">\n        <img loading=\"lazy\" decoding=\"async\" width=\"280\" height=\"432\" src=\"https:\/\/universoproducao.nyc3.digitaloceanspaces.com\/cinebh2025\/2025\/08\/Nelson-Prudencio-280x432.jpg\" class=\"movie-img\" alt=\"\" \/>\n                <span class=\"movie-content\">\n          <span class=\"title\">Um homem que voa: Nelson Prud\u00eancio<\/span>\n                                          <span class=\"country on-hover\">Brasil<\/span>\n                                <span class=\"read-more btn-link on-hover uppercase\">\n              Saiba mais <i class=\"icon-arrow-right\"><\/i><\/span>\n                  <\/span>\n      <\/a>\n    <\/div>\n                <\/div>\n          <\/div>\n                  <\/div>\n      <\/div>\n    <\/div>\n              <\/div>\n    ","protected":false},"excerpt":{"rendered":"<p>V\u00c1RIAS FACES DE CARLOS Em nossa celebra\u00e7\u00e3o a Carlos Francisco, v\u00e1rias linhas s\u00e3o poss\u00edveis. Sua presen\u00e7a surgiu naturalmente em t\u00edtulos selecionados pela curadoria para estarem na programa\u00e7\u00e3o de longas brasileiros, [&hellip;]<\/p>\n","protected":false},"author":1,"featured_media":0,"parent":727,"menu_order":38,"comment_status":"closed","ping_status":"closed","template":"","meta":{"footnotes":""},"class_list":["post-1141","page","type-page","status-publish","hentry"],"acf":[],"_links":{"self":[{"href":"https:\/\/cinebh.com.br\/2025\/wp-json\/wp\/v2\/pages\/1141","targetHints":{"allow":["GET"]}}],"collection":[{"href":"https:\/\/cinebh.com.br\/2025\/wp-json\/wp\/v2\/pages"}],"about":[{"href":"https:\/\/cinebh.com.br\/2025\/wp-json\/wp\/v2\/types\/page"}],"author":[{"embeddable":true,"href":"https:\/\/cinebh.com.br\/2025\/wp-json\/wp\/v2\/users\/1"}],"replies":[{"embeddable":true,"href":"https:\/\/cinebh.com.br\/2025\/wp-json\/wp\/v2\/comments?post=1141"}],"version-history":[{"count":4,"href":"https:\/\/cinebh.com.br\/2025\/wp-json\/wp\/v2\/pages\/1141\/revisions"}],"predecessor-version":[{"id":1588,"href":"https:\/\/cinebh.com.br\/2025\/wp-json\/wp\/v2\/pages\/1141\/revisions\/1588"}],"up":[{"embeddable":true,"href":"https:\/\/cinebh.com.br\/2025\/wp-json\/wp\/v2\/pages\/727"}],"wp:attachment":[{"href":"https:\/\/cinebh.com.br\/2025\/wp-json\/wp\/v2\/media?parent=1141"}],"curies":[{"name":"wp","href":"https:\/\/api.w.org\/{rel}","templated":true}]}}