{"id":1144,"date":"2025-09-04T14:50:37","date_gmt":"2025-09-04T17:50:37","guid":{"rendered":"https:\/\/cinebh.com.br\/?page_id=1144"},"modified":"2025-09-15T10:41:19","modified_gmt":"2025-09-15T13:41:19","slug":"praca","status":"publish","type":"page","link":"https:\/\/cinebh.com.br\/2025\/filmes\/praca\/","title":{"rendered":"Pra\u00e7a"},"content":{"rendered":"\n<h3 class=\"wp-block-heading\"><strong>DAN\u00c7ANDO COM AS IMAGENS<\/strong><\/h3>\n\n\n\n<p>A Pra\u00e7a da Liberdade recebe o p\u00fablico da 19<sup>a<\/sup> CineBH em 2025 como palco de encontros, escuta e celebra\u00e7\u00e3o. Em espa\u00e7o aberto, com o cinema a se projetar sobre o horizonte da cidade, a m\u00fasica \u00e9 elemento de liga\u00e7\u00e3o na edi\u00e7\u00e3o de 2025, compondo corpos, mem\u00f3rias, afetos, narrativas e registros dos mais variados. Cada filme este ano traduz, de modos particulares, n\u00e3o s\u00f3 a m\u00fasica, mas a musicalidade como forma de estar no mundo, ora sendo gesto de resist\u00eancia, ora canto \u00edntimo, como inven\u00e7\u00e3o \u00edntima e l\u00fadica ou conex\u00e3o entre culturas. A experi\u00eancia coletiva e a c\u00e9u aberto nas paisagens da regi\u00e3o dever\u00e1 ampliar os efeitos dessa musicalidade e dar a cada filme um frescor singular.<\/p>\n\n\n\n<p>Em <em>Ritas<\/em>, a dupla de diretores Oswaldo Santana e Karen Harley mergulham na multiplicidade da cantora e compositora Rita Lee. Este document\u00e1rio prefere a celebra\u00e7\u00e3o fragmentada e \u00edntima ao retrato definitivo. A artista surge em entrevistas in\u00e9ditas, grava\u00e7\u00f5es pessoais e anima\u00e7\u00f5es psicod\u00e9licas que traduzem sua irrever\u00eancia, humor e verdade. A trilha sonora, claro, forma a pr\u00f3pria narrativa e conduz o espectador por um multiverso de Ritas. Entre ironia, do\u00e7ura e ousadia, ela pulsa e transforma o filme em extens\u00e3o de si, inclusive ao registrar imagens de si pr\u00f3pria, n\u00e3o pensadas para uma tela de cinema e por isso t\u00e3o desprendidas de maiores compromissos que n\u00e3o fossem seus est\u00edmulos internos. O filme destaca ainda como a artista sempre se reinventou, mesmo nos momentos mais dif\u00edceis e sem perder a musicalidade como fio condutor da vida. Rita, em <em>Ritas<\/em>, \u00e9 celebrada tanto como mito quanto uma mulher ordin\u00e1ria que transcende os imagin\u00e1rios.<\/p>\n\n\n\n<p><em>Lagoa do Nado: A Festa de um Parque<\/em>, dirigido por Arthur B. Senra, resgata uma hist\u00f3ria de mobiliza\u00e7\u00e3o em Belo Horizonte nos anos 1980 e 1990, quando a m\u00fasica se tornou linguagem de uni\u00e3o em torno da cria\u00e7\u00e3o do Parque Municipal Fazenda Lagoa do Nado. O document\u00e1rio mostra que, diante da burocracia e da demora na implanta\u00e7\u00e3o do parque, o canto e a celebra\u00e7\u00e3o foram as armas escolhidas por um grupo de ativistas. Ao transformar a luta em festa, o filme revela como a m\u00fasica pode ser uma for\u00e7a pol\u00edtica, social e ambiental, vibrando em coro o desejo de vida plena na cidade. Mais do que registrar um movimento, o filme sugere que a cultura tem o poder de moldar os espa\u00e7os urbanos e a forma de se relacionar com eles. O concerto que atravessa a narrativa, com vozes em un\u00edssono gritando \u201cviva a vida!\u201d, sintetiza a fus\u00e3o entre arte e a\u00e7\u00e3o coletiva. Na Pra\u00e7a da Liberdade, a proje\u00e7\u00e3o do filme ecoa esse mesmo esp\u00edrito de encontro comunit\u00e1rio.<\/p>\n\n\n\n<p>No caso de <em>Milton Bituca Nascimento<\/em>, a diretora Fl\u00e1via Moraes faz o retrato afetuoso e grandioso de um gigante das artes brasileiras. Ela acompanha a turn\u00ea de despedida de Milton Nascimento e revela a intensidade de uma circula\u00e7\u00e3o atravessada pela fragilidade do corpo e sustentada pela for\u00e7a da m\u00fasica. Depoimentos de parceiros como Wagner Tiso e Chico Buarque, a presen\u00e7a luminosa de Fernanda Montenegro e os momentos \u00edntimos com a fam\u00edlia revelam um Milton que transcende o indiv\u00edduo e mostra um her\u00f3i cultural. Entre sil\u00eancios e can\u00e7\u00f5es, Fl\u00e1via Moraes capta a beleza dos v\u00e1rios tempos que se acumulam em Milton, num tributo comovente ao seu legado.&nbsp;<\/p>\n\n\n\n<p>Por fim, o projeto de cine-concerto <em>Tela Sonora<\/em> prop\u00f5e a fus\u00e3o entre imagem e som ao vivo, unindo curtas-metragens de anima\u00e7\u00e3o brasileiros \u00e0 cria\u00e7\u00e3o musical eletr\u00f4nica da dupla Xavier Garcia e J\u00e9r\u00f4me Lopez. Integrantes do coletivo franc\u00eas Arfi, os artistas comp\u00f5em uma paisagem sonora que mescla escrita contempor\u00e2nea, grava\u00e7\u00f5es de campo e cantos ind\u00edgenas. As anima\u00e7\u00f5es de Iuri Moreno, Alois di Leo, Guilherme Gehr e Marcos Magalh\u00e3es ganham outra dimens\u00e3o quando atravessadas por essas sonoridades, criando um espet\u00e1culo em que cinema e m\u00fasica se tornam simbi\u00f3ticos inclusive por ocuparem o espa\u00e7o ao vivo. A experi\u00eancia \u00e9 \u00fanica porque cada exibi\u00e7\u00e3o se renova no improviso e no di\u00e1logo entre os artistas e p\u00fablico. Dessa maneira, o cine-concerto n\u00e3o apenas acompanha as imagens, mas as reinventa, como se fosse sempre a primeira vez.<\/p>\n\n\n\n<p>&nbsp;A Mostra Pra\u00e7a em 2025 chega, ent\u00e3o, com esse convite a escutar o cinema e a assistir \u00e0 m\u00fasica. Entre hist\u00f3rias, vozes e imagens, o espa\u00e7o p\u00fablico se torna tamb\u00e9m espa\u00e7o po\u00e9tico, e o tempo das imagens e dos sons \u00e9 dividido entre todos ali, nas ondas das ruas, das paisagens, da arquitetura e das presen\u00e7as.<\/p>\n\n\n\n<p class=\"has-text-align-right\"><strong>Marcelo Miranda<\/strong><br>Curador<\/p>\n\n\n\n    <div id=\"movie-block_68b9d15c5b45f\" class=\"movie-block\">\n                  <div data-slides-per-view=\"4\" id=\"block_68b9d15c5b45f\" class=\"movie expanded movie-block movie-list\">\n            <div class=\"container container-1216 flex-col\">\n        <div class=\"\">\n                    <div class=\" movie-items\">\n            <div class=\"movie-items-wrapper\">\n                  <div class=\"movie-item  \">\n      <a href=\"https:\/\/cinebh.com.br\/2025\/filme\/caminho-dos-gigantes\/\">\n        <img loading=\"lazy\" decoding=\"async\" width=\"280\" height=\"432\" src=\"https:\/\/universoproducao.nyc3.digitaloceanspaces.com\/cinebh2025\/2025\/09\/Way-of-Giants-6-280x432.jpg\" class=\"movie-img\" alt=\"\" \/>\n                <span class=\"movie-content\">\n          <span class=\"title\">Caminho dos Gigantes<\/span>\n                      <span class=\"direction on-hover\">Dire\u00e7\u00e3o: Alois Di Leo<\/span>\n                                          <span class=\"country on-hover\">Brasil<\/span>\n                                <span class=\"read-more btn-link on-hover uppercase\">\n              Saiba mais <i class=\"icon-arrow-right\"><\/i><\/span>\n                  <\/span>\n      <\/a>\n    <\/div>\n        <div class=\"movie-item  \">\n      <a href=\"https:\/\/cinebh.com.br\/2025\/filme\/lagoa-do-nado-a-festa-de-um-parque\/\">\n        <img loading=\"lazy\" decoding=\"async\" width=\"280\" height=\"432\" src=\"https:\/\/universoproducao.nyc3.digitaloceanspaces.com\/cinebh2025\/2025\/08\/CARTAZ-PORTUGUES_baixa-Arthur-B.-Senra-280x432.jpg\" class=\"movie-img\" alt=\"\" \/>\n                <span class=\"movie-content\">\n          <span class=\"title\">Lagoa do Nado &#8211; A festa de um parque<\/span>\n                      <span class=\"direction on-hover\">Dire\u00e7\u00e3o: Arthur B. Senra<\/span>\n                                          <span class=\"country on-hover\">Brasil<\/span>\n                                <span class=\"read-more btn-link on-hover uppercase\">\n              Saiba mais <i class=\"icon-arrow-right\"><\/i><\/span>\n                  <\/span>\n      <\/a>\n    <\/div>\n        <div class=\"movie-item  \">\n      <a href=\"https:\/\/cinebh.com.br\/2025\/filme\/meow\/\">\n        <img loading=\"lazy\" decoding=\"async\" width=\"280\" height=\"432\" src=\"https:\/\/universoproducao.nyc3.digitaloceanspaces.com\/cinebh2025\/2025\/09\/Poster-Meow-280x432.jpg\" class=\"movie-img\" alt=\"\" \/>\n                <span class=\"movie-content\">\n          <span class=\"title\">Meow<\/span>\n                      <span class=\"direction on-hover\">Dire\u00e7\u00e3o: Marcos Magalh\u00e3es<\/span>\n                                          <span class=\"country on-hover\">Brasil<\/span>\n                                <span class=\"read-more btn-link on-hover uppercase\">\n              Saiba mais <i class=\"icon-arrow-right\"><\/i><\/span>\n                  <\/span>\n      <\/a>\n    <\/div>\n        <div class=\"movie-item  \">\n      <a href=\"https:\/\/cinebh.com.br\/2025\/filme\/milton-bituca-nascimento\/\">\n        <img loading=\"lazy\" decoding=\"async\" width=\"280\" height=\"432\" src=\"https:\/\/universoproducao.nyc3.digitaloceanspaces.com\/cinebh2025\/2025\/09\/poster-Bituca-Milton-Nascimento-280x432.png\" class=\"movie-img\" alt=\"\" \/>\n                <span class=\"movie-content\">\n          <span class=\"title\">Milton Bituca Nascimento<\/span>\n                      <span class=\"direction on-hover\">Dire\u00e7\u00e3o: Fl\u00e1via Moraes<\/span>\n                                          <span class=\"country on-hover\">SP \/ Brasil<\/span>\n                                <span class=\"read-more btn-link on-hover uppercase\">\n              Saiba mais <i class=\"icon-arrow-right\"><\/i><\/span>\n                  <\/span>\n      <\/a>\n    <\/div>\n        <div class=\"movie-item  \">\n      <a href=\"https:\/\/cinebh.com.br\/2025\/filme\/o-malabarista\/\">\n        <img loading=\"lazy\" decoding=\"async\" width=\"280\" height=\"432\" src=\"https:\/\/universoproducao.nyc3.digitaloceanspaces.com\/cinebh2025\/2025\/09\/Malabarista05-280x432.jpg\" class=\"movie-img\" alt=\"\" \/>\n                <span class=\"movie-content\">\n          <span class=\"title\">O Malabarista<\/span>\n                      <span class=\"direction on-hover\">Dire\u00e7\u00e3o: Iuri Moreno<\/span>\n                                          <span class=\"country on-hover\">Brasil<\/span>\n                                <span class=\"read-more btn-link on-hover uppercase\">\n              Saiba mais <i class=\"icon-arrow-right\"><\/i><\/span>\n                  <\/span>\n      <\/a>\n    <\/div>\n        <div class=\"movie-item  \">\n      <a href=\"https:\/\/cinebh.com.br\/2025\/filme\/plantae\/\">\n        <img loading=\"lazy\" decoding=\"async\" width=\"280\" height=\"432\" src=\"https:\/\/universoproducao.nyc3.digitaloceanspaces.com\/cinebh2025\/2025\/09\/PLANTAE_imagem6menor-280x432.jpg\" class=\"movie-img\" alt=\"\" \/>\n                <span class=\"movie-content\">\n          <span class=\"title\">Plantae<\/span>\n                      <span class=\"direction on-hover\">Dire\u00e7\u00e3o: Guilherme Gehr<\/span>\n                                          <span class=\"country on-hover\">Brasil<\/span>\n                                <span class=\"read-more btn-link on-hover uppercase\">\n              Saiba mais <i class=\"icon-arrow-right\"><\/i><\/span>\n                  <\/span>\n      <\/a>\n    <\/div>\n        <div class=\"movie-item  \">\n      <a href=\"https:\/\/cinebh.com.br\/2025\/filme\/ritas\/\">\n        <img loading=\"lazy\" decoding=\"async\" width=\"280\" height=\"432\" src=\"https:\/\/universoproducao.nyc3.digitaloceanspaces.com\/cinebh2025\/2025\/09\/RITAS_Cartaz-Bionica-Filmes-280x432.jpg\" class=\"movie-img\" alt=\"\" \/>\n                <span class=\"movie-content\">\n          <span class=\"title\">Ritas<\/span>\n                      <span class=\"direction on-hover\">Dire\u00e7\u00e3o: Oswaldo Santana | Codire\u00e7\u00e3o: Karen Harley<\/span>\n                                          <span class=\"country on-hover\">Brasil<\/span>\n                                <span class=\"read-more btn-link on-hover uppercase\">\n              Saiba mais <i class=\"icon-arrow-right\"><\/i><\/span>\n                  <\/span>\n      <\/a>\n    <\/div>\n                <\/div>\n          <\/div>\n                  <\/div>\n      <\/div>\n    <\/div>\n              <\/div>\n    ","protected":false},"excerpt":{"rendered":"<p>DAN\u00c7ANDO COM AS IMAGENS A Pra\u00e7a da Liberdade recebe o p\u00fablico da 19a CineBH em 2025 como palco de encontros, escuta e celebra\u00e7\u00e3o. Em espa\u00e7o aberto, com o cinema a [&hellip;]<\/p>\n","protected":false},"author":1,"featured_media":0,"parent":727,"menu_order":47,"comment_status":"closed","ping_status":"closed","template":"","meta":{"footnotes":""},"class_list":["post-1144","page","type-page","status-publish","hentry"],"acf":[],"_links":{"self":[{"href":"https:\/\/cinebh.com.br\/2025\/wp-json\/wp\/v2\/pages\/1144","targetHints":{"allow":["GET"]}}],"collection":[{"href":"https:\/\/cinebh.com.br\/2025\/wp-json\/wp\/v2\/pages"}],"about":[{"href":"https:\/\/cinebh.com.br\/2025\/wp-json\/wp\/v2\/types\/page"}],"author":[{"embeddable":true,"href":"https:\/\/cinebh.com.br\/2025\/wp-json\/wp\/v2\/users\/1"}],"replies":[{"embeddable":true,"href":"https:\/\/cinebh.com.br\/2025\/wp-json\/wp\/v2\/comments?post=1144"}],"version-history":[{"count":3,"href":"https:\/\/cinebh.com.br\/2025\/wp-json\/wp\/v2\/pages\/1144\/revisions"}],"predecessor-version":[{"id":1585,"href":"https:\/\/cinebh.com.br\/2025\/wp-json\/wp\/v2\/pages\/1144\/revisions\/1585"}],"up":[{"embeddable":true,"href":"https:\/\/cinebh.com.br\/2025\/wp-json\/wp\/v2\/pages\/727"}],"wp:attachment":[{"href":"https:\/\/cinebh.com.br\/2025\/wp-json\/wp\/v2\/media?parent=1144"}],"curies":[{"name":"wp","href":"https:\/\/api.w.org\/{rel}","templated":true}]}}