{"id":1152,"date":"2025-09-04T15:41:06","date_gmt":"2025-09-04T18:41:06","guid":{"rendered":"https:\/\/cinebh.com.br\/?page_id=1152"},"modified":"2025-09-15T10:49:58","modified_gmt":"2025-09-15T13:49:58","slug":"mostrinha","status":"publish","type":"page","link":"https:\/\/cinebh.com.br\/2025\/filmes\/mostrinha\/","title":{"rendered":"Mostrinha"},"content":{"rendered":"\n<h3 class=\"wp-block-heading\">LUZ, C\u00c2MERA, A\u00c7\u00c3O! <\/h3>\n\n\n\n<p>Na 19\u00aa Mostra CineBH, toda a fam\u00edlia tem programa\u00e7\u00e3o garantida com a realiza\u00e7\u00e3o da Mostrinha de Cinema. A Universo Produ\u00e7\u00e3o acredita que \u00e9 essencial inserir as fam\u00edlias no evento, investir na forma\u00e7\u00e3o de plateia e despertar nos espectadores jovens o esp\u00edrito cr\u00edtico, a imagina\u00e7\u00e3o e a emo\u00e7\u00e3o, elementos indispens\u00e1veis \u00e0 experi\u00eancia do cinema. <\/p>\n\n\n\n<p>Para encantar e agradar todas as idades, ser\u00e3o exibidos tr\u00eas curtasmetragens, al\u00e9m do especial Cine-Concerto Tela Sonora, que une m\u00fasica e cinema ao vivo. A divers\u00e3o continua antes das sess\u00f5es com o espet\u00e1culo do M\u00e1gico Roni Rodan e a participa\u00e7\u00e3o dos Palha\u00e7os Pitoco, Vareta e Sufoco, garantindo riso, encanto e intera\u00e7\u00e3o com a plateia. <\/p>\n\n\n\n<p>Desejamos a todos uma boa divers\u00e3o.<\/p>\n\n\n\n<p><\/p>\n\n\n\n    <div id=\"movie-block_68b9dd2111103\" class=\"movie-block\">\n                  <div data-slides-per-view=\"4\" id=\"block_68b9dd2111103\" class=\"movie expanded movie-block movie-list\">\n            <div class=\"container container-1216 flex-col\">\n        <div class=\"\">\n                    <div class=\" movie-items\">\n            <div class=\"movie-items-wrapper\">\n                  <div class=\"movie-item  \">\n      <a href=\"https:\/\/cinebh.com.br\/2025\/filme\/menino-gepeto\/\">\n        <img loading=\"lazy\" decoding=\"async\" width=\"280\" height=\"432\" src=\"https:\/\/universoproducao.nyc3.digitaloceanspaces.com\/cinebh2025\/2025\/08\/MENINO-GEPETO_cartaz-cinema-CINEOP-Rafael-Guimaraes-280x432.jpg\" class=\"movie-img\" alt=\"\" \/>\n                <span class=\"movie-content\">\n          <span class=\"title\">Menino Gepeto<\/span>\n                      <span class=\"direction on-hover\">Dire\u00e7\u00e3o: Cl\u00e1udio Constantino, Rafael Guimar\u00e3es<\/span>\n                                          <span class=\"country on-hover\">MG \/ Brasil<\/span>\n                                <span class=\"read-more btn-link on-hover uppercase\">\n              Saiba mais <i class=\"icon-arrow-right\"><\/i><\/span>\n                  <\/span>\n      <\/a>\n    <\/div>\n        <div class=\"movie-item  \">\n      <a href=\"https:\/\/cinebh.com.br\/2025\/filme\/sacis\/\">\n        <img loading=\"lazy\" decoding=\"async\" width=\"280\" height=\"432\" src=\"https:\/\/universoproducao.nyc3.digitaloceanspaces.com\/cinebh2025\/2025\/08\/SACIS_Cartaz_Sacis_A2_out23_page-0001-280x432.jpg\" class=\"movie-img\" alt=\"\" \/>\n                <span class=\"movie-content\">\n          <span class=\"title\">Sacis<\/span>\n                      <span class=\"direction on-hover\">Dire\u00e7\u00e3o: Bruno Bennec<\/span>\n                                          <span class=\"country on-hover\">MG \/ Brasil<\/span>\n                                <span class=\"read-more btn-link on-hover uppercase\">\n              Saiba mais <i class=\"icon-arrow-right\"><\/i><\/span>\n                  <\/span>\n      <\/a>\n    <\/div>\n        <div class=\"movie-item  \">\n      <a href=\"https:\/\/cinebh.com.br\/2025\/filme\/sobre-amizade-e-bicicletas\/\">\n        <img loading=\"lazy\" decoding=\"async\" width=\"280\" height=\"432\" src=\"https:\/\/universoproducao.nyc3.digitaloceanspaces.com\/cinebh2025\/2025\/09\/Cartaz_IMPRESSAO-Julia-Vidal-280x432.jpg\" class=\"movie-img\" alt=\"\" \/>\n                <span class=\"movie-content\">\n          <span class=\"title\">Sobre Amizade e Bicicletas<\/span>\n                      <span class=\"direction on-hover\">Dire\u00e7\u00e3o: Julia Vidal<\/span>\n                                          <span class=\"country on-hover\">Brasil<\/span>\n                                <span class=\"read-more btn-link on-hover uppercase\">\n              Saiba mais <i class=\"icon-arrow-right\"><\/i><\/span>\n                  <\/span>\n      <\/a>\n    <\/div>\n                <\/div>\n          <\/div>\n                  <\/div>\n      <\/div>\n    <\/div>\n              <\/div>\n    ","protected":false},"excerpt":{"rendered":"<p>LUZ, C\u00c2MERA, A\u00c7\u00c3O! Na 19\u00aa Mostra CineBH, toda a fam\u00edlia tem programa\u00e7\u00e3o garantida com a realiza\u00e7\u00e3o da Mostrinha de Cinema. A Universo Produ\u00e7\u00e3o acredita que \u00e9 essencial inserir as fam\u00edlias [&hellip;]<\/p>\n","protected":false},"author":1,"featured_media":0,"parent":727,"menu_order":40,"comment_status":"closed","ping_status":"closed","template":"","meta":{"footnotes":""},"class_list":["post-1152","page","type-page","status-publish","hentry"],"acf":[],"_links":{"self":[{"href":"https:\/\/cinebh.com.br\/2025\/wp-json\/wp\/v2\/pages\/1152","targetHints":{"allow":["GET"]}}],"collection":[{"href":"https:\/\/cinebh.com.br\/2025\/wp-json\/wp\/v2\/pages"}],"about":[{"href":"https:\/\/cinebh.com.br\/2025\/wp-json\/wp\/v2\/types\/page"}],"author":[{"embeddable":true,"href":"https:\/\/cinebh.com.br\/2025\/wp-json\/wp\/v2\/users\/1"}],"replies":[{"embeddable":true,"href":"https:\/\/cinebh.com.br\/2025\/wp-json\/wp\/v2\/comments?post=1152"}],"version-history":[{"count":3,"href":"https:\/\/cinebh.com.br\/2025\/wp-json\/wp\/v2\/pages\/1152\/revisions"}],"predecessor-version":[{"id":1590,"href":"https:\/\/cinebh.com.br\/2025\/wp-json\/wp\/v2\/pages\/1152\/revisions\/1590"}],"up":[{"embeddable":true,"href":"https:\/\/cinebh.com.br\/2025\/wp-json\/wp\/v2\/pages\/727"}],"wp:attachment":[{"href":"https:\/\/cinebh.com.br\/2025\/wp-json\/wp\/v2\/media?parent=1152"}],"curies":[{"name":"wp","href":"https:\/\/api.w.org\/{rel}","templated":true}]}}