{"id":1155,"date":"2025-09-04T16:32:58","date_gmt":"2025-09-04T19:32:58","guid":{"rendered":"https:\/\/cinebh.com.br\/?page_id=1155"},"modified":"2025-09-04T16:34:16","modified_gmt":"2025-09-04T19:34:16","slug":"formacao","status":"publish","type":"page","link":"https:\/\/cinebh.com.br\/2025\/formacao\/","title":{"rendered":"Forma\u00e7\u00e3o"},"content":{"rendered":"\n<h2 class=\"wp-block-heading\">Oficinas presenciais em Belo Horizonte<\/h2>\n\n\n<div class=\"expanded\"><div class=\"container container-1216\">\n    <div id=\"formation-block_68b9e9245c3f7\" class=\"formation-items\">\n                      <div class=\"formation-item\">\n\n            \n                          <figure>\n                <img loading=\"lazy\" decoding=\"async\" width=\"464\" height=\"464\" src=\"https:\/\/universoproducao.nyc3.digitaloceanspaces.com\/cinebh2025\/2025\/09\/Aurelio-de-Aragao.png\" class=\"attachment-block_workshop size-block_workshop\" alt=\"\" srcset=\"https:\/\/universoproducao.nyc3.digitaloceanspaces.com\/cinebh2025\/2025\/09\/Aurelio-de-Aragao.png 464w, https:\/\/universoproducao.nyc3.digitaloceanspaces.com\/cinebh2025\/2025\/09\/Aurelio-de-Aragao-300x300.png 300w, https:\/\/universoproducao.nyc3.digitaloceanspaces.com\/cinebh2025\/2025\/09\/Aurelio-de-Aragao-150x150.png 150w, https:\/\/universoproducao.nyc3.digitaloceanspaces.com\/cinebh2025\/2025\/09\/Aurelio-de-Aragao-230x230.png 230w, https:\/\/universoproducao.nyc3.digitaloceanspaces.com\/cinebh2025\/2025\/09\/Aurelio-de-Aragao-176x176.png 176w, https:\/\/universoproducao.nyc3.digitaloceanspaces.com\/cinebh2025\/2025\/09\/Aurelio-de-Aragao-460x460.png 460w\" sizes=\"auto, (max-width: 464px) 100vw, 464px\" \/>              <\/figure>\n            \n                          <div class=\"desc\">\n                                  <div class=\"tags\">\n                    <div class=\"tag\">Oficina<\/div>\n                  <\/div>\n                                <div class=\"title\">\n                  <h2 class=\"uppercase\">COMO ESCREVER ROTEIROS QUE CONECTAM<\/h2>\n                                      <div class=\"subtitle\"><p><strong>Aur\u00e9lio de Arag\u00e3o | RJ<\/strong><\/p>\n<\/div>\n                                  <\/div>\n\n\n                                  <div class=\"info\">\n                  <span class=\"date\"><i\n                    class=\"icon-mdi-calendar\"><\/i>25 a 27 de setembro &#8211; quinta a s\u00e1bado                    <\/span>                                                                          <span><i\n                        class=\"icon-clock\"><\/i>carga hor\u00e1ria: 12h<\/span>\n                                                        <span><i\n                        class=\"icon-user\"><\/i>vagas: 25<\/span>\n                                                        <span><i\n                        class=\"icon-user\"><\/i>faixa et\u00e1ria: a partir de 18 anos<\/span>\n                                  <\/div>\n                \n                                  <p class=\"excerpt\">\n                    Conte\u00fado program\u00e1tico A oficina O Roteiro e o Enigma da Identifica\u00e7\u00e3o: o Jogo das Emo\u00e7\u00f5es no Encontro entre Narrativa e Espectador oferece uma experi\u00eancia imersiva no campo de roteiros contempor\u00e2neos [&hellip;]                  <\/p>\n                \n\n                \n                                  <div class=\"cta\">\n                                          <a class=\"btn-red with-decorator black\" href=\"https:\/\/cinebh.com.br\/2025\/atividades\/como-escrever-roteiros-que-conectam\/\">\n                        Saiba mais<\/a>\n                                                              <a target=\"_blank\"\n                         class=\"btn-dark with-decorator red\"\n                         href=\"https:\/\/universoproducao.com.br\/inscricoes\">\n                        Inscreva-se                      <\/a>\n                                      <\/div>\n                              <\/div>\n                      <\/div>\n                  <div class=\"formation-item\">\n\n            \n                          <figure>\n                <img loading=\"lazy\" decoding=\"async\" width=\"464\" height=\"464\" src=\"https:\/\/universoproducao.nyc3.digitaloceanspaces.com\/cinebh2025\/2025\/09\/Ze-Brandao-464.png\" class=\"attachment-block_workshop size-block_workshop\" alt=\"\" srcset=\"https:\/\/universoproducao.nyc3.digitaloceanspaces.com\/cinebh2025\/2025\/09\/Ze-Brandao-464.png 464w, https:\/\/universoproducao.nyc3.digitaloceanspaces.com\/cinebh2025\/2025\/09\/Ze-Brandao-464-300x300.png 300w, https:\/\/universoproducao.nyc3.digitaloceanspaces.com\/cinebh2025\/2025\/09\/Ze-Brandao-464-150x150.png 150w, https:\/\/universoproducao.nyc3.digitaloceanspaces.com\/cinebh2025\/2025\/09\/Ze-Brandao-464-230x230.png 230w, https:\/\/universoproducao.nyc3.digitaloceanspaces.com\/cinebh2025\/2025\/09\/Ze-Brandao-464-176x176.png 176w, https:\/\/universoproducao.nyc3.digitaloceanspaces.com\/cinebh2025\/2025\/09\/Ze-Brandao-464-460x460.png 460w\" sizes=\"auto, (max-width: 464px) 100vw, 464px\" \/>              <\/figure>\n            \n                          <div class=\"desc\">\n                                  <div class=\"tags\">\n                    <div class=\"tag\">Oficina<\/div>\n                  <\/div>\n                                <div class=\"title\">\n                  <h2 class=\"uppercase\">ANIMA\u00c7\u00c3O EM 60 PASSOS<\/h2>\n                                      <div class=\"subtitle\"><p><strong>Z\u00e9 Brand\u00e3o | RJ<\/strong><\/p>\n<\/div>\n                                  <\/div>\n\n\n                                  <div class=\"info\">\n                  <span class=\"date\"><i\n                    class=\"icon-mdi-calendar\"><\/i>25 a 27 de setembro &#8211; quinta a s\u00e1bado                    <\/span>                                                                          <span><i\n                        class=\"icon-clock\"><\/i>carga hor\u00e1ria: 12h<\/span>\n                                                        <span><i\n                        class=\"icon-user\"><\/i>vagas: 25<\/span>\n                                                        <span><i\n                        class=\"icon-user\"><\/i>faixa et\u00e1ria: a partir de 18 anos<\/span>\n                                  <\/div>\n                \n                                  <p class=\"excerpt\">\n                    Conte\u00fado program\u00e1tico Dia 1 &#8211; Descreve e explica resumidamente todos os passos para produzir uma anima\u00e7\u00e3o, da ideia \u00e0 estr\u00e9ia. Um panorama geral de tudo que \u00e9 necess\u00e1rio para colocar [&hellip;]                  <\/p>\n                \n\n                \n                                  <div class=\"cta\">\n                                          <a class=\"btn-red with-decorator black\" href=\"https:\/\/cinebh.com.br\/2025\/atividades\/animacao-em-60-passos\/\">\n                        Saiba mais<\/a>\n                                                              <a target=\"_blank\"\n                         class=\"btn-dark with-decorator red\"\n                         href=\"https:\/\/universoproducao.com.br\/inscricoes\">\n                        Inscreva-se                      <\/a>\n                                      <\/div>\n                              <\/div>\n                      <\/div>\n            <\/div>\n    <\/div><\/div>\n\n\n<div style=\"height:49px\" aria-hidden=\"true\" class=\"wp-block-spacer\"><\/div>\n\n\n\n<h2 class=\"wp-block-heading\">Labs presenciais em Belo Horizonte<\/h2>\n\n\n<div class=\"expanded\"><div class=\"container container-1216\">\n    <div id=\"formation-block_68b9e9465c3f8\" class=\"formation-items\">\n                      <div class=\"formation-item\">\n\n            \n                          <figure>\n                <img loading=\"lazy\" decoding=\"async\" width=\"464\" height=\"464\" src=\"https:\/\/universoproducao.nyc3.digitaloceanspaces.com\/cinebh2025\/2025\/09\/Di-Moretti-464-1.png\" class=\"attachment-block_workshop size-block_workshop\" alt=\"\" srcset=\"https:\/\/universoproducao.nyc3.digitaloceanspaces.com\/cinebh2025\/2025\/09\/Di-Moretti-464-1.png 464w, https:\/\/universoproducao.nyc3.digitaloceanspaces.com\/cinebh2025\/2025\/09\/Di-Moretti-464-1-300x300.png 300w, https:\/\/universoproducao.nyc3.digitaloceanspaces.com\/cinebh2025\/2025\/09\/Di-Moretti-464-1-150x150.png 150w, https:\/\/universoproducao.nyc3.digitaloceanspaces.com\/cinebh2025\/2025\/09\/Di-Moretti-464-1-230x230.png 230w, https:\/\/universoproducao.nyc3.digitaloceanspaces.com\/cinebh2025\/2025\/09\/Di-Moretti-464-1-176x176.png 176w, https:\/\/universoproducao.nyc3.digitaloceanspaces.com\/cinebh2025\/2025\/09\/Di-Moretti-464-1-460x460.png 460w\" sizes=\"auto, (max-width: 464px) 100vw, 464px\" \/>              <\/figure>\n            \n                          <div class=\"desc\">\n                                  <div class=\"tags\">\n                    <div class=\"tag\">LAB<\/div>\n                  <\/div>\n                                <div class=\"title\">\n                  <h2 class=\"uppercase\">LAB DE ROTEIRO: DRAMA COMO NARRATIVA<\/h2>\n                                      <div class=\"subtitle\"><p><strong>Di Moretti | SP<\/strong><\/p>\n<\/div>\n                                  <\/div>\n\n\n                                  <div class=\"info\">\n                  <span class=\"date\"><i\n                    class=\"icon-mdi-calendar\"><\/i>24 a 27 de setembro &#8211; quarta a s\u00e1bado                    <\/span>                                                                          <span><i\n                        class=\"icon-clock\"><\/i>carga hor\u00e1ria: 12h<\/span>\n                                                        <span><i\n                        class=\"icon-user\"><\/i>vagas: 30<\/span>\n                                                        <span><i\n                        class=\"icon-user\"><\/i>faixa et\u00e1ria: a partir de 18 anos<\/span>\n                                  <\/div>\n                \n                                  <p class=\"excerpt\">\n                    Oficina te\u00f3rica e pr\u00e1tica, que analisa e esmi\u00fa\u00e7a a constru\u00e7\u00e3o de um roteiro de fic\u00e7\u00e3o, do g\u00eanero drama, para uma obra de audiovisual. Conte\u00fado program\u00e1tico Dia 1&nbsp; \u2013 ROTEIRISTA &amp; [&hellip;]                  <\/p>\n                \n\n                \n                                  <div class=\"cta\">\n                                          <a class=\"btn-red with-decorator black\" href=\"https:\/\/cinebh.com.br\/2025\/atividades\/drama-como-narrativa\/\">\n                        Saiba mais<\/a>\n                                                              <a target=\"_blank\"\n                         class=\"btn-dark with-decorator red\"\n                         href=\"https:\/\/universoproducao.com.br\/inscricoes\">\n                        Inscreva-se                      <\/a>\n                                      <\/div>\n                              <\/div>\n                      <\/div>\n                  <div class=\"formation-item\">\n\n            \n                          <figure>\n                <img loading=\"lazy\" decoding=\"async\" width=\"464\" height=\"464\" src=\"https:\/\/universoproducao.nyc3.digitaloceanspaces.com\/cinebh2025\/2025\/09\/fABIANO-464.png\" class=\"attachment-block_workshop size-block_workshop\" alt=\"\" srcset=\"https:\/\/universoproducao.nyc3.digitaloceanspaces.com\/cinebh2025\/2025\/09\/fABIANO-464.png 464w, https:\/\/universoproducao.nyc3.digitaloceanspaces.com\/cinebh2025\/2025\/09\/fABIANO-464-300x300.png 300w, https:\/\/universoproducao.nyc3.digitaloceanspaces.com\/cinebh2025\/2025\/09\/fABIANO-464-150x150.png 150w, https:\/\/universoproducao.nyc3.digitaloceanspaces.com\/cinebh2025\/2025\/09\/fABIANO-464-230x230.png 230w, https:\/\/universoproducao.nyc3.digitaloceanspaces.com\/cinebh2025\/2025\/09\/fABIANO-464-176x176.png 176w, https:\/\/universoproducao.nyc3.digitaloceanspaces.com\/cinebh2025\/2025\/09\/fABIANO-464-460x460.png 460w\" sizes=\"auto, (max-width: 464px) 100vw, 464px\" \/>              <\/figure>\n            \n                          <div class=\"desc\">\n                                  <div class=\"tags\">\n                    <div class=\"tag\">LAB<\/div>\n                  <\/div>\n                                <div class=\"title\">\n                  <h2 class=\"uppercase\">LAB DE ROTEIRO: A CIDADE COMO PERSONAGEM DO SEU FILME<\/h2>\n                                      <div class=\"subtitle\"><p><strong>Fabiano Maciel | SP<\/strong><\/p>\n<\/div>\n                                  <\/div>\n\n\n                                  <div class=\"info\">\n                  <span class=\"date\"><i\n                    class=\"icon-mdi-calendar\"><\/i>24 a 27 de setembro &#8211; quarta a s\u00e1bado                    <\/span>                                                                          <span><i\n                        class=\"icon-clock\"><\/i>carga hor\u00e1ria: 12h<\/span>\n                                                        <span><i\n                        class=\"icon-user\"><\/i>vagas: 30<\/span>\n                                                        <span><i\n                        class=\"icon-user\"><\/i>faixa et\u00e1ria: a partir de 18 anos<\/span>\n                                  <\/div>\n                \n                                  <p class=\"excerpt\">\n                    Como utilizar a paisagem, o espa\u00e7o urbano e a arquitetura da cidade para elaborar seu roteiro de fic\u00e7\u00e3o. Conte\u00fado program\u00e1tico Dia 1 \u2013 Uma aula sobre a rela\u00e7\u00e3o do cinema [&hellip;]                  <\/p>\n                \n\n                \n                                  <div class=\"cta\">\n                                          <a class=\"btn-red with-decorator black\" href=\"https:\/\/cinebh.com.br\/2025\/atividades\/a-cidade-como-personagem-do-seu-filme\/\">\n                        Saiba mais<\/a>\n                                                              <a target=\"_blank\"\n                         class=\"btn-dark with-decorator red\"\n                         href=\"https:\/\/universoproducao.com.br\/inscricoes\">\n                        Inscreva-se                      <\/a>\n                                      <\/div>\n                              <\/div>\n                      <\/div>\n                  <div class=\"formation-item\">\n\n            \n                          <figure>\n                <img loading=\"lazy\" decoding=\"async\" width=\"464\" height=\"464\" src=\"https:\/\/universoproducao.nyc3.digitaloceanspaces.com\/cinebh2025\/2025\/09\/Aleksei-Abib.png\" class=\"attachment-block_workshop size-block_workshop\" alt=\"\" srcset=\"https:\/\/universoproducao.nyc3.digitaloceanspaces.com\/cinebh2025\/2025\/09\/Aleksei-Abib.png 464w, https:\/\/universoproducao.nyc3.digitaloceanspaces.com\/cinebh2025\/2025\/09\/Aleksei-Abib-300x300.png 300w, https:\/\/universoproducao.nyc3.digitaloceanspaces.com\/cinebh2025\/2025\/09\/Aleksei-Abib-150x150.png 150w, https:\/\/universoproducao.nyc3.digitaloceanspaces.com\/cinebh2025\/2025\/09\/Aleksei-Abib-230x230.png 230w, https:\/\/universoproducao.nyc3.digitaloceanspaces.com\/cinebh2025\/2025\/09\/Aleksei-Abib-176x176.png 176w, https:\/\/universoproducao.nyc3.digitaloceanspaces.com\/cinebh2025\/2025\/09\/Aleksei-Abib-460x460.png 460w\" sizes=\"auto, (max-width: 464px) 100vw, 464px\" \/>              <\/figure>\n            \n                          <div class=\"desc\">\n                                  <div class=\"tags\">\n                    <div class=\"tag\">LAB<\/div>\n                  <\/div>\n                                <div class=\"title\">\n                  <h2 class=\"uppercase\">LAB DE ROTEIRO: DNA DO CRIME<\/h2>\n                                      <div class=\"subtitle\"><p><strong>Aleksei Abib | SP<\/strong><\/p>\n<\/div>\n                                  <\/div>\n\n\n                                  <div class=\"info\">\n                  <span class=\"date\"><i\n                    class=\"icon-mdi-calendar\"><\/i>24 a 27 de setembro &#8211; quarta a s\u00e1bado                    <\/span>                                                                          <span><i\n                        class=\"icon-clock\"><\/i>carga hor\u00e1ria: 12h<\/span>\n                                                        <span><i\n                        class=\"icon-user\"><\/i>vagas: 25<\/span>\n                                                        <span><i\n                        class=\"icon-user\"><\/i>faixa et\u00e1ria: a partir de 18 anos<\/span>\n                                  <\/div>\n                \n                                  <p class=\"excerpt\">\n                    Durante os quatro dias da Oficina, os participantes v\u00e3o entender as principais regras e c\u00f3digos do g\u00eanero mais procurado pelos streamings, e o preferido dos brasileiros: crime (ou, como se [&hellip;]                  <\/p>\n                \n\n                \n                                  <div class=\"cta\">\n                                          <a class=\"btn-red with-decorator black\" href=\"https:\/\/cinebh.com.br\/2025\/atividades\/dna-do-crime\/\">\n                        Saiba mais<\/a>\n                                                              <a target=\"_blank\"\n                         class=\"btn-dark with-decorator red\"\n                         href=\"https:\/\/universoproducao.com.br\/inscricoes\">\n                        Inscreva-se                      <\/a>\n                                      <\/div>\n                              <\/div>\n                      <\/div>\n            <\/div>\n    <\/div><\/div>\n\n\n<div style=\"height:57px\" aria-hidden=\"true\" class=\"wp-block-spacer\"><\/div>\n\n\n\n<h2 class=\"wp-block-heading\">Oficina Online<\/h2>\n\n\n<div class=\"expanded\"><div class=\"container container-1216\">\n    <div id=\"formation-block_68b9e9595c3f9\" class=\"formation-items\">\n                      <div class=\"formation-item\">\n\n            \n                          <figure>\n                <img loading=\"lazy\" decoding=\"async\" width=\"464\" height=\"464\" src=\"https:\/\/universoproducao.nyc3.digitaloceanspaces.com\/cinebh2025\/2025\/09\/Juliano-Gomes-464.png\" class=\"attachment-block_workshop size-block_workshop\" alt=\"\" srcset=\"https:\/\/universoproducao.nyc3.digitaloceanspaces.com\/cinebh2025\/2025\/09\/Juliano-Gomes-464.png 464w, https:\/\/universoproducao.nyc3.digitaloceanspaces.com\/cinebh2025\/2025\/09\/Juliano-Gomes-464-300x300.png 300w, https:\/\/universoproducao.nyc3.digitaloceanspaces.com\/cinebh2025\/2025\/09\/Juliano-Gomes-464-150x150.png 150w, https:\/\/universoproducao.nyc3.digitaloceanspaces.com\/cinebh2025\/2025\/09\/Juliano-Gomes-464-230x230.png 230w, https:\/\/universoproducao.nyc3.digitaloceanspaces.com\/cinebh2025\/2025\/09\/Juliano-Gomes-464-176x176.png 176w, https:\/\/universoproducao.nyc3.digitaloceanspaces.com\/cinebh2025\/2025\/09\/Juliano-Gomes-464-460x460.png 460w\" sizes=\"auto, (max-width: 464px) 100vw, 464px\" \/>              <\/figure>\n            \n                          <div class=\"desc\">\n                                  <div class=\"tags\">\n                    <div class=\"tag\">Sele\u00e7\u00e3o J\u00fari Jovem 29\u00aa Mostra de Tiradentes; Oficina Online<\/div>\n                  <\/div>\n                                <div class=\"title\">\n                  <h2 class=\"uppercase\">AN\u00c1LISE DE ESTILOS CINEMATOGR\u00c1FICOS<\/h2>\n                                      <div class=\"subtitle\"><p><strong>Juliano Gomes | SP<\/strong><\/p>\n<\/div>\n                                  <\/div>\n\n\n                                  <div class=\"info\">\n                  <span class=\"date\"><i\n                    class=\"icon-mdi-calendar\"><\/i>23 a 26 de setembro &#8211; ter\u00e7a a sexta                    <\/span>                                                                          <span><i\n                        class=\"icon-clock\"><\/i>carga hor\u00e1ria: 12h<\/span>\n                                                        <span><i\n                        class=\"icon-user\"><\/i>vagas: 25<\/span>\n                                                        <span><i\n                        class=\"icon-user\"><\/i>faixa et\u00e1ria: 18 a 25 anos<\/span>\n                                  <\/div>\n                \n                                  <p class=\"excerpt\">\n                    *Esta oficina ser\u00e1 realizada online. Desenvolver an\u00e1lise cr\u00edtica e est\u00e9tica de filmes brasileiros contempor\u00e2neos e selecionar os cinco integrantes do J\u00fari Jovem que atuar\u00e3o na 29\u00aa Mostra de Cinema de [&hellip;]                  <\/p>\n                \n\n                                  <p><i>OFICINA ONLINE<\/i><\/p>\n                \n                                  <div class=\"cta\">\n                                          <a class=\"btn-red with-decorator black\" href=\"https:\/\/cinebh.com.br\/2025\/atividades\/analise-de-estilos-cinematograficos\/\">\n                        Saiba mais<\/a>\n                                                              <a target=\"_blank\"\n                         class=\"btn-dark with-decorator red\"\n                         href=\"https:\/\/universoproducao.com.br\/inscricoes\">\n                        Inscreva-se                      <\/a>\n                                      <\/div>\n                              <\/div>\n                      <\/div>\n            <\/div>\n    <\/div><\/div>\n\n\n<div style=\"height:49px\" aria-hidden=\"true\" class=\"wp-block-spacer\"><\/div>\n","protected":false},"excerpt":{"rendered":"<p>Oficinas presenciais em Belo Horizonte Labs presenciais em Belo Horizonte Oficina Online<\/p>\n","protected":false},"author":1,"featured_media":0,"parent":0,"menu_order":20,"comment_status":"closed","ping_status":"closed","template":"","meta":{"footnotes":""},"class_list":["post-1155","page","type-page","status-publish","hentry"],"acf":[],"_links":{"self":[{"href":"https:\/\/cinebh.com.br\/2025\/wp-json\/wp\/v2\/pages\/1155","targetHints":{"allow":["GET"]}}],"collection":[{"href":"https:\/\/cinebh.com.br\/2025\/wp-json\/wp\/v2\/pages"}],"about":[{"href":"https:\/\/cinebh.com.br\/2025\/wp-json\/wp\/v2\/types\/page"}],"author":[{"embeddable":true,"href":"https:\/\/cinebh.com.br\/2025\/wp-json\/wp\/v2\/users\/1"}],"replies":[{"embeddable":true,"href":"https:\/\/cinebh.com.br\/2025\/wp-json\/wp\/v2\/comments?post=1155"}],"version-history":[{"count":2,"href":"https:\/\/cinebh.com.br\/2025\/wp-json\/wp\/v2\/pages\/1155\/revisions"}],"predecessor-version":[{"id":1157,"href":"https:\/\/cinebh.com.br\/2025\/wp-json\/wp\/v2\/pages\/1155\/revisions\/1157"}],"wp:attachment":[{"href":"https:\/\/cinebh.com.br\/2025\/wp-json\/wp\/v2\/media?parent=1155"}],"curies":[{"name":"wp","href":"https:\/\/api.w.org\/{rel}","templated":true}]}}