{"id":1316,"date":"2025-09-08T19:12:26","date_gmt":"2025-09-08T22:12:26","guid":{"rendered":"https:\/\/cinebh.com.br\/?page_id=1316"},"modified":"2025-09-22T23:40:05","modified_gmt":"2025-09-23T02:40:05","slug":"programacao","status":"publish","type":"page","link":"https:\/\/cinebh.com.br\/2025\/programacao\/","title":{"rendered":"Programa\u00e7\u00e3o"},"content":{"rendered":"\n<p><strong>Toda a programa\u00e7\u00e3o \u00e9 oferecida gratuitamente ao p\u00fablico.&nbsp;<\/strong><\/p>\n\n\n\n<p><strong>Retirada de ingressos nas bilheterias dos cinemas 60 minutos antes de cada sess\u00e3o. Sujeito \u00e0 lota\u00e7\u00e3o de cada espa\u00e7o.<\/strong><\/p>\n\n\n\n<div style=\"height:69px\" aria-hidden=\"true\" class=\"wp-block-spacer\"><\/div>\n\n\n\n<div data-wp-interactive=\"core\/file\" class=\"wp-block-file\"><object data-wp-bind--hidden=\"!state.hasPdfPreview\" hidden class=\"wp-block-file__embed\" data=\"https:\/\/cinebh.com.br\/wp-content\/uploads\/2025\/09\/19CINEBH_FolderProgramacao_11x15cm_WEB_21-09.pdf\" type=\"application\/pdf\" style=\"width:100%;height:600px\" aria-label=\"Incorporado de 19CINEBH_FolderProgramacao_11x15cm_WEB_21-09.\"><\/object><a id=\"wp-block-file--media-350981a7-316f-49e6-93bb-3a95b3225db2\" href=\"https:\/\/cinebh.com.br\/wp-content\/uploads\/2025\/09\/19CINEBH_FolderProgramacao_11x15cm_WEB_21-09.pdf\">19CINEBH_FolderProgramacao_11x15cm_WEB_21-09<\/a><a href=\"https:\/\/cinebh.com.br\/wp-content\/uploads\/2025\/09\/19CINEBH_FolderProgramacao_11x15cm_WEB_21-09.pdf\" class=\"wp-block-file__button wp-element-button\" download aria-describedby=\"wp-block-file--media-350981a7-316f-49e6-93bb-3a95b3225db2\">Baixar<\/a><\/div>\n\n\n\n<div style=\"height:100px\" aria-hidden=\"true\" class=\"wp-block-spacer\"><\/div>\n","protected":false},"excerpt":{"rendered":"<p>Toda a programa\u00e7\u00e3o \u00e9 oferecida gratuitamente ao p\u00fablico.&nbsp; Retirada de ingressos nas bilheterias dos cinemas 60 minutos antes de cada sess\u00e3o. Sujeito \u00e0 lota\u00e7\u00e3o de cada espa\u00e7o.<\/p>\n","protected":false},"author":1,"featured_media":0,"parent":0,"menu_order":15,"comment_status":"closed","ping_status":"closed","template":"page-prog.php","meta":{"footnotes":""},"class_list":["post-1316","page","type-page","status-publish","hentry"],"acf":[],"_links":{"self":[{"href":"https:\/\/cinebh.com.br\/2025\/wp-json\/wp\/v2\/pages\/1316","targetHints":{"allow":["GET"]}}],"collection":[{"href":"https:\/\/cinebh.com.br\/2025\/wp-json\/wp\/v2\/pages"}],"about":[{"href":"https:\/\/cinebh.com.br\/2025\/wp-json\/wp\/v2\/types\/page"}],"author":[{"embeddable":true,"href":"https:\/\/cinebh.com.br\/2025\/wp-json\/wp\/v2\/users\/1"}],"replies":[{"embeddable":true,"href":"https:\/\/cinebh.com.br\/2025\/wp-json\/wp\/v2\/comments?post=1316"}],"version-history":[{"count":10,"href":"https:\/\/cinebh.com.br\/2025\/wp-json\/wp\/v2\/pages\/1316\/revisions"}],"predecessor-version":[{"id":3033,"href":"https:\/\/cinebh.com.br\/2025\/wp-json\/wp\/v2\/pages\/1316\/revisions\/3033"}],"wp:attachment":[{"href":"https:\/\/cinebh.com.br\/2025\/wp-json\/wp\/v2\/media?parent=1316"}],"curies":[{"name":"wp","href":"https:\/\/api.w.org\/{rel}","templated":true}]}}