{"id":1506,"date":"2025-09-11T16:51:06","date_gmt":"2025-09-11T19:51:06","guid":{"rendered":"https:\/\/cinebh.com.br\/?page_id=1506"},"modified":"2025-09-28T23:30:57","modified_gmt":"2025-09-29T02:30:57","slug":"releases","status":"publish","type":"page","link":"https:\/\/cinebh.com.br\/2025\/comunicacao\/releases\/","title":{"rendered":"Releases"},"content":{"rendered":"\n<div class=\"wp-block-file\"><a id=\"wp-block-file--media-0b2cedfc-80f2-4531-9e1c-eeb4421faff4\" href=\"https:\/\/cinebh.com.br\/wp-content\/uploads\/2025\/09\/CineBH-2025-release-premiacao.docx\">CineBH 2025 release premia\u00e7\u00e3o<\/a><a href=\"https:\/\/cinebh.com.br\/wp-content\/uploads\/2025\/09\/CineBH-2025-release-premiacao.docx\" class=\"wp-block-file__button wp-element-button\" download aria-describedby=\"wp-block-file--media-0b2cedfc-80f2-4531-9e1c-eeb4421faff4\">Baixar<\/a><\/div>\n\n\n\n<div class=\"wp-block-file\"><a id=\"wp-block-file--media-5a089d73-271d-4521-8213-794cc5261882\" href=\"https:\/\/cinebh.com.br\/wp-content\/uploads\/2025\/09\/Nota-03-Release_19a-CineBH-e-IC-Play_2025.docx\">Nota 03 &#8211; Release_19\u00aa CineBH e IC Play_2025<\/a><a href=\"https:\/\/cinebh.com.br\/wp-content\/uploads\/2025\/09\/Nota-03-Release_19a-CineBH-e-IC-Play_2025.docx\" class=\"wp-block-file__button wp-element-button\" download aria-describedby=\"wp-block-file--media-5a089d73-271d-4521-8213-794cc5261882\">Baixar<\/a><\/div>\n\n\n\n<div class=\"wp-block-file\"><a id=\"wp-block-file--media-00af4ccf-e27c-4699-adbc-bf69f734c2a9\" href=\"https:\/\/cinebh.com.br\/wp-content\/uploads\/2025\/09\/Nota-02-Vencedores-da-Mostra-Territorio-e-do-16o-Brasil-CineMundi-serao-anunciados-neste-domingo.docx\">Nota 02 &#8211; Vencedores da Mostra Territ\u00f3rio e do 16\u00ba Brasil CineMundi ser\u00e3o anunciados neste domingo<\/a><a href=\"https:\/\/cinebh.com.br\/wp-content\/uploads\/2025\/09\/Nota-02-Vencedores-da-Mostra-Territorio-e-do-16o-Brasil-CineMundi-serao-anunciados-neste-domingo.docx\" class=\"wp-block-file__button wp-element-button\" download aria-describedby=\"wp-block-file--media-00af4ccf-e27c-4699-adbc-bf69f734c2a9\">Baixar<\/a><\/div>\n\n\n\n<div class=\"wp-block-file\"><a id=\"wp-block-file--media-1cffd8e7-45d9-4f24-bfc3-8957952b5321\" href=\"https:\/\/cinebh.com.br\/wp-content\/uploads\/2025\/09\/Nota-01-19a-CineBH_release_balanco.docx\">Nota 01 &#8211; 19a CineBH_release_balan\u00e7o<\/a><a href=\"https:\/\/cinebh.com.br\/wp-content\/uploads\/2025\/09\/Nota-01-19a-CineBH_release_balanco.docx\" class=\"wp-block-file__button wp-element-button\" download aria-describedby=\"wp-block-file--media-1cffd8e7-45d9-4f24-bfc3-8957952b5321\">Baixar<\/a><\/div>\n\n\n\n<div class=\"wp-block-file\"><a id=\"wp-block-file--media-1a59e013-aa76-4251-8b0e-8b184b2acf91\" href=\"https:\/\/cinebh.com.br\/wp-content\/uploads\/2025\/09\/NOTA-01-MOSTRINHA-DE-CINEMA-OFERECE-PROGRAMACAO-PARA-TODA-A-FAMILIA-NO-FIM-DE-SEMANA.docx\">NOTA 01 &#8211; MOSTRINHA DE CINEMA OFERECE PROGRAMAC\u0327A\u0303O PARA TODA A FAMI\u0301LIA NO FIM DE SEMANA<\/a><a href=\"https:\/\/cinebh.com.br\/wp-content\/uploads\/2025\/09\/NOTA-01-MOSTRINHA-DE-CINEMA-OFERECE-PROGRAMACAO-PARA-TODA-A-FAMILIA-NO-FIM-DE-SEMANA.docx\" class=\"wp-block-file__button wp-element-button\" download aria-describedby=\"wp-block-file--media-1a59e013-aa76-4251-8b0e-8b184b2acf91\">Baixar<\/a><\/div>\n\n\n\n<div class=\"wp-block-file\"><a id=\"wp-block-file--media-ed34c86d-e11a-4938-822b-8cb3fac979d1\" href=\"https:\/\/cinebh.com.br\/wp-content\/uploads\/2025\/09\/NOTA-02-CINEBH-CHEGA-ATE-O-PUBLICO-TAMBEM-EM-AMBIENTE-DIGITAL.docx\">NOTA 02 &#8211; CINEBH CHEGA ATE\u0301 O PU\u0301BLICO TAMBE\u0301M EM AMBIENTE DIGITAL<\/a><a href=\"https:\/\/cinebh.com.br\/wp-content\/uploads\/2025\/09\/NOTA-02-CINEBH-CHEGA-ATE-O-PUBLICO-TAMBEM-EM-AMBIENTE-DIGITAL.docx\" class=\"wp-block-file__button wp-element-button\" download aria-describedby=\"wp-block-file--media-ed34c86d-e11a-4938-822b-8cb3fac979d1\">Baixar<\/a><\/div>\n\n\n\n<div class=\"wp-block-file\"><a id=\"wp-block-file--media-d463aa1c-10a1-45b6-ad7b-1884a454dd0e\" href=\"https:\/\/cinebh.com.br\/wp-content\/uploads\/2025\/09\/NOTA-03-CATALOGO-DA-BH-FILM-COMISSION-E-LANCADO-NA-CINEBH-E-REFORCA-CULTURA-COMO-SETOR-ECONOMICO-ESTRATEGICO-.docx\">NOTA 03 &#8211; CATA\u0301LOGO DA BH FILM COMISSION E\u0301 LANC\u0327ADO NA CINEBH E REFORC\u0327A CULTURA COMO SETOR ECONO\u0302MICO ESTRATE\u0301GICO<\/a><a href=\"https:\/\/cinebh.com.br\/wp-content\/uploads\/2025\/09\/NOTA-03-CATALOGO-DA-BH-FILM-COMISSION-E-LANCADO-NA-CINEBH-E-REFORCA-CULTURA-COMO-SETOR-ECONOMICO-ESTRATEGICO-.docx\" class=\"wp-block-file__button wp-element-button\" download aria-describedby=\"wp-block-file--media-d463aa1c-10a1-45b6-ad7b-1884a454dd0e\">Baixar<\/a><\/div>\n\n\n\n<div class=\"wp-block-file\"><a id=\"wp-block-file--media-00408e69-cbca-483d-b04d-a467f1f0d9e9\" href=\"https:\/\/cinebh.com.br\/wp-content\/uploads\/2025\/09\/NOTA-04-CURADORIA-DEFENDE-CINEMA-LATINO-QUE-BUSCA-LIBERDADE-EM-MEIO-A-EXPECTATIVAS-EXTERNAS-.docx\">NOTA 04 &#8211; CURADORIA DEFENDE CINEMA LATINO QUE BUSCA LIBERDADE EM MEIO A EXPECTATIVAS EXTERNAS<\/a><a href=\"https:\/\/cinebh.com.br\/wp-content\/uploads\/2025\/09\/NOTA-04-CURADORIA-DEFENDE-CINEMA-LATINO-QUE-BUSCA-LIBERDADE-EM-MEIO-A-EXPECTATIVAS-EXTERNAS-.docx\" class=\"wp-block-file__button wp-element-button\" download aria-describedby=\"wp-block-file--media-00408e69-cbca-483d-b04d-a467f1f0d9e9\">Baixar<\/a><\/div>\n\n\n\n<div class=\"wp-block-file\"><a id=\"wp-block-file--media-aa7f240a-8b8f-4f63-9be0-ec78be3fc711\" href=\"https:\/\/cinebh.com.br\/wp-content\/uploads\/2025\/09\/Nota-01-DE-BITUCA-A-ASSALTO-A-BRASILEIRA_-O-QUE-VER-NA-CINEBH-NO-FIM-DE-SEMANA.docx\">Nota 01 &#8211; DE \u201cBITUCA\u201d A \u201cASSALTO A\u0300 BRASILEIRA\u201d_ O QUE VER NA CINEBH NO FIM DE SEMANA<\/a><a href=\"https:\/\/cinebh.com.br\/wp-content\/uploads\/2025\/09\/Nota-01-DE-BITUCA-A-ASSALTO-A-BRASILEIRA_-O-QUE-VER-NA-CINEBH-NO-FIM-DE-SEMANA.docx\" class=\"wp-block-file__button wp-element-button\" download aria-describedby=\"wp-block-file--media-aa7f240a-8b8f-4f63-9be0-ec78be3fc711\">Baixar<\/a><\/div>\n\n\n\n<div class=\"wp-block-file\"><a id=\"wp-block-file--media-81e1bdf0-8f94-4f2d-bc3d-d967a258646a\" href=\"https:\/\/cinebh.com.br\/wp-content\/uploads\/2025\/09\/Nota-02-FORMACAO-AUDIOVISUAL-DA-CINEBH-REUNE-TALENTOS-EM-OFICINAS-E-LABS.docx\">Nota 02 &#8211; FORMAC\u0327A\u0303O AUDIOVISUAL DA CINEBH REU\u0301NE TALENTOS EM OFICINAS E LABS<\/a><a href=\"https:\/\/cinebh.com.br\/wp-content\/uploads\/2025\/09\/Nota-02-FORMACAO-AUDIOVISUAL-DA-CINEBH-REUNE-TALENTOS-EM-OFICINAS-E-LABS.docx\" class=\"wp-block-file__button wp-element-button\" download aria-describedby=\"wp-block-file--media-81e1bdf0-8f94-4f2d-bc3d-d967a258646a\">Baixar<\/a><\/div>\n\n\n\n<div class=\"wp-block-file\"><a id=\"wp-block-file--media-18340655-f0ba-462b-9eac-816f066ffc70\" href=\"https:\/\/cinebh.com.br\/wp-content\/uploads\/2025\/09\/Nota-03-BRASIL-CINEMUNDI-CONECTA-O-CINEMA-BRASILEIRO-AO-MERCADO-AUDIOVISUAL-INTERNACIONAL-.docx\">Nota 03 &#8211; BRASIL CINEMUNDI CONECTA O CINEMA BRASILEIRO AO MERCADO AUDIOVISUAL INTERNACIONAL<\/a><a href=\"https:\/\/cinebh.com.br\/wp-content\/uploads\/2025\/09\/Nota-03-BRASIL-CINEMUNDI-CONECTA-O-CINEMA-BRASILEIRO-AO-MERCADO-AUDIOVISUAL-INTERNACIONAL-.docx\" class=\"wp-block-file__button wp-element-button\" download aria-describedby=\"wp-block-file--media-18340655-f0ba-462b-9eac-816f066ffc70\">Baixar<\/a><\/div>\n\n\n\n<div class=\"wp-block-file\"><a id=\"wp-block-file--media-f660933b-b93d-4fe1-876d-f3b2de9f8370\" href=\"https:\/\/cinebh.com.br\/wp-content\/uploads\/2025\/09\/Nota-01-CINE-PRACA-ABRE-PROGRAMACAO-NESTA-QUINTA-COM-FILME-SOBRE-RITA-LEE-1.docx\">Nota 01 &#8211; CINE-PRAC\u0327A ABRE PROGRAMAC\u0327A\u0303O NESTA QUINTA COM FILME SOBRE RITA LEE<\/a><a href=\"https:\/\/cinebh.com.br\/wp-content\/uploads\/2025\/09\/Nota-01-CINE-PRACA-ABRE-PROGRAMACAO-NESTA-QUINTA-COM-FILME-SOBRE-RITA-LEE-1.docx\" class=\"wp-block-file__button wp-element-button\" download aria-describedby=\"wp-block-file--media-f660933b-b93d-4fe1-876d-f3b2de9f8370\">Baixar<\/a><\/div>\n\n\n\n<div class=\"wp-block-file\"><a id=\"wp-block-file--media-5834dec6-f94e-41ad-922b-64a7e314e83e\" href=\"https:\/\/cinebh.com.br\/wp-content\/uploads\/2025\/09\/Nota-02-REGULAMENTACAO-DAS-PLATAFORMAS-E-DEFENDIDA-EM-DEBATE-DE-ABERTURA-DA-CINEBH-1.docx\">Nota 02 &#8211; REGULAMENTAC\u0327A\u0303O DAS PLATAFORMAS E\u0301 DEFENDIDA EM DEBATE DE ABERTURA DA CINEBH<\/a><a href=\"https:\/\/cinebh.com.br\/wp-content\/uploads\/2025\/09\/Nota-02-REGULAMENTACAO-DAS-PLATAFORMAS-E-DEFENDIDA-EM-DEBATE-DE-ABERTURA-DA-CINEBH-1.docx\" class=\"wp-block-file__button wp-element-button\" download aria-describedby=\"wp-block-file--media-5834dec6-f94e-41ad-922b-64a7e314e83e\">Baixar<\/a><\/div>\n\n\n\n<div class=\"wp-block-file\"><a id=\"wp-block-file--media-403f0e60-4ab1-42a5-94b1-c29cdb352359\" href=\"https:\/\/cinebh.com.br\/wp-content\/uploads\/2025\/09\/Nota-03-CINEBH-CELEBRA-10-ANOS-DA-MOSTRA-A-CIDADE-EM-MOVIMENTO.docx\">Nota 03 &#8211; CINEBH CELEBRA 10 ANOS DA MOSTRA A CIDADE EM MOVIMENTO<\/a><a href=\"https:\/\/cinebh.com.br\/wp-content\/uploads\/2025\/09\/Nota-03-CINEBH-CELEBRA-10-ANOS-DA-MOSTRA-A-CIDADE-EM-MOVIMENTO.docx\" class=\"wp-block-file__button wp-element-button\" download aria-describedby=\"wp-block-file--media-403f0e60-4ab1-42a5-94b1-c29cdb352359\">Baixar<\/a><\/div>\n\n\n\n<div class=\"wp-block-file\"><a id=\"wp-block-file--media-e65825cf-76aa-4034-8d19-c3ebca38624b\" href=\"https:\/\/cinebh.com.br\/wp-content\/uploads\/2025\/09\/Nota-04-CINE-EXPRESSAO-LEVA-CINEMA-A-MAIS-DE-2-MIL-ALUNOS-NA-CINEBH-1.docx\">Nota 04 &#8211; CINE-EXPRESSA\u0303O LEVA CINEMA A MAIS DE 2 MIL ALUNOS NA CINEBH<\/a><a href=\"https:\/\/cinebh.com.br\/wp-content\/uploads\/2025\/09\/Nota-04-CINE-EXPRESSAO-LEVA-CINEMA-A-MAIS-DE-2-MIL-ALUNOS-NA-CINEBH-1.docx\" class=\"wp-block-file__button wp-element-button\" download aria-describedby=\"wp-block-file--media-e65825cf-76aa-4034-8d19-c3ebca38624b\">Baixar<\/a><\/div>\n\n\n\n<div class=\"wp-block-file\"><a id=\"wp-block-file--media-9974fb7c-42b9-4550-9873-3c323ec0c129\" href=\"https:\/\/cinebh.com.br\/wp-content\/uploads\/2025\/09\/Nota-01-CINE-PRACA-ABRE-PROGRAMACAO-NESTA-QUINTA-COM-FILME-SOBRE-RITA-LEE.docx\">Nota 01 &#8211; CINE-PRA\u00c7A ABRE PROGRAMA\u00c7\u00c3O NESTA QUINTA COM FILME SOBRE RITA LEE<\/a><a href=\"https:\/\/cinebh.com.br\/wp-content\/uploads\/2025\/09\/Nota-01-CINE-PRACA-ABRE-PROGRAMACAO-NESTA-QUINTA-COM-FILME-SOBRE-RITA-LEE.docx\" class=\"wp-block-file__button wp-element-button\" download aria-describedby=\"wp-block-file--media-9974fb7c-42b9-4550-9873-3c323ec0c129\">Baixar<\/a><\/div>\n\n\n\n<div class=\"wp-block-file\"><a id=\"wp-block-file--media-978975a7-c035-4ed4-a0bf-ad9b5e8db82b\" href=\"https:\/\/cinebh.com.br\/wp-content\/uploads\/2025\/09\/Nota-02-REGULAMENTACAO-DAS-PLATAFORMAS-E-DEFENDIDA-EM-DEBATE-DE-ABERTURA-DA-CINEBH.docx\">Nota 02 &#8211; REGULAMENTA\u00c7\u00c3O DAS PLATAFORMAS \u00c9 DEFENDIDA EM DEBATE DE ABERTURA DA CINEBH<\/a><a href=\"https:\/\/cinebh.com.br\/wp-content\/uploads\/2025\/09\/Nota-02-REGULAMENTACAO-DAS-PLATAFORMAS-E-DEFENDIDA-EM-DEBATE-DE-ABERTURA-DA-CINEBH.docx\" class=\"wp-block-file__button wp-element-button\" download aria-describedby=\"wp-block-file--media-978975a7-c035-4ed4-a0bf-ad9b5e8db82b\">Baixar<\/a><\/div>\n\n\n\n\n\n<div class=\"wp-block-file\"><a id=\"wp-block-file--media-47eb17a3-f51a-495e-a7d6-adb3a8a2ec2b\" href=\"https:\/\/cinebh.com.br\/wp-content\/uploads\/2025\/09\/Nota-04-CINE-EXPRESSAO-LEVA-CINEMA-A-MAIS-DE-2-MIL-ALUNOS-NA-CINEBH.docx\">Nota 04 &#8211; CINE-EXPRESS\u00c3O LEVA CINEMA A MAIS DE 2 MIL ALUNOS NA CINEBH<\/a><a href=\"https:\/\/cinebh.com.br\/wp-content\/uploads\/2025\/09\/Nota-04-CINE-EXPRESSAO-LEVA-CINEMA-A-MAIS-DE-2-MIL-ALUNOS-NA-CINEBH.docx\" class=\"wp-block-file__button wp-element-button\" download aria-describedby=\"wp-block-file--media-47eb17a3-f51a-495e-a7d6-adb3a8a2ec2b\">Baixar<\/a><\/div>\n\n\n\n<div class=\"wp-block-file\"><a id=\"wp-block-file--media-f7e356c0-31ba-4a68-9b61-1c903c4d542b\" href=\"https:\/\/cinebh.com.br\/wp-content\/uploads\/2025\/09\/Nota-02-Filmes-da-Mostra-Territorio-iniciam-competicao-na-CineBH.docx\">Nota 02 -Filmes da Mostra Territ\u00f3rio iniciam competi\u00e7\u00e3o na CineBH<\/a><a href=\"https:\/\/cinebh.com.br\/wp-content\/uploads\/2025\/09\/Nota-02-Filmes-da-Mostra-Territorio-iniciam-competicao-na-CineBH.docx\" class=\"wp-block-file__button wp-element-button\" download aria-describedby=\"wp-block-file--media-f7e356c0-31ba-4a68-9b61-1c903c4d542b\">Baixar<\/a><\/div>\n\n\n\n<div class=\"wp-block-file\"><a id=\"wp-block-file--media-0cc31163-b513-4b5f-a9a4-7ae65516cf4f\" href=\"https:\/\/cinebh.com.br\/wp-content\/uploads\/2025\/09\/Nota-03-Palacio-das-Artes-vira-palco-de-debates-internacionais-da-19a-CineBH-1.docx\">Nota 03 &#8211; Pal\u00e1cio das Artes vira palco de debates internacionais da 19\u00aa CineBH<\/a><a href=\"https:\/\/cinebh.com.br\/wp-content\/uploads\/2025\/09\/Nota-03-Palacio-das-Artes-vira-palco-de-debates-internacionais-da-19a-CineBH-1.docx\" class=\"wp-block-file__button wp-element-button\" download aria-describedby=\"wp-block-file--media-0cc31163-b513-4b5f-a9a4-7ae65516cf4f\">Baixar<\/a><\/div>\n\n\n\n<div class=\"wp-block-file\"><a id=\"wp-block-file--media-0dd35f14-6c08-4551-bdaf-cc7f554453cd\" href=\"https:\/\/cinebh.com.br\/wp-content\/uploads\/2025\/09\/Nota-04-CineBH-traz-cinema-latino-americano-e-brasileiro-nesta-quarta-1.docx\">Nota 04 &#8211; CineBH traz cinema latino-americano e brasileiro nesta quarta<\/a><a href=\"https:\/\/cinebh.com.br\/wp-content\/uploads\/2025\/09\/Nota-04-CineBH-traz-cinema-latino-americano-e-brasileiro-nesta-quarta-1.docx\" class=\"wp-block-file__button wp-element-button\" download aria-describedby=\"wp-block-file--media-0dd35f14-6c08-4551-bdaf-cc7f554453cd\">Baixar<\/a><\/div>\n\n\n\n<div class=\"wp-block-file\"><a id=\"wp-block-file--media-338a3897-77ab-4f0e-9bfb-3bd6bda4eca2\" href=\"https:\/\/cinebh.com.br\/wp-content\/uploads\/2025\/09\/CineBH-2025-noticia-abertura-1.docx\">CineBH 2025 noticia abertura<\/a><a href=\"https:\/\/cinebh.com.br\/wp-content\/uploads\/2025\/09\/CineBH-2025-noticia-abertura-1.docx\" class=\"wp-block-file__button wp-element-button\" download aria-describedby=\"wp-block-file--media-338a3897-77ab-4f0e-9bfb-3bd6bda4eca2\">Baixar<\/a><\/div>\n\n\n\n<div class=\"wp-block-file\"><a id=\"wp-block-file--media-9af982e0-0aac-469b-a1da-b86d8caf57f9\" href=\"https:\/\/cinebh.com.br\/wp-content\/uploads\/2025\/09\/01_Release-Anuncio_19CineBH.docx\">01_Release Anu\u0301ncio_19CineBH<\/a><a href=\"https:\/\/cinebh.com.br\/wp-content\/uploads\/2025\/09\/01_Release-Anuncio_19CineBH.docx\" class=\"wp-block-file__button wp-element-button\" download aria-describedby=\"wp-block-file--media-9af982e0-0aac-469b-a1da-b86d8caf57f9\">Baixar<\/a><\/div>\n\n\n\n<div class=\"wp-block-file\"><a id=\"wp-block-file--media-ce9bce93-34e3-408f-a2b0-1dd6a863d643\" href=\"https:\/\/cinebh.com.br\/wp-content\/uploads\/2025\/09\/02_19a-CineBH_-release-Homenagem-O-Agente-Secreto.docx\">02_19a CineBH_ release Homenagem + O Agente Secreto<\/a><a href=\"https:\/\/cinebh.com.br\/wp-content\/uploads\/2025\/09\/02_19a-CineBH_-release-Homenagem-O-Agente-Secreto.docx\" class=\"wp-block-file__button wp-element-button\" download aria-describedby=\"wp-block-file--media-ce9bce93-34e3-408f-a2b0-1dd6a863d643\">Baixar<\/a><\/div>\n\n\n\n<div class=\"wp-block-file\"><a id=\"wp-block-file--media-4b9da330-5635-42fd-a75a-9c935ff65a32\" href=\"https:\/\/cinebh.com.br\/wp-content\/uploads\/2025\/09\/03_19a-CineBH_-release-BCM-Anuncio-Projetos.docx\">03_19a CineBH_ release BCM Anu\u0301ncio Projetos<\/a><a href=\"https:\/\/cinebh.com.br\/wp-content\/uploads\/2025\/09\/03_19a-CineBH_-release-BCM-Anuncio-Projetos.docx\" class=\"wp-block-file__button wp-element-button\" download aria-describedby=\"wp-block-file--media-4b9da330-5635-42fd-a75a-9c935ff65a32\">Baixar<\/a><\/div>\n\n\n\n<div class=\"wp-block-file\"><a id=\"wp-block-file--media-bc242f70-b3e0-4aae-b2f3-838a1531afbb\" href=\"https:\/\/cinebh.com.br\/wp-content\/uploads\/2025\/09\/04_19a-CineBH_-release-Cine-Expressao.docx\">04_19a CineBH_ release Cine-Expressa\u0303o<\/a><a href=\"https:\/\/cinebh.com.br\/wp-content\/uploads\/2025\/09\/04_19a-CineBH_-release-Cine-Expressao.docx\" class=\"wp-block-file__button wp-element-button\" download aria-describedby=\"wp-block-file--media-bc242f70-b3e0-4aae-b2f3-838a1531afbb\">Baixar<\/a><\/div>\n\n\n\n<div class=\"wp-block-file\"><a id=\"wp-block-file--media-f10661f5-88b9-44e1-bfff-295043e06bca\" href=\"https:\/\/cinebh.com.br\/wp-content\/uploads\/2025\/09\/05_19a-CineBH_-release-Tematica-Territorio.docx\">05_19a CineBH_ release Tema\u0301tica + Territo\u0301rio<\/a><a href=\"https:\/\/cinebh.com.br\/wp-content\/uploads\/2025\/09\/05_19a-CineBH_-release-Tematica-Territorio.docx\" class=\"wp-block-file__button wp-element-button\" download aria-describedby=\"wp-block-file--media-f10661f5-88b9-44e1-bfff-295043e06bca\">Baixar<\/a><\/div>\n\n\n\n<div class=\"wp-block-file\"><a id=\"wp-block-file--media-f1a1ce33-b7f0-4d14-b41f-54555eef7e4f\" href=\"https:\/\/cinebh.com.br\/wp-content\/uploads\/2025\/09\/06_19a-CineBH_Release-Selecao-de-Filmes.docx\">06_19a CineBH_Release Selec\u0327a\u0303o de Filmes<\/a><a href=\"https:\/\/cinebh.com.br\/wp-content\/uploads\/2025\/09\/06_19a-CineBH_Release-Selecao-de-Filmes.docx\" class=\"wp-block-file__button wp-element-button\" download aria-describedby=\"wp-block-file--media-f1a1ce33-b7f0-4d14-b41f-54555eef7e4f\">Baixar<\/a><\/div>\n\n\n\n<div class=\"wp-block-file\"><a id=\"wp-block-file--media-7996bd2a-3b23-4dd9-81dd-ed5a3d438ccc\" href=\"https:\/\/cinebh.com.br\/wp-content\/uploads\/2025\/09\/07_19a-CineBH_Release-Inscricao-Oficinas-e-Labs.docx\">07_19a CineBH_Release Inscric\u0327a\u0303o Oficinas e Labs<\/a><a href=\"https:\/\/cinebh.com.br\/wp-content\/uploads\/2025\/09\/07_19a-CineBH_Release-Inscricao-Oficinas-e-Labs.docx\" class=\"wp-block-file__button wp-element-button\" download aria-describedby=\"wp-block-file--media-7996bd2a-3b23-4dd9-81dd-ed5a3d438ccc\">Baixar<\/a><\/div>\n\n\n\n<div class=\"wp-block-file\"><a id=\"wp-block-file--media-82086575-a746-46ef-9340-2c23888282fa\" href=\"https:\/\/cinebh.com.br\/wp-content\/uploads\/2025\/09\/08_19a-CineBH_Release-Inscricao-Seminario.odt\">08_19a CineBH_Release Inscric\u0327a\u0303o Semina\u0301rio<\/a><a href=\"https:\/\/cinebh.com.br\/wp-content\/uploads\/2025\/09\/08_19a-CineBH_Release-Inscricao-Seminario.odt\" class=\"wp-block-file__button wp-element-button\" download aria-describedby=\"wp-block-file--media-82086575-a746-46ef-9340-2c23888282fa\">Baixar<\/a><\/div>\n\n\n\n<div class=\"wp-block-file\"><a id=\"wp-block-file--media-8e5a1516-00ad-41f2-a7b4-6dbb518b7d75\" href=\"https:\/\/cinebh.com.br\/wp-content\/uploads\/2025\/09\/09_19a-CineBH_Release-Cine-Petrobras-na-Praca.docx\">09_19a CineBH_Release Cine Petrobras na Prac\u0327a<\/a><a href=\"https:\/\/cinebh.com.br\/wp-content\/uploads\/2025\/09\/09_19a-CineBH_Release-Cine-Petrobras-na-Praca.docx\" class=\"wp-block-file__button wp-element-button\" download aria-describedby=\"wp-block-file--media-8e5a1516-00ad-41f2-a7b4-6dbb518b7d75\">Baixar<\/a><\/div>\n\n\n\n<div class=\"wp-block-file\"><a id=\"wp-block-file--media-e9cf528f-46d7-4d82-8e86-b0e317425ae6\" href=\"https:\/\/cinebh.com.br\/wp-content\/uploads\/2025\/09\/10_19a-CineBH_Release-Petrobras.docx\">10_19a CineBH_Release Petrobras<\/a><a href=\"https:\/\/cinebh.com.br\/wp-content\/uploads\/2025\/09\/10_19a-CineBH_Release-Petrobras.docx\" class=\"wp-block-file__button wp-element-button\" download aria-describedby=\"wp-block-file--media-e9cf528f-46d7-4d82-8e86-b0e317425ae6\">Baixar<\/a><\/div>\n\n\n\n<div class=\"wp-block-file\"><a id=\"wp-block-file--media-5309ea34-2717-4c64-b8da-ec6f2acd725a\" href=\"https:\/\/cinebh.com.br\/wp-content\/uploads\/2025\/09\/11_19a-CineBH_Release-A-Cidade-em-Movimento.docx\">11_19a CineBH_Release A Cidade em Movimento<\/a><a href=\"https:\/\/cinebh.com.br\/wp-content\/uploads\/2025\/09\/11_19a-CineBH_Release-A-Cidade-em-Movimento.docx\" class=\"wp-block-file__button wp-element-button\" download aria-describedby=\"wp-block-file--media-5309ea34-2717-4c64-b8da-ec6f2acd725a\">Baixar<\/a><\/div>\n\n\n\n<div class=\"wp-block-file\"><a id=\"wp-block-file--media-b404cce3-88a6-48ad-b0a8-eea430bd6ad8\" href=\"https:\/\/cinebh.com.br\/wp-content\/uploads\/2025\/09\/12_19a-CineBH_Release-Abertura.docx\">12_19a CineBH_Release Abertura<\/a><a href=\"https:\/\/cinebh.com.br\/wp-content\/uploads\/2025\/09\/12_19a-CineBH_Release-Abertura.docx\" class=\"wp-block-file__button wp-element-button\" download aria-describedby=\"wp-block-file--media-b404cce3-88a6-48ad-b0a8-eea430bd6ad8\">Baixar<\/a><\/div>\n\n\n\n<p><\/p>\n","protected":false},"excerpt":{"rendered":"","protected":false},"author":1,"featured_media":0,"parent":246,"menu_order":14,"comment_status":"closed","ping_status":"closed","template":"","meta":{"footnotes":""},"class_list":["post-1506","page","type-page","status-publish","hentry"],"acf":[],"_links":{"self":[{"href":"https:\/\/cinebh.com.br\/2025\/wp-json\/wp\/v2\/pages\/1506","targetHints":{"allow":["GET"]}}],"collection":[{"href":"https:\/\/cinebh.com.br\/2025\/wp-json\/wp\/v2\/pages"}],"about":[{"href":"https:\/\/cinebh.com.br\/2025\/wp-json\/wp\/v2\/types\/page"}],"author":[{"embeddable":true,"href":"https:\/\/cinebh.com.br\/2025\/wp-json\/wp\/v2\/users\/1"}],"replies":[{"embeddable":true,"href":"https:\/\/cinebh.com.br\/2025\/wp-json\/wp\/v2\/comments?post=1506"}],"version-history":[{"count":10,"href":"https:\/\/cinebh.com.br\/2025\/wp-json\/wp\/v2\/pages\/1506\/revisions"}],"predecessor-version":[{"id":3421,"href":"https:\/\/cinebh.com.br\/2025\/wp-json\/wp\/v2\/pages\/1506\/revisions\/3421"}],"up":[{"embeddable":true,"href":"https:\/\/cinebh.com.br\/2025\/wp-json\/wp\/v2\/pages\/246"}],"wp:attachment":[{"href":"https:\/\/cinebh.com.br\/2025\/wp-json\/wp\/v2\/media?parent=1506"}],"curies":[{"name":"wp","href":"https:\/\/api.w.org\/{rel}","templated":true}]}}