{"id":242,"date":"2025-08-22T08:01:44","date_gmt":"2025-08-22T11:01:44","guid":{"rendered":"http:\/\/104.236.29.186\/?page_id=242"},"modified":"2025-09-17T20:22:28","modified_gmt":"2025-09-17T23:22:28","slug":"apresentacao","status":"publish","type":"page","link":"https:\/\/cinebh.com.br\/2025\/o-evento\/apresentacao\/","title":{"rendered":"Apresenta\u00e7\u00e3o"},"content":{"rendered":"\n<h2 class=\"wp-block-heading\">19 ANOS DA MOSTRA CINEBH,<br>16 ANOS DO BRASIL CINEMUNDI<\/h2>\n\n\n\n<p>A Mostra CineBH nasce em 2007 no bairro de Santa Tereza, um dos mais tradicionais redutos culturais da capital mineira, e foi respons\u00e1vel pela reabertura do Cine Santa Tereza, cinema de bairro fundado em 1944 e desativado desde 1980. Na ocasi\u00e3o, a Universo Produ\u00e7\u00e3o instalou \u201cuma opera\u00e7\u00e3o\u201d em tempo recorde de reconstru\u00e7\u00e3o do espa\u00e7o f\u00edsico do cinema, entreaberto provisoriamente para ser sede do evento (2007-2011) \u2013 um legado cinematogr\u00e1fico que motivou novas iniciativas e di\u00e1logos na comunidade, em Belo Horizonte e em Minas Gerais.<\/p>\n\n\n\n<p>Ao longo de sua trajet\u00f3ria, o evento de cinema da capital mineira percorreu caminhos diversos, ocupou espa\u00e7os e equipamentos culturais de forma inovadora e com vanguarda. Foi o primeiro evento de gest\u00e3o independente a ocupar o Circuito Cultural da Pra\u00e7a da Liberdade, a instalar um cinema na pra\u00e7a no bairro Santa Tereza, a estabelecer parcerias com coletivos de produ\u00e7\u00e3o audiovisual, a dar visibilidade para a produ\u00e7\u00e3o independente realizada por amadores e comunidades da Grande BH, a olhar para dentro da cidade e lan\u00e7ar luz para as in\u00fameras facetas que se revelam em mem\u00f3rias, hist\u00f3rias e imagens que o fazem singular e contempor\u00e2neo.<\/p>\n\n\n\n<p>Em 2025, prevista para os acontecer entre os dias 23 e 28 de setembro, e ocupar 10 espa\u00e7os da capital mineira \u2013 Funda\u00e7\u00e3o Clovis Salgado (Cine Humberto Mauro, Teatro Jo\u00e3o Ceschiatti, Sala Juvenal Dias, Jardim Interno, Jardim do parque), Casa da Mostra, Cine Santa Tereza, Cine Theatro Brasil Vallourec, Teatro de C\u00e2mara, Una Cine Belas Artes, Teatro Sesiminas, Salas de Cinema Minas T\u00eanis Clube e Pra\u00e7a da Liberdade. Em seis dias de programa\u00e7\u00e3o intensa, abrangente e gratuita para todas as idades e p\u00fablicos, a Mostra CineBH promove uma temporada audiovisual de forma\u00e7\u00e3o, reflex\u00e3o, exibi\u00e7\u00e3o e difus\u00e3o do cinema brasileiro em interc\u00e2mbio com outros pa\u00edses, em conex\u00e3o com as outras artes e em di\u00e1logo com a cidade de Belo Horizonte. Um espa\u00e7o de forma\u00e7\u00e3o, interc\u00e2mbio, lan\u00e7amento e discuss\u00e3o da mais significativa produ\u00e7\u00e3o cinematogr\u00e1fica atual. Um espa\u00e7o de perspectivas e possibilidades do cinema do presente e do futuro.<\/p>\n\n\n\n<p>Conta com a participa\u00e7\u00e3o de profissionais do audiovisual, da cultura e convidados no centro de dezenas de debates, rodas de conversa, sess\u00f5es comentadas. Investe na forma\u00e7\u00e3o e capacita\u00e7\u00e3o de profissionais com a oferta de sete modalidades de cursos \u2013 oficinas, laborat\u00f3rios de roteiros e workshops internacionais. Realiza sess\u00f5es cine-escola, beneficiando mais 2.000 alunos da rede p\u00fablica de ensino e, ainda, promove a Mostrinha de Cinema, lan\u00e7amento de livros e atra\u00e7\u00f5es art\u00edsticas.<\/p>\n\n\n\n<p>Reafirma seu prop\u00f3sito de mostrar o cinema para o mundo, promover o di\u00e1logo entre as culturas, aproximar povos e continentes, fazer a conex\u00e3o do cinema brasileiro com o mercado audiovisual, realizar encontros de neg\u00f3cios, investir na forma\u00e7\u00e3o, interc\u00e2mbio e coopera\u00e7\u00e3o internacional, construir pontes nas escolas, comunidades, redes sociais e com a cidade de Belo Horizonte e Minas Gerais.<\/p>\n\n\n\n<p>A CineBH \u00e9 uma importante plataforma para a exibi\u00e7\u00e3o e discuss\u00e3o do cinema, com foco na produ\u00e7\u00e3o latino-americana, e promove interc\u00e2mbio cultural e art\u00edstico entre filmes e realizadores do continente, numa sele\u00e7\u00e3o diversificada de trabalhos que abordam quest\u00f5es sociais, pol\u00edticas e culturais nas narrativas cinematogr\u00e1ficas da Am\u00e9rica Latina.<\/p>\n\n\n\n<p>Mais que um espa\u00e7o de exibi\u00e7\u00e3o, a Mostra CineBH \u00e9 um convite \u00e0 diversidade de imagens e hist\u00f3rias que coloca a Am\u00e9rica Latina na centralidade da programa\u00e7\u00e3o. Uma ponte de conex\u00f5es, debates, reflex\u00f5es e aproxima\u00e7\u00e3o com os pa\u00edses da Am\u00e9rica Latina, colocando-os em contato direto com diversos olhares que poder\u00e3o constatar a efervesc\u00eancia da produ\u00e7\u00e3o que marca o territ\u00f3rio. <\/p>\n\n\n\n<p>Em di\u00e1logo e conex\u00e3o com as cidades que integram a Grande BH, o evento realiza anualmente a Mostra A Cidade em Movimento \u2013 uma programa\u00e7\u00e3o que reserva um espa\u00e7o para sele\u00e7\u00e3o e exibi\u00e7\u00e3o de filmes independentes produzidos na Regi\u00e3o Metropolitana de Belo Horizonte e a realiza\u00e7\u00e3o de rodas de conversa que re\u00fanem cineastas, produtores e convidados especiais para dialogar sobre a viv\u00eancia urbana diante de contextos sociais propostos pela curadoria de cada edi\u00e7\u00e3o. <\/p>\n\n\n\n<p>Simultaneamente \u00e0 programa\u00e7\u00e3o da Mostra CineBH, acontece o Brasil CineMundi \u2013 16th International Coproduction Meeting, o evento de mercado do cinema brasileiro, que em 2025 celebra 16 anos de exist\u00eancia e est\u00e1 consolidado como um dos principais empreendimentos da ind\u00fastria audiovisual. Oferece um ambiente de mercado e plataforma de rede de contatos e neg\u00f3cios para o cinema brasileiro. O evento faz a conex\u00e3o entre a produ\u00e7\u00e3o brasileira e a ind\u00fastria audiovisual.<\/p>\n\n\n\n<p>Em suas edi\u00e7\u00f5es anuais, o Brasil CineMundi seleciona projetos de longas- metragens em fases variadas de concep\u00e7\u00e3o. Para a edi\u00e7\u00e3o de 2025 foram selecionados 37 projetos, divididos em cinco categorias: 32 em desenvolvimento (distribu\u00eddos em\u00a0<strong>Horizonte, DocBrasil Meeting, Foco Minas<\/strong>\u00a0e\u00a0<strong>Paradiso Multiplica<\/strong>) e 5 em\u00a0<strong>WIP \u2013 Primeiro Corte<\/strong>. Os projetos participam do\u00a0<strong>CineMundi Lab<\/strong>, com atividades formativas como labs de desenvolvimento, workshops, mentorias e consultorias, al\u00e9m de rodadas de neg\u00f3cios com profissionais internacionais interessados em coprodu\u00e7\u00f5es e vendas audiovisuais.<\/p>\n\n\n\n<p>A comiss\u00e3o de sele\u00e7\u00e3o, composta por especialistas nacionais e internacionais, incluiu\u00a0<strong>Isona Admetlla<\/strong>\u00a0(coordenadora do World Cinema Fund \u2013 Alemanha),\u00a0<strong>Ivan Melo<\/strong>\u00a0(produtor da Cup Filmes \u2013 Brasil),\u00a0<strong>Paulo de Carvalho<\/strong>\u00a0(produtor da Autentika Filmes \u2013 Alemanha),\u00a0<strong>Pedro Butcher<\/strong>\u00a0(cr\u00edtico e pesquisador \u2013 Brasil) e\u00a0<strong>S\u00e9verine Roinssard<\/strong>\u00a0(produtora da Parati Films \u2013 Fran\u00e7a), al\u00e9m de\u00a0<strong>Cec\u00edlia Gabrielan<\/strong>\u00a0(Universo Produ\u00e7\u00e3o \u2013 Brasil). O grupo avaliou os 245 projetos inscritos com base em crit\u00e9rios como originalidade, potencial de coprodu\u00e7\u00e3o e representatividade da diversidade brasileira.<\/p>\n\n\n\n<p>Agradecemos aos patrocinadores, parceiros e apoiadores que assumem e renovam o compromisso e acreditam nas oportunidades de bons neg\u00f3cios numa gest\u00e3o cultural compartilhada, somando esfor\u00e7os para tornar poss\u00edvel esta realiza\u00e7\u00e3o. Aos profissionais do audiovisual, pela genialidade que imprimem em seus trabalhos, \u00e0 imprensa pela presen\u00e7a e cobertura e \u00e0 equipe de trabalho, curadores e colaboradores, pela dedica\u00e7\u00e3o e compet\u00eancia, nossa gratid\u00e3o.<\/p>\n\n\n\n<p>Persistimos com a for\u00e7a que brota da alma, que impregna, que faz acontecer. Tudo pelo cinema brasileiro, pelas comunidades e pelo p\u00fablico \u2013 engrenagens que nos fazem mover e sonhar com a mesma determina\u00e7\u00e3o em olhar para o presente com a confian\u00e7a de que temos muito a contribuir para o futuro.<\/p>\n\n\n\n<p>H\u00e1 19 anos, a Universo Produ\u00e7\u00e3o movimenta o cinema na capital mineira e projeta Belo Horizonte para o mundo. Vamos brindar juntos a essa trajet\u00f3ria inspiradora e celebrar o cinema em todas as suas formas, cores, sotaques, sons e imagens, contribuindo para o crescimento e a diversidade cultural que moldam nossa sociedade.<\/p>\n\n\n\n<p>Sigamos conectados. O audiovisual est\u00e1 em constante movimento, \u00e9 parte integrante de nossas vidas, contribui para a vida social e \u00e9 essencial para o desenvolvimento de uma na\u00e7\u00e3o.<\/p>\n\n\n\n<p><strong>Viva a Mostra CineBH, o Brasil CineMundi e todos que fazem parte desta hist\u00f3ria!<br>Sejam bem-vindos e bem-vindas.<br>Aqui o sangue \u00e9 latino e o futuro j\u00e1 come\u00e7ou!<\/strong><\/p>\n\n\n\n<p><strong>Raquel Hallak d\u2019Angelo<br>Quintino Vargas Neto<br>Fernanda Hallak d\u2019Angelo<\/strong><br><em>Diretores da Universo Produ\u00e7\u00e3o e<br>Coordenadores da Mostra CineBH e Brasil CineMundi<\/em><\/p>\n","protected":false},"excerpt":{"rendered":"<p>19 ANOS DA MOSTRA CINEBH,16 ANOS DO BRASIL CINEMUNDI A Mostra CineBH nasce em 2007 no bairro de Santa Tereza, um dos mais tradicionais redutos culturais da capital mineira, e [&hellip;]<\/p>\n","protected":false},"author":1,"featured_media":0,"parent":240,"menu_order":24,"comment_status":"closed","ping_status":"closed","template":"","meta":{"footnotes":""},"class_list":["post-242","page","type-page","status-publish","hentry"],"acf":[],"_links":{"self":[{"href":"https:\/\/cinebh.com.br\/2025\/wp-json\/wp\/v2\/pages\/242","targetHints":{"allow":["GET"]}}],"collection":[{"href":"https:\/\/cinebh.com.br\/2025\/wp-json\/wp\/v2\/pages"}],"about":[{"href":"https:\/\/cinebh.com.br\/2025\/wp-json\/wp\/v2\/types\/page"}],"author":[{"embeddable":true,"href":"https:\/\/cinebh.com.br\/2025\/wp-json\/wp\/v2\/users\/1"}],"replies":[{"embeddable":true,"href":"https:\/\/cinebh.com.br\/2025\/wp-json\/wp\/v2\/comments?post=242"}],"version-history":[{"count":2,"href":"https:\/\/cinebh.com.br\/2025\/wp-json\/wp\/v2\/pages\/242\/revisions"}],"predecessor-version":[{"id":725,"href":"https:\/\/cinebh.com.br\/2025\/wp-json\/wp\/v2\/pages\/242\/revisions\/725"}],"up":[{"embeddable":true,"href":"https:\/\/cinebh.com.br\/2025\/wp-json\/wp\/v2\/pages\/240"}],"wp:attachment":[{"href":"https:\/\/cinebh.com.br\/2025\/wp-json\/wp\/v2\/media?parent=242"}],"curies":[{"name":"wp","href":"https:\/\/api.w.org\/{rel}","templated":true}]}}