{"id":2425,"date":"2025-09-15T11:18:44","date_gmt":"2025-09-15T14:18:44","guid":{"rendered":"https:\/\/cinebh.com.br\/?page_id=2425"},"modified":"2025-09-15T11:29:39","modified_gmt":"2025-09-15T14:29:39","slug":"online","status":"publish","type":"page","link":"https:\/\/cinebh.com.br\/2025\/filmes\/online\/","title":{"rendered":"Online"},"content":{"rendered":"\n<h3 class=\"wp-block-heading\">MOSTRA A CIDADE EM MOVIMENTO<\/h3>\n\n\n\n<p>A 19\u00aa CineBH chega at\u00e9 voc\u00ea tamb\u00e9m em ambiente digital, um recorte especial da Mostra A Cidade em Movimento, que chega a sua 10\u00aa edi\u00e7\u00e3o em 2025.<\/p>\n\n\n\n<p class=\"has-text-align-right\"><\/p>\n\n\n\n<div style=\"height:23px\" aria-hidden=\"true\" class=\"wp-block-spacer\"><\/div>\n\n\n\n<p><strong>Sess\u00e3o Atopias \u2013 Em Busca dos Cinco Sentidos <\/strong>\u2013 um pequeno relic\u00e1rio de sensa\u00e7\u00f5es \u00e9 inaugurado pelo filme <em>Um Ato de Corpo Inteiro<\/em>, document\u00e1rio de Marianna Fagundes, que amplifica a dimens\u00e3o do som na vida de uma bailarina que, privada do sentido da vis\u00e3o, consegue enxergar muito al\u00e9m dos limites fisiol\u00f3gicos. O terceiro filme, intitulado <em>Ressaca<\/em>, de Pedro Estrada, \u00e9 uma esp\u00e9cie de catarse coletiva onde teatro e vida se confundem em uma toalete matinal, estrelada por Teuda Bara. Por fim, <em>Mandinga<\/em>, fic\u00e7\u00e3o de Mariana Starling, encerra a sess\u00e3o com um conto sobre abuso de poder e ass\u00e9dio sexual contra a mulher dentro do universo do trabalho corporativo.<\/p>\n\n\n\n<p><\/p>\n\n\n\n    <div id=\"movie-block_68b8a4359f7eb\" class=\"movie-block\">\n                  <div data-slides-per-view=\"4\" id=\"block_68b8a4359f7eb\" class=\"movie expanded movie-block movie-slider\">\n            <div class=\"container container-1216 flex-col\">\n        <div class=\"\">\n                    <div class=\"swiper movie-items\">\n            <div class=\"swiper-wrapper\">\n                  <div class=\"movie-item swiper-slide \">\n      <a href=\"https:\/\/cinebh.com.br\/2025\/filme\/um-ato-do-corpo-inteiro\/\">\n        <img loading=\"lazy\" decoding=\"async\" width=\"280\" height=\"432\" src=\"https:\/\/universoproducao.nyc3.digitaloceanspaces.com\/cinebh2025\/2025\/08\/Final-com-marca-JUNHODE-2024-copiar-Arapua-Filmes-280x432.jpg\" class=\"movie-img\" alt=\"\" \/>\n                <span class=\"movie-content\">\n          <span class=\"title\">Um Ato do Corpo Inteiro<\/span>\n                      <span class=\"direction on-hover\">Dire\u00e7\u00e3o: Mariana Fagundes<\/span>\n                                          <span class=\"country on-hover\">Brasil<\/span>\n                                <span class=\"read-more btn-link on-hover uppercase\">\n              Saiba mais <i class=\"icon-arrow-right\"><\/i><\/span>\n                  <\/span>\n      <\/a>\n    <\/div>\n        <div class=\"movie-item swiper-slide \">\n      <a href=\"https:\/\/cinebh.com.br\/2025\/filme\/ressaca\/\">\n        <img loading=\"lazy\" decoding=\"async\" width=\"280\" height=\"432\" src=\"https:\/\/universoproducao.nyc3.digitaloceanspaces.com\/cinebh2025\/2025\/08\/CARTAZ-RESSACA-Arapua-Filmes-280x432.jpg\" class=\"movie-img\" alt=\"\" \/>\n                <span class=\"movie-content\">\n          <span class=\"title\">Ressaca<\/span>\n                      <span class=\"direction on-hover\">Dire\u00e7\u00e3o: Pedro Estrada<\/span>\n                                          <span class=\"country on-hover\">Brasil<\/span>\n                                <span class=\"read-more btn-link on-hover uppercase\">\n              Saiba mais <i class=\"icon-arrow-right\"><\/i><\/span>\n                  <\/span>\n      <\/a>\n    <\/div>\n        <div class=\"movie-item swiper-slide \">\n      <a href=\"https:\/\/cinebh.com.br\/2025\/filme\/mandinga\/\">\n        <img loading=\"lazy\" decoding=\"async\" width=\"280\" height=\"432\" src=\"https:\/\/universoproducao.nyc3.digitaloceanspaces.com\/cinebh2025\/2025\/08\/cartaz-a5_mandinga-digital-Pedro-Vasseur-280x432.png\" class=\"movie-img\" alt=\"\" \/>\n                <span class=\"movie-content\">\n          <span class=\"title\">Mandinga<\/span>\n                      <span class=\"direction on-hover\">Dire\u00e7\u00e3o: Mariana Starling<\/span>\n                                          <span class=\"country on-hover\">Brasil<\/span>\n                                <span class=\"read-more btn-link on-hover uppercase\">\n              Saiba mais <i class=\"icon-arrow-right\"><\/i><\/span>\n                  <\/span>\n      <\/a>\n    <\/div>\n                <\/div>\n          <\/div>\n                      <div class=\"section-controls flex flex-col md:flex-row items-center justify-between w-full gap-4\">\n              <div class=\"slider-controls dark \">\n                <button class=\"slider-button-prev\">\n                  <i class=\"icon-arrow-left\"><\/i>\n                <\/button>\n                <div class=\"slider-pagination\"><\/div>\n                <button class=\"slider-button-next\">\n                  <i class=\"icon-arrow-right\"><\/i>\n                <\/button>\n              <\/div>\n                          <\/div>\n                  <\/div>\n      <\/div>\n    <\/div>\n              <\/div>\n    \n\n\n<p class=\"has-text-align-right\"><\/p>\n\n\n\n<div style=\"height:59px\" aria-hidden=\"true\" class=\"wp-block-spacer\"><\/div>\n\n\n\n<p><strong>Sess\u00e3o Heterotopias <\/strong>\u2013<strong> Da Revolu\u00e7\u00e3o Crom\u00e1tica \u00e0 Ventura Migrat\u00f3ria <\/strong>\u2013 est\u00e1 marcada pela t\u00e1tica de irrup\u00e7\u00e3o de um presente novo no cerne do presente estabelecido. O filme <em>Vidas (Ou)Vidas \u2013 Yusuf<\/em>, de Lu\u00eds Evo<em>,<\/em> trata da imigra\u00e7\u00e3o curda, numa fus\u00e3o do conceito de p\u00e1tria com o prop\u00f3sito de vida. Vemos que a humanidade, assim como as aves, migra para poder sobreviver, prosperar e se abrigar ao redor do globo. <em>Babil\u00f4nia,<\/em> de Duda Gambogi, retrata uma noite de festa de transformismo em G\u00fcira de Melena, o principal ponto de encontro da comunidade LGBTQIA+ em Cuba. A protagonista \u00e9 a jovem drag Elizabeth de Victoria, que enfrenta desafios para ser aceita na cena local. Em <em>Tudo o que Quiser,<\/em> de Mariana Machado, s\u00e3o retratadas rela\u00e7\u00f5es amorosas fluidas, tendo como elemento primordial a magia que atravessa as nossas vidas.<\/p>\n\n\n\n<p><\/p>\n\n\n\n    <div id=\"movie-block_68c71340bc091\" class=\"movie-block\">\n                  <div data-slides-per-view=\"4\" id=\"block_68c71340bc091\" class=\"movie expanded movie-block movie-slider\">\n            <div class=\"container container-1216 flex-col\">\n        <div class=\"\">\n                    <div class=\"swiper movie-items\">\n            <div class=\"swiper-wrapper\">\n                  <div class=\"movie-item swiper-slide \">\n      <a href=\"https:\/\/cinebh.com.br\/2025\/filme\/vidas-ouvidas-yusuf\/\">\n        <img loading=\"lazy\" decoding=\"async\" width=\"280\" height=\"432\" src=\"https:\/\/universoproducao.nyc3.digitaloceanspaces.com\/cinebh2025\/2025\/08\/Vidas-ouvidas-Yusuf-280x432.png\" class=\"movie-img\" alt=\"\" \/>\n                <span class=\"movie-content\">\n          <span class=\"title\">Vidas (ou)vidas &#8211; Yusuf<\/span>\n                      <span class=\"direction on-hover\">Dire\u00e7\u00e3o: Lu\u00eds Evo<\/span>\n                                          <span class=\"country on-hover\">Brasil<\/span>\n                                <span class=\"read-more btn-link on-hover uppercase\">\n              Saiba mais <i class=\"icon-arrow-right\"><\/i><\/span>\n                  <\/span>\n      <\/a>\n    <\/div>\n        <div class=\"movie-item swiper-slide \">\n      <a href=\"https:\/\/cinebh.com.br\/2025\/filme\/tudo-o-que-quiser\/\">\n        <img loading=\"lazy\" decoding=\"async\" width=\"280\" height=\"432\" src=\"https:\/\/universoproducao.nyc3.digitaloceanspaces.com\/cinebh2025\/2025\/08\/TOQQ-Poster-Portugues-Arapua-Filmes-280x432.jpg\" class=\"movie-img\" alt=\"\" \/>\n                <span class=\"movie-content\">\n          <span class=\"title\">Tudo o Que Quiser<\/span>\n                      <span class=\"direction on-hover\">Dire\u00e7\u00e3o: Mariana Machado<\/span>\n                                          <span class=\"country on-hover\">Brasil, B\u00e9lgica<\/span>\n                                <span class=\"read-more btn-link on-hover uppercase\">\n              Saiba mais <i class=\"icon-arrow-right\"><\/i><\/span>\n                  <\/span>\n      <\/a>\n    <\/div>\n        <div class=\"movie-item swiper-slide \">\n      <a href=\"https:\/\/cinebh.com.br\/2025\/filme\/babilonia\/\">\n        <img loading=\"lazy\" decoding=\"async\" width=\"280\" height=\"432\" src=\"https:\/\/universoproducao.nyc3.digitaloceanspaces.com\/cinebh2025\/2025\/08\/Cartaz-Babi-Arapua-Filmes-280x432.png\" class=\"movie-img\" alt=\"\" \/>\n                <span class=\"movie-content\">\n          <span class=\"title\">Babilonia<\/span>\n                      <span class=\"direction on-hover\">Dire\u00e7\u00e3o: Duda Gambogi<\/span>\n                                          <span class=\"country on-hover\">Cuba, Brasil<\/span>\n                                <span class=\"read-more btn-link on-hover uppercase\">\n              Saiba mais <i class=\"icon-arrow-right\"><\/i><\/span>\n                  <\/span>\n      <\/a>\n    <\/div>\n                <\/div>\n          <\/div>\n                      <div class=\"section-controls flex flex-col md:flex-row items-center justify-between w-full gap-4\">\n              <div class=\"slider-controls dark \">\n                <button class=\"slider-button-prev\">\n                  <i class=\"icon-arrow-left\"><\/i>\n                <\/button>\n                <div class=\"slider-pagination\"><\/div>\n                <button class=\"slider-button-next\">\n                  <i class=\"icon-arrow-right\"><\/i>\n                <\/button>\n              <\/div>\n                          <\/div>\n                  <\/div>\n      <\/div>\n    <\/div>\n              <\/div>\n    \n\n\n<p class=\"has-text-align-right\"><\/p>\n\n\n\n<div style=\"height:59px\" aria-hidden=\"true\" class=\"wp-block-spacer\"><\/div>\n\n\n\n<p><strong>Sess\u00e3o Utopias \u2013 Cantar para Encantar \u2013 <\/strong>um \u00fanico filme dirigido por Arthur B. Senra comp\u00f5e essa sess\u00e3o \u2013 <em>Lagoa do Nado \u2013 A Festa de um Parque<\/em>. A alegria e a m\u00fasica s\u00e3o as grandes aliadas na luta pela implanta\u00e7\u00e3o do Parque Municipal Fazenda Lagoa do Nado em Belo Horizonte \u2013 idealizado em 1984 e inaugurado apenas uma d\u00e9cada depois. O sonho e o encantamento s\u00e3o as armas usadas por um grupo de ativistas que refletem o contexto pol\u00edtico, hist\u00f3rico, cultural e ambiental da cidade. Durante um concerto ao vivo, entoam em un\u00edssono: \u201cViva a vida!\u201d.<\/p>\n\n\n\n<p><\/p>\n\n\n\n    <div id=\"movie-block_68c71395bc092\" class=\"movie-block\">\n                  <div data-slides-per-view=\"4\" id=\"block_68c71395bc092\" class=\"movie expanded movie-block movie-slider\">\n            <div class=\"container container-1216 flex-col\">\n        <div class=\"\">\n                    <div class=\"swiper movie-items\">\n            <div class=\"swiper-wrapper\">\n                  <div class=\"movie-item swiper-slide \">\n      <a href=\"https:\/\/cinebh.com.br\/2025\/filme\/lagoa-do-nado-a-festa-de-um-parque\/\">\n        <img loading=\"lazy\" decoding=\"async\" width=\"280\" height=\"432\" src=\"https:\/\/universoproducao.nyc3.digitaloceanspaces.com\/cinebh2025\/2025\/08\/CARTAZ-PORTUGUES_baixa-Arthur-B.-Senra-280x432.jpg\" class=\"movie-img\" alt=\"\" \/>\n                <span class=\"movie-content\">\n          <span class=\"title\">Lagoa do Nado &#8211; A festa de um parque<\/span>\n                      <span class=\"direction on-hover\">Dire\u00e7\u00e3o: Arthur B. Senra<\/span>\n                                          <span class=\"country on-hover\">Brasil<\/span>\n                                <span class=\"read-more btn-link on-hover uppercase\">\n              Saiba mais <i class=\"icon-arrow-right\"><\/i><\/span>\n                  <\/span>\n      <\/a>\n    <\/div>\n                <\/div>\n          <\/div>\n                      <div class=\"section-controls flex flex-col md:flex-row items-center justify-between w-full gap-4\">\n              <div class=\"slider-controls dark \">\n                <button class=\"slider-button-prev\">\n                  <i class=\"icon-arrow-left\"><\/i>\n                <\/button>\n                <div class=\"slider-pagination\"><\/div>\n                <button class=\"slider-button-next\">\n                  <i class=\"icon-arrow-right\"><\/i>\n                <\/button>\n              <\/div>\n                          <\/div>\n                  <\/div>\n      <\/div>\n    <\/div>\n              <\/div>\n    \n\n\n<p class=\"has-text-align-right\"><\/p>\n\n\n\n<div style=\"height:59px\" aria-hidden=\"true\" class=\"wp-block-spacer\"><\/div>\n\n\n\n<p><strong>Sess\u00e3o Sintopias <\/strong>\u2013<strong> Modos de Coexist\u00eancia <\/strong>\u2013 o fazer junto \u00e9 o que move a quarta sess\u00e3o da Mostra, ampliando o sentido de coexistir para transformar. <em>Escuta pra C\u00ea V\u00ea,<\/em> curta de Arthur Medrado e Thamira Bastos, insere a c\u00e2mera como um dispositivo coletivo de media\u00e7\u00e3o com as comunidades quilombolas de Tejuco, Marinhos e Ribeir\u00e3o, em Brumadinho (MG). De um lado, a cultura viva da ancestralidade, de outro, a den\u00fancia da explora\u00e7\u00e3o minerat\u00f3ria na regi\u00e3o. <em>Pandemias, <\/em>de Ben-Hur Nogueira, relata o trabalho de dois ativistas dos direitos humanos que, inspirados pelo programa de erradica\u00e7\u00e3o da fome dos Panteras Negras norte-americanos, lutam para alimentar os moradores do Morro das Pedras, durante a maior crise sanit\u00e1ria do Brasil. De Ludmilla Cabral, <em>PPL \u00c9 Quem?<\/em> \u00e9 uma obra que, atravessada por um rico acervo fotogr\u00e1fico, sintetiza com talento e inventividade mem\u00f3rias vivas e futuros poss\u00edveis para os habitantes da primeira favela de Belo Horizonte, a Pedreira Prado Lopes.<\/p>\n\n\n\n<p><\/p>\n\n\n\n    <div id=\"movie-block_68c713ebbc095\" class=\"movie-block\">\n                  <div data-slides-per-view=\"4\" id=\"block_68c713ebbc095\" class=\"movie expanded movie-block movie-slider\">\n            <div class=\"container container-1216 flex-col\">\n        <div class=\"\">\n                    <div class=\"swiper movie-items\">\n            <div class=\"swiper-wrapper\">\n                  <div class=\"movie-item swiper-slide \">\n      <a href=\"https:\/\/cinebh.com.br\/2025\/filme\/ppl-e-quem\/\">\n        <img loading=\"lazy\" decoding=\"async\" width=\"280\" height=\"432\" src=\"https:\/\/universoproducao.nyc3.digitaloceanspaces.com\/cinebh2025\/2025\/08\/Sequencia-01.00_05_17_03.Quadro003-Lud-Cabral-280x432.jpg\" class=\"movie-img\" alt=\"\" \/>\n                <span class=\"movie-content\">\n          <span class=\"title\">PPL \u00c9 QUEM?<\/span>\n                      <span class=\"direction on-hover\">Dire\u00e7\u00e3o: Ludmilla Cabral , Coletivo Rede Quem, J\u00falia Ho<\/span>\n                                          <span class=\"country on-hover\">Brasil<\/span>\n                                <span class=\"read-more btn-link on-hover uppercase\">\n              Saiba mais <i class=\"icon-arrow-right\"><\/i><\/span>\n                  <\/span>\n      <\/a>\n    <\/div>\n        <div class=\"movie-item swiper-slide \">\n      <a href=\"https:\/\/cinebh.com.br\/2025\/filme\/pandeminas\/\">\n        <img loading=\"lazy\" decoding=\"async\" width=\"280\" height=\"432\" src=\"https:\/\/universoproducao.nyc3.digitaloceanspaces.com\/cinebh2025\/2025\/08\/2-Ben-Hur-280x432.png\" class=\"movie-img\" alt=\"\" \/>\n                <span class=\"movie-content\">\n          <span class=\"title\">PANDEMINAS<\/span>\n                      <span class=\"direction on-hover\">Dire\u00e7\u00e3o: BEN-HUR NOGUEIRA<\/span>\n                                          <span class=\"country on-hover\">BRASIL<\/span>\n                                <span class=\"read-more btn-link on-hover uppercase\">\n              Saiba mais <i class=\"icon-arrow-right\"><\/i><\/span>\n                  <\/span>\n      <\/a>\n    <\/div>\n        <div class=\"movie-item swiper-slide \">\n      <a href=\"https:\/\/cinebh.com.br\/2025\/filme\/escuta-pra-ce-ve\/\">\n        <img loading=\"lazy\" decoding=\"async\" width=\"280\" height=\"432\" src=\"https:\/\/universoproducao.nyc3.digitaloceanspaces.com\/cinebh2025\/2025\/08\/ESCUTA-PRA-CE-VE-280x432.jpg\" class=\"movie-img\" alt=\"\" \/>\n                <span class=\"movie-content\">\n          <span class=\"title\">ESCUTA PRA C\u00ca V\u00ca<\/span>\n                      <span class=\"direction on-hover\">Dire\u00e7\u00e3o: Arthur Medrado e Thamira Bastos<\/span>\n                                          <span class=\"country on-hover\">Brasil<\/span>\n                                <span class=\"read-more btn-link on-hover uppercase\">\n              Saiba mais <i class=\"icon-arrow-right\"><\/i><\/span>\n                  <\/span>\n      <\/a>\n    <\/div>\n                <\/div>\n          <\/div>\n                      <div class=\"section-controls flex flex-col md:flex-row items-center justify-between w-full gap-4\">\n              <div class=\"slider-controls dark \">\n                <button class=\"slider-button-prev\">\n                  <i class=\"icon-arrow-left\"><\/i>\n                <\/button>\n                <div class=\"slider-pagination\"><\/div>\n                <button class=\"slider-button-next\">\n                  <i class=\"icon-arrow-right\"><\/i>\n                <\/button>\n              <\/div>\n                          <\/div>\n                  <\/div>\n      <\/div>\n    <\/div>\n              <\/div>\n    \n\n\n<p class=\"has-text-align-right\"><\/p>\n\n\n\n<div style=\"height:59px\" aria-hidden=\"true\" class=\"wp-block-spacer\"><\/div>\n","protected":false},"excerpt":{"rendered":"<p>MOSTRA A CIDADE EM MOVIMENTO A 19\u00aa CineBH chega at\u00e9 voc\u00ea tamb\u00e9m em ambiente digital, um recorte especial da Mostra A Cidade em Movimento, que chega a sua 10\u00aa edi\u00e7\u00e3o [&hellip;]<\/p>\n","protected":false},"author":1,"featured_media":0,"parent":727,"menu_order":12,"comment_status":"closed","ping_status":"closed","template":"","meta":{"footnotes":""},"class_list":["post-2425","page","type-page","status-publish","hentry"],"acf":[],"_links":{"self":[{"href":"https:\/\/cinebh.com.br\/2025\/wp-json\/wp\/v2\/pages\/2425","targetHints":{"allow":["GET"]}}],"collection":[{"href":"https:\/\/cinebh.com.br\/2025\/wp-json\/wp\/v2\/pages"}],"about":[{"href":"https:\/\/cinebh.com.br\/2025\/wp-json\/wp\/v2\/types\/page"}],"author":[{"embeddable":true,"href":"https:\/\/cinebh.com.br\/2025\/wp-json\/wp\/v2\/users\/1"}],"replies":[{"embeddable":true,"href":"https:\/\/cinebh.com.br\/2025\/wp-json\/wp\/v2\/comments?post=2425"}],"version-history":[{"count":6,"href":"https:\/\/cinebh.com.br\/2025\/wp-json\/wp\/v2\/pages\/2425\/revisions"}],"predecessor-version":[{"id":2434,"href":"https:\/\/cinebh.com.br\/2025\/wp-json\/wp\/v2\/pages\/2425\/revisions\/2434"}],"up":[{"embeddable":true,"href":"https:\/\/cinebh.com.br\/2025\/wp-json\/wp\/v2\/pages\/727"}],"wp:attachment":[{"href":"https:\/\/cinebh.com.br\/2025\/wp-json\/wp\/v2\/media?parent=2425"}],"curies":[{"name":"wp","href":"https:\/\/api.w.org\/{rel}","templated":true}]}}