{"id":2439,"date":"2025-09-15T13:53:38","date_gmt":"2025-09-15T16:53:38","guid":{"rendered":"https:\/\/cinebh.com.br\/?page_id=2439"},"modified":"2025-09-16T12:52:57","modified_gmt":"2025-09-16T15:52:57","slug":"2439-2","status":"publish","type":"page","link":"https:\/\/cinebh.com.br\/2025\/2439-2\/","title":{"rendered":"Juri"},"content":{"rendered":"\n<h3 class=\"wp-block-heading\">J\u00daRI OFICIAL<\/h3>\n\n\n<div class=\"expanded\"><div class=\"container container-1216\">\n    <div id=\"formation-block_68c8457008fbf\" class=\"formation-items formation-items-juri \">\n                      <div class=\"formation-item\">\n\n            \n                          <figure>\n                <img loading=\"lazy\" decoding=\"async\" width=\"464\" height=\"464\" src=\"https:\/\/universoproducao.nyc3.digitaloceanspaces.com\/cinebh2025\/2025\/09\/Daniela-Gillone-464x464.jpg\" class=\"attachment-block_workshop size-block_workshop\" alt=\"\" srcset=\"https:\/\/universoproducao.nyc3.digitaloceanspaces.com\/cinebh2025\/2025\/09\/Daniela-Gillone-464x464.jpg 464w, https:\/\/universoproducao.nyc3.digitaloceanspaces.com\/cinebh2025\/2025\/09\/Daniela-Gillone-150x150.jpg 150w, https:\/\/universoproducao.nyc3.digitaloceanspaces.com\/cinebh2025\/2025\/09\/Daniela-Gillone-230x230.jpg 230w, https:\/\/universoproducao.nyc3.digitaloceanspaces.com\/cinebh2025\/2025\/09\/Daniela-Gillone-176x176.jpg 176w, https:\/\/universoproducao.nyc3.digitaloceanspaces.com\/cinebh2025\/2025\/09\/Daniela-Gillone-360x360.jpg 360w\" sizes=\"auto, (max-width: 464px) 100vw, 464px\" \/>              <\/figure>\n            \n                          <div class=\"desc\">\n                                <div class=\"title\">\n                  <h2 class=\"uppercase\">DANIELA GILLONE<\/h2>\n                                      <div class=\"subtitle\"><p>PESQUISADORA DE CINEMA | BRASIL<\/p>\n<\/div>\n                                  <\/div>\n\n\n                \n                \n\n                \n                              <\/div>\n                      <\/div>\n                  <div class=\"formation-item\">\n\n            \n                          <figure>\n                <img loading=\"lazy\" decoding=\"async\" width=\"464\" height=\"464\" src=\"https:\/\/universoproducao.nyc3.digitaloceanspaces.com\/cinebh2025\/2025\/09\/Ivette-Liang-1-464x464.jpg\" class=\"attachment-block_workshop size-block_workshop\" alt=\"\" srcset=\"https:\/\/universoproducao.nyc3.digitaloceanspaces.com\/cinebh2025\/2025\/09\/Ivette-Liang-1-464x464.jpg 464w, https:\/\/universoproducao.nyc3.digitaloceanspaces.com\/cinebh2025\/2025\/09\/Ivette-Liang-1-150x150.jpg 150w, https:\/\/universoproducao.nyc3.digitaloceanspaces.com\/cinebh2025\/2025\/09\/Ivette-Liang-1-230x230.jpg 230w, https:\/\/universoproducao.nyc3.digitaloceanspaces.com\/cinebh2025\/2025\/09\/Ivette-Liang-1-176x176.jpg 176w, https:\/\/universoproducao.nyc3.digitaloceanspaces.com\/cinebh2025\/2025\/09\/Ivette-Liang-1-360x360.jpg 360w\" sizes=\"auto, (max-width: 464px) 100vw, 464px\" \/>              <\/figure>\n            \n                          <div class=\"desc\">\n                                <div class=\"title\">\n                  <h2 class=\"uppercase\">IVETTE LIANG<\/h2>\n                                      <div class=\"subtitle\"><p>PRODUTORA | CUBA\/COL\u00d4MBIA<\/p>\n<\/div>\n                                  <\/div>\n\n\n                \n                \n\n                \n                              <\/div>\n                      <\/div>\n                  <div class=\"formation-item\">\n\n            \n                          <figure>\n                <img loading=\"lazy\" decoding=\"async\" width=\"464\" height=\"464\" src=\"https:\/\/universoproducao.nyc3.digitaloceanspaces.com\/cinebh2025\/2025\/09\/Marilia-Rocha--e1758037649689-464x464.jpg\" class=\"attachment-block_workshop size-block_workshop\" alt=\"\" srcset=\"https:\/\/universoproducao.nyc3.digitaloceanspaces.com\/cinebh2025\/2025\/09\/Marilia-Rocha--e1758037649689-464x464.jpg 464w, https:\/\/universoproducao.nyc3.digitaloceanspaces.com\/cinebh2025\/2025\/09\/Marilia-Rocha--e1758037649689-150x150.jpg 150w, https:\/\/universoproducao.nyc3.digitaloceanspaces.com\/cinebh2025\/2025\/09\/Marilia-Rocha--e1758037649689-230x230.jpg 230w, https:\/\/universoproducao.nyc3.digitaloceanspaces.com\/cinebh2025\/2025\/09\/Marilia-Rocha--e1758037649689-176x176.jpg 176w, https:\/\/universoproducao.nyc3.digitaloceanspaces.com\/cinebh2025\/2025\/09\/Marilia-Rocha--e1758037649689-360x360.jpg 360w\" sizes=\"auto, (max-width: 464px) 100vw, 464px\" \/>              <\/figure>\n            \n                          <div class=\"desc\">\n                                <div class=\"title\">\n                  <h2 class=\"uppercase\">MAR\u00cdLIA ROCHA<\/h2>\n                                      <div class=\"subtitle\"><p>CINEASTA | BRASIL<\/p>\n<\/div>\n                                  <\/div>\n\n\n                \n                \n\n                \n                              <\/div>\n                      <\/div>\n                  <div class=\"formation-item\">\n\n            \n                          <figure>\n                <img loading=\"lazy\" decoding=\"async\" width=\"464\" height=\"464\" src=\"https:\/\/universoproducao.nyc3.digitaloceanspaces.com\/cinebh2025\/2025\/09\/Nelson-Carlos-De-los-Santos-Arias-1-464x464.jpg\" class=\"attachment-block_workshop size-block_workshop\" alt=\"\" srcset=\"https:\/\/universoproducao.nyc3.digitaloceanspaces.com\/cinebh2025\/2025\/09\/Nelson-Carlos-De-los-Santos-Arias-1-464x464.jpg 464w, https:\/\/universoproducao.nyc3.digitaloceanspaces.com\/cinebh2025\/2025\/09\/Nelson-Carlos-De-los-Santos-Arias-1-150x150.jpg 150w, https:\/\/universoproducao.nyc3.digitaloceanspaces.com\/cinebh2025\/2025\/09\/Nelson-Carlos-De-los-Santos-Arias-1-230x230.jpg 230w, https:\/\/universoproducao.nyc3.digitaloceanspaces.com\/cinebh2025\/2025\/09\/Nelson-Carlos-De-los-Santos-Arias-1-176x176.jpg 176w, https:\/\/universoproducao.nyc3.digitaloceanspaces.com\/cinebh2025\/2025\/09\/Nelson-Carlos-De-los-Santos-Arias-1-360x360.jpg 360w\" sizes=\"auto, (max-width: 464px) 100vw, 464px\" \/>              <\/figure>\n            \n                          <div class=\"desc\">\n                                <div class=\"title\">\n                  <h2 class=\"uppercase\">NELSON CARLO DE LOS SANTOS ARIAS<\/h2>\n                                      <div class=\"subtitle\"><p>CINEASTA | REP\u00daBLICA DOMINICANA<\/p>\n<\/div>\n                                  <\/div>\n\n\n                \n                \n\n                \n                              <\/div>\n                      <\/div>\n                  <div class=\"formation-item\">\n\n            \n                          <figure>\n                <img loading=\"lazy\" decoding=\"async\" width=\"464\" height=\"464\" src=\"https:\/\/universoproducao.nyc3.digitaloceanspaces.com\/cinebh2025\/2025\/09\/Renato-Novaes-e1758037774426-464x464.jpg\" class=\"attachment-block_workshop size-block_workshop\" alt=\"\" srcset=\"https:\/\/universoproducao.nyc3.digitaloceanspaces.com\/cinebh2025\/2025\/09\/Renato-Novaes-e1758037774426-464x464.jpg 464w, https:\/\/universoproducao.nyc3.digitaloceanspaces.com\/cinebh2025\/2025\/09\/Renato-Novaes-e1758037774426-300x300.jpg 300w, https:\/\/universoproducao.nyc3.digitaloceanspaces.com\/cinebh2025\/2025\/09\/Renato-Novaes-e1758037774426-150x150.jpg 150w, https:\/\/universoproducao.nyc3.digitaloceanspaces.com\/cinebh2025\/2025\/09\/Renato-Novaes-e1758037774426-768x768.jpg 768w, https:\/\/universoproducao.nyc3.digitaloceanspaces.com\/cinebh2025\/2025\/09\/Renato-Novaes-e1758037774426-230x230.jpg 230w, https:\/\/universoproducao.nyc3.digitaloceanspaces.com\/cinebh2025\/2025\/09\/Renato-Novaes-e1758037774426-176x176.jpg 176w, https:\/\/universoproducao.nyc3.digitaloceanspaces.com\/cinebh2025\/2025\/09\/Renato-Novaes-e1758037774426-360x360.jpg 360w, https:\/\/universoproducao.nyc3.digitaloceanspaces.com\/cinebh2025\/2025\/09\/Renato-Novaes-e1758037774426.jpg 853w\" sizes=\"auto, (max-width: 464px) 100vw, 464px\" \/>              <\/figure>\n            \n                          <div class=\"desc\">\n                                <div class=\"title\">\n                  <h2 class=\"uppercase\">RENATO NOVAES<\/h2>\n                                      <div class=\"subtitle\"><p>ATOR E EDUCADOR | BRASIL<\/p>\n<\/div>\n                                  <\/div>\n\n\n                \n                \n\n                \n                              <\/div>\n                      <\/div>\n            <\/div>\n    <\/div><\/div>\n\n\n<div style=\"height:88px\" aria-hidden=\"true\" class=\"wp-block-spacer\"><\/div>\n\n\n\n<h3 class=\"wp-block-heading\">J\u00daRI DA CR\u00cdTICA | ABRACCINE<\/h3>\n\n\n\n<p>Pr\u00eamio da Associa\u00e7\u00e3o Brasileira de Cr\u00edticos de Cinema (Abraccine) <\/p>\n\n\n\n<p>O J\u00fari da Cr\u00edtica na 19\u00aa CineBH vai premiar um longa-metragem da Mostra Territ\u00f3rio e tem coordena\u00e7\u00e3o da Abraccine (Associa\u00e7\u00e3o Brasileira de Cr\u00edticos de Cinema). Os integrantes do j\u00fari s\u00e3o:<\/p>\n\n\n\n<p><strong>Kel Gomes (MG)<br><\/strong>Cr\u00edtica | Cinemat\u00f3rio<\/p>\n\n\n\n<p><strong>Natalia Bocanera (SP)<br><\/strong>Cr\u00edtica | Coletivo Cr\u00edtico<\/p>\n\n\n\n<p><strong>Vivi Pistache (MG\/SP)<br><\/strong>Cr\u00edtica | Blog do Arcanjo, Cine Ninja e Geled\u00e9s<\/p>\n","protected":false},"excerpt":{"rendered":"<p>J\u00daRI OFICIAL J\u00daRI DA CR\u00cdTICA | ABRACCINE Pr\u00eamio da Associa\u00e7\u00e3o Brasileira de Cr\u00edticos de Cinema (Abraccine) O J\u00fari da Cr\u00edtica na 19\u00aa CineBH vai premiar um longa-metragem da Mostra Territ\u00f3rio [&hellip;]<\/p>\n","protected":false},"author":1,"featured_media":0,"parent":0,"menu_order":10,"comment_status":"closed","ping_status":"closed","template":"","meta":{"footnotes":""},"class_list":["post-2439","page","type-page","status-publish","hentry"],"acf":[],"_links":{"self":[{"href":"https:\/\/cinebh.com.br\/2025\/wp-json\/wp\/v2\/pages\/2439","targetHints":{"allow":["GET"]}}],"collection":[{"href":"https:\/\/cinebh.com.br\/2025\/wp-json\/wp\/v2\/pages"}],"about":[{"href":"https:\/\/cinebh.com.br\/2025\/wp-json\/wp\/v2\/types\/page"}],"author":[{"embeddable":true,"href":"https:\/\/cinebh.com.br\/2025\/wp-json\/wp\/v2\/users\/1"}],"replies":[{"embeddable":true,"href":"https:\/\/cinebh.com.br\/2025\/wp-json\/wp\/v2\/comments?post=2439"}],"version-history":[{"count":10,"href":"https:\/\/cinebh.com.br\/2025\/wp-json\/wp\/v2\/pages\/2439\/revisions"}],"predecessor-version":[{"id":2494,"href":"https:\/\/cinebh.com.br\/2025\/wp-json\/wp\/v2\/pages\/2439\/revisions\/2494"}],"wp:attachment":[{"href":"https:\/\/cinebh.com.br\/2025\/wp-json\/wp\/v2\/media?parent=2439"}],"curies":[{"name":"wp","href":"https:\/\/api.w.org\/{rel}","templated":true}]}}