{"id":2463,"date":"2025-09-15T18:36:20","date_gmt":"2025-09-15T21:36:20","guid":{"rendered":"https:\/\/cinebh.com.br\/?page_id=2463"},"modified":"2025-09-15T18:43:14","modified_gmt":"2025-09-15T21:43:14","slug":"performance-de-abertura","status":"publish","type":"page","link":"https:\/\/cinebh.com.br\/2025\/arte\/performance-de-abertura\/","title":{"rendered":"Performance de abertura"},"content":{"rendered":"\n<p>Apresenta\u00e7\u00e3o da tem\u00e1tica central do evento: <strong>HORIZONTES LATINOS: N\u00d3S SOMOS O NOSSO FUTURO?<\/strong><br>Dire\u00e7\u00e3o: <strong>Chico de Paula<\/strong><br>Roteiro: <strong>Chico de Paula e Raquel Hallak<\/strong><br>Apresentador: <strong>David Maurity<\/strong><br>Participa\u00e7\u00f5es Especiais: <strong>Josy.Anne, Favelinha Dance, Agbara Groove<\/strong><br>Trilha ao Vivo: <strong>DJ F\u00ea Linz e <strong>Agbara Groove<\/strong><\/strong><br>Motion Design: <strong>Raquel Pinheiro<\/strong><br>Empresa Produtora: <strong>Universo Produ\u00e7\u00e3o<\/strong><\/p>\n\n\n\n<p><\/p>\n\n\n<div class=\"expanded\"><div class=\"container container-1216\">\n    <div id=\"formation-block_68c886b35f3fc\" class=\"formation-items\">\n                      <div class=\"formation-item\">\n\n            \n                          <figure>\n                <img loading=\"lazy\" decoding=\"async\" width=\"464\" height=\"464\" src=\"https:\/\/universoproducao.nyc3.digitaloceanspaces.com\/cinebh2025\/2025\/09\/Favelinha-Dance-FIT-Foto-Pafyeze-464x464.jpg\" class=\"attachment-block_workshop size-block_workshop\" alt=\"\" srcset=\"https:\/\/universoproducao.nyc3.digitaloceanspaces.com\/cinebh2025\/2025\/09\/Favelinha-Dance-FIT-Foto-Pafyeze-464x464.jpg 464w, https:\/\/universoproducao.nyc3.digitaloceanspaces.com\/cinebh2025\/2025\/09\/Favelinha-Dance-FIT-Foto-Pafyeze-150x150.jpg 150w, https:\/\/universoproducao.nyc3.digitaloceanspaces.com\/cinebh2025\/2025\/09\/Favelinha-Dance-FIT-Foto-Pafyeze-230x230.jpg 230w, https:\/\/universoproducao.nyc3.digitaloceanspaces.com\/cinebh2025\/2025\/09\/Favelinha-Dance-FIT-Foto-Pafyeze-176x176.jpg 176w, https:\/\/universoproducao.nyc3.digitaloceanspaces.com\/cinebh2025\/2025\/09\/Favelinha-Dance-FIT-Foto-Pafyeze-360x360.jpg 360w\" sizes=\"auto, (max-width: 464px) 100vw, 464px\" \/>              <\/figure>\n            \n                          <div class=\"desc\">\n                                <div class=\"title\">\n                  <h2 class=\"uppercase\">FAVELINHA DANCE<\/h2>\n                                  <\/div>\n\n\n                                  <div class=\"info\">\n                                                      <span class=\"place\"><i\n                    class=\"icon-pin-fill\"><\/i>Grande Teatro &#8211; Cine Theatro Brasil                    <\/span>                                                                      <\/div>\n                \n                                  <p class=\"excerpt\">\n                    O Favelinha Dance \u00e9 um grupo de dan\u00e7a dedicado ao estudo e difus\u00e3o do funk, criado com o objetivo de ampliar o acesso \u00e0 cultura nas comunidades. Desde 2017, o [&hellip;]                  <\/p>\n                \n\n                \n                                  <div class=\"cta\">\n                                          <a class=\"btn-red with-decorator black\" href=\"https:\/\/cinebh.com.br\/2025\/atividades\/favelinha-dance\/\">\n                        Saiba mais<\/a>\n                                                          <\/div>\n                              <\/div>\n                      <\/div>\n                  <div class=\"formation-item\">\n\n            \n                          <figure>\n                <img loading=\"lazy\" decoding=\"async\" width=\"464\" height=\"464\" src=\"https:\/\/universoproducao.nyc3.digitaloceanspaces.com\/cinebh2025\/2025\/09\/Josy-Anne-Foto-por-Jose-de-Holanda-%40josedeholanda_-0914-copiar-464x464.jpg\" class=\"attachment-block_workshop size-block_workshop\" alt=\"\" srcset=\"https:\/\/universoproducao.nyc3.digitaloceanspaces.com\/cinebh2025\/2025\/09\/Josy-Anne-Foto-por-Jose-de-Holanda-%40josedeholanda_-0914-copiar-464x464.jpg 464w, https:\/\/universoproducao.nyc3.digitaloceanspaces.com\/cinebh2025\/2025\/09\/Josy-Anne-Foto-por-Jose-de-Holanda-%40josedeholanda_-0914-copiar-150x150.jpg 150w, https:\/\/universoproducao.nyc3.digitaloceanspaces.com\/cinebh2025\/2025\/09\/Josy-Anne-Foto-por-Jose-de-Holanda-%40josedeholanda_-0914-copiar-230x230.jpg 230w, https:\/\/universoproducao.nyc3.digitaloceanspaces.com\/cinebh2025\/2025\/09\/Josy-Anne-Foto-por-Jose-de-Holanda-%40josedeholanda_-0914-copiar-176x176.jpg 176w, https:\/\/universoproducao.nyc3.digitaloceanspaces.com\/cinebh2025\/2025\/09\/Josy-Anne-Foto-por-Jose-de-Holanda-%40josedeholanda_-0914-copiar-360x360.jpg 360w\" sizes=\"auto, (max-width: 464px) 100vw, 464px\" \/>              <\/figure>\n            \n                          <div class=\"desc\">\n                                <div class=\"title\">\n                  <h2 class=\"uppercase\">JOSY.ANNE<\/h2>\n                                  <\/div>\n\n\n                                  <div class=\"info\">\n                                                      <span class=\"place\"><i\n                    class=\"icon-pin-fill\"><\/i>Grande Teatro &#8211; Cine Theatro Brasil                    <\/span>                                                                      <\/div>\n                \n                                  <p class=\"excerpt\">\n                    Nascida em Belo Horizonte, Minas Gerais, Josy.Anne \u00e9 uma artista que transita entre a m\u00fasica e o teatro, construindo uma narrativa singular atrav\u00e9s de sua presen\u00e7a c\u00eanica e sonora. Com [&hellip;]                  <\/p>\n                \n\n                \n                                  <div class=\"cta\">\n                                          <a class=\"btn-red with-decorator black\" href=\"https:\/\/cinebh.com.br\/2025\/atividades\/josy-anne\/\">\n                        Saiba mais<\/a>\n                                                          <\/div>\n                              <\/div>\n                      <\/div>\n                  <div class=\"formation-item\">\n\n            \n                          <figure>\n                <img loading=\"lazy\" decoding=\"async\" width=\"464\" height=\"464\" src=\"https:\/\/universoproducao.nyc3.digitaloceanspaces.com\/cinebh2025\/2025\/09\/Agbara-Groove-464x464.jpeg\" class=\"attachment-block_workshop size-block_workshop\" alt=\"\" srcset=\"https:\/\/universoproducao.nyc3.digitaloceanspaces.com\/cinebh2025\/2025\/09\/Agbara-Groove-464x464.jpeg 464w, https:\/\/universoproducao.nyc3.digitaloceanspaces.com\/cinebh2025\/2025\/09\/Agbara-Groove-150x150.jpeg 150w, https:\/\/universoproducao.nyc3.digitaloceanspaces.com\/cinebh2025\/2025\/09\/Agbara-Groove-230x230.jpeg 230w, https:\/\/universoproducao.nyc3.digitaloceanspaces.com\/cinebh2025\/2025\/09\/Agbara-Groove-176x176.jpeg 176w, https:\/\/universoproducao.nyc3.digitaloceanspaces.com\/cinebh2025\/2025\/09\/Agbara-Groove-360x360.jpeg 360w\" sizes=\"auto, (max-width: 464px) 100vw, 464px\" \/>              <\/figure>\n            \n                          <div class=\"desc\">\n                                <div class=\"title\">\n                  <h2 class=\"uppercase\">AGBARA GROOVE<\/h2>\n                                  <\/div>\n\n\n                                  <div class=\"info\">\n                                                      <span class=\"place\"><i\n                    class=\"icon-pin-fill\"><\/i>Grande Teatro &#8211; Cine Theatro Brasil                    <\/span>                                                                      <\/div>\n                \n                                  <p class=\"excerpt\">\n                    O Agbara Groove nasce no Morro das Pedras, pulsando da juventude que transforma percuss\u00e3o em futuro. Mais do que um coletivo musical, \u00e9 uma for\u00e7a de resist\u00eancia e cria\u00e7\u00e3o: jovens [&hellip;]                  <\/p>\n                \n\n                \n                                  <div class=\"cta\">\n                                          <a class=\"btn-red with-decorator black\" href=\"https:\/\/cinebh.com.br\/2025\/atividades\/agbara-groove\/\">\n                        Saiba mais<\/a>\n                                                          <\/div>\n                              <\/div>\n                      <\/div>\n                  <div class=\"formation-item\">\n\n            \n                          <figure>\n                <img loading=\"lazy\" decoding=\"async\" width=\"464\" height=\"464\" src=\"https:\/\/universoproducao.nyc3.digitaloceanspaces.com\/cinebh2025\/2025\/09\/Fe-Linz-464x464.jpeg\" class=\"attachment-block_workshop size-block_workshop\" alt=\"\" srcset=\"https:\/\/universoproducao.nyc3.digitaloceanspaces.com\/cinebh2025\/2025\/09\/Fe-Linz-464x464.jpeg 464w, https:\/\/universoproducao.nyc3.digitaloceanspaces.com\/cinebh2025\/2025\/09\/Fe-Linz-300x300.jpeg 300w, https:\/\/universoproducao.nyc3.digitaloceanspaces.com\/cinebh2025\/2025\/09\/Fe-Linz-150x150.jpeg 150w, https:\/\/universoproducao.nyc3.digitaloceanspaces.com\/cinebh2025\/2025\/09\/Fe-Linz-230x230.jpeg 230w, https:\/\/universoproducao.nyc3.digitaloceanspaces.com\/cinebh2025\/2025\/09\/Fe-Linz-176x176.jpeg 176w, https:\/\/universoproducao.nyc3.digitaloceanspaces.com\/cinebh2025\/2025\/09\/Fe-Linz-360x360.jpeg 360w, https:\/\/universoproducao.nyc3.digitaloceanspaces.com\/cinebh2025\/2025\/09\/Fe-Linz.jpeg 720w\" sizes=\"auto, (max-width: 464px) 100vw, 464px\" \/>              <\/figure>\n            \n                          <div class=\"desc\">\n                                <div class=\"title\">\n                  <h2 class=\"uppercase\">DJ F\u00ca LINZ<\/h2>\n                                  <\/div>\n\n\n                                  <div class=\"info\">\n                                                      <span class=\"place\"><i\n                    class=\"icon-pin-fill\"><\/i>Grande Teatro &#8211; Cine Theatro Brasil                    <\/span>                                                                      <\/div>\n                \n                                  <p class=\"excerpt\">\n                    DJ e produtora em Belo Horizonte. Com 13 anos de discotecagem atua principalmente com material musical que foi produzido nas d\u00e9cadas de 60 a 90. Seus sets passeiam por v\u00e1rios [&hellip;]                  <\/p>\n                \n\n                \n                                  <div class=\"cta\">\n                                          <a class=\"btn-red with-decorator black\" href=\"https:\/\/cinebh.com.br\/2025\/atividades\/dj-fe-linz\/\">\n                        Saiba mais<\/a>\n                                                          <\/div>\n                              <\/div>\n                      <\/div>\n                  <div class=\"formation-item\">\n\n            \n                          <figure>\n                <img loading=\"lazy\" decoding=\"async\" width=\"464\" height=\"464\" src=\"https:\/\/universoproducao.nyc3.digitaloceanspaces.com\/cinebh2025\/2025\/09\/Chico-de-Paula-464x464.jpg\" class=\"attachment-block_workshop size-block_workshop\" alt=\"\" srcset=\"https:\/\/universoproducao.nyc3.digitaloceanspaces.com\/cinebh2025\/2025\/09\/Chico-de-Paula-464x464.jpg 464w, https:\/\/universoproducao.nyc3.digitaloceanspaces.com\/cinebh2025\/2025\/09\/Chico-de-Paula-300x300.jpg 300w, https:\/\/universoproducao.nyc3.digitaloceanspaces.com\/cinebh2025\/2025\/09\/Chico-de-Paula-1024x1024.jpg 1024w, https:\/\/universoproducao.nyc3.digitaloceanspaces.com\/cinebh2025\/2025\/09\/Chico-de-Paula-150x150.jpg 150w, https:\/\/universoproducao.nyc3.digitaloceanspaces.com\/cinebh2025\/2025\/09\/Chico-de-Paula-768x768.jpg 768w, https:\/\/universoproducao.nyc3.digitaloceanspaces.com\/cinebh2025\/2025\/09\/Chico-de-Paula-1536x1536.jpg 1536w, https:\/\/universoproducao.nyc3.digitaloceanspaces.com\/cinebh2025\/2025\/09\/Chico-de-Paula-230x230.jpg 230w, https:\/\/universoproducao.nyc3.digitaloceanspaces.com\/cinebh2025\/2025\/09\/Chico-de-Paula-176x176.jpg 176w, https:\/\/universoproducao.nyc3.digitaloceanspaces.com\/cinebh2025\/2025\/09\/Chico-de-Paula-360x360.jpg 360w, https:\/\/universoproducao.nyc3.digitaloceanspaces.com\/cinebh2025\/2025\/09\/Chico-de-Paula.jpg 1836w\" sizes=\"auto, (max-width: 464px) 100vw, 464px\" \/>              <\/figure>\n            \n                          <div class=\"desc\">\n                                <div class=\"title\">\n                  <h2 class=\"uppercase\">CHICO DE PAULA<\/h2>\n                                  <\/div>\n\n\n                                  <div class=\"info\">\n                                                      <span class=\"place\"><i\n                    class=\"icon-pin-fill\"><\/i>Grande Teatro &#8211; Cine Theatro Brasil                    <\/span>                                                                      <\/div>\n                \n                                  <p class=\"excerpt\">\n                    Artista audiovisual e poeta. Desenvolve performances, espet\u00e1culos intermidi\u00e1ticos, instala\u00e7\u00f5es e conte\u00fados audiovisuais interativos para museus. Com forma\u00e7\u00e3o em Arquitetura e Design, atua em diversos suportes, com foco na pesquisa de [&hellip;]                  <\/p>\n                \n\n                \n                                  <div class=\"cta\">\n                                          <a class=\"btn-red with-decorator black\" href=\"https:\/\/cinebh.com.br\/2025\/atividades\/chico-de-paula\/\">\n                        Saiba mais<\/a>\n                                                          <\/div>\n                              <\/div>\n                      <\/div>\n            <\/div>\n    <\/div><\/div>","protected":false},"excerpt":{"rendered":"<p>Apresenta\u00e7\u00e3o da tem\u00e1tica central do evento: HORIZONTES LATINOS: N\u00d3S SOMOS O NOSSO FUTURO?Dire\u00e7\u00e3o: Chico de PaulaRoteiro: Chico de Paula e Raquel HallakApresentador: David MaurityParticipa\u00e7\u00f5es Especiais: Josy.Anne, Favelinha Dance, Agbara GrooveTrilha [&hellip;]<\/p>\n","protected":false},"author":1,"featured_media":0,"parent":2461,"menu_order":6,"comment_status":"closed","ping_status":"closed","template":"","meta":{"footnotes":""},"class_list":["post-2463","page","type-page","status-publish","hentry"],"acf":[],"_links":{"self":[{"href":"https:\/\/cinebh.com.br\/2025\/wp-json\/wp\/v2\/pages\/2463","targetHints":{"allow":["GET"]}}],"collection":[{"href":"https:\/\/cinebh.com.br\/2025\/wp-json\/wp\/v2\/pages"}],"about":[{"href":"https:\/\/cinebh.com.br\/2025\/wp-json\/wp\/v2\/types\/page"}],"author":[{"embeddable":true,"href":"https:\/\/cinebh.com.br\/2025\/wp-json\/wp\/v2\/users\/1"}],"replies":[{"embeddable":true,"href":"https:\/\/cinebh.com.br\/2025\/wp-json\/wp\/v2\/comments?post=2463"}],"version-history":[{"count":4,"href":"https:\/\/cinebh.com.br\/2025\/wp-json\/wp\/v2\/pages\/2463\/revisions"}],"predecessor-version":[{"id":2469,"href":"https:\/\/cinebh.com.br\/2025\/wp-json\/wp\/v2\/pages\/2463\/revisions\/2469"}],"up":[{"embeddable":true,"href":"https:\/\/cinebh.com.br\/2025\/wp-json\/wp\/v2\/pages\/2461"}],"wp:attachment":[{"href":"https:\/\/cinebh.com.br\/2025\/wp-json\/wp\/v2\/media?parent=2463"}],"curies":[{"name":"wp","href":"https:\/\/api.w.org\/{rel}","templated":true}]}}