{"id":2475,"date":"2025-09-16T12:31:00","date_gmt":"2025-09-16T15:31:00","guid":{"rendered":"https:\/\/cinebh.com.br\/?page_id=2475"},"modified":"2025-09-16T12:31:01","modified_gmt":"2025-09-16T15:31:01","slug":"locais-de-realizacao","status":"publish","type":"page","link":"https:\/\/cinebh.com.br\/2025\/o-evento\/locais-de-realizacao\/","title":{"rendered":"Locais de realiza\u00e7\u00e3o"},"content":{"rendered":"\n<p><strong>FUNDA\u00c7\u00c3O CL\u00d3VIS SALGADO | PAL\u00c1CIO DAS ARTES | SEDE DO EVENTO<\/strong><br>Av. Afonso Pena, 1537 \u2013 Centro<br> &#8211; Cine Humberto Mauro (plateia de 129 lugares)<br> &#8211; Sala Juvenal Dias \u2013 Semin\u00e1rio Internacional<br> &#8211; Teatro Jo\u00e3o Ceschiatti \u2013 Programa de Forma\u00e7\u00e3o<br> &#8211; Jardim Interno \u2013 Tenda Brasil CineMundi<br> &#8211; Jardim do Parque \u2013 Espa\u00e7o Petrobras de Conex\u00f5es<br> &#8211; \u00c1rea de Conviv\u00eancia | Caf\u00e9<\/p>\n\n\n\n<p><br><strong>CINE THEATRO BRASIL Pra\u00e7a Sete, s\/n \u2013 Centro<\/strong><br> &#8211; Grande Theatro (plateia de 1.000 lugares)<br><\/p>\n\n\n\n<p><strong>CINE THEATRO BRASIL &#8211; TEATRO DE C\u00c2MARA Av. Amazonas 315 \u2013 Centro<\/strong><br> &#8211; Teatro de C\u00e2mara (plateia de 200 lugares)<br><\/p>\n\n\n\n<p><strong>UNA CINE BELAS ARTES Rua Gon\u00e7alves Dias, 1581 \u2013 Lourdes<\/strong><br> &#8211; Sala 2 (plateia de 120 lugares)<br><\/p>\n\n\n\n<p><strong>CINE SANTA TEREZA Rua Estrela do Sul, 89 \u2013 Santa Tereza<\/strong><br> &#8211; Cinema (plateia de 122 lugares)<\/p>\n\n\n\n<p><strong>CENTRO CULTURAL UNIMED-BH MINAS Rua da Bahia, 2244 \u2013 Lourdes<\/strong><br> &#8211; Sala de Cinema 2 (plateia de 41 lugares)<\/p>\n\n\n\n<p><strong>CENTRO CULTURAL SESIMINAS Rua Padre Marinho, 60 \u2013 Santa Efig\u00eania<\/strong><br> &#8211; Teatro Sesiminas (plateia de 660 lugares)<\/p>\n\n\n\n<p><strong>CASA DA MOSTRA Rua Marip\u00e1, 43 \u2013 Serra<\/strong><br> &#8211; CineMundi Lab<\/p>\n\n\n\n<p><strong>PRA\u00c7A DA LIBERDADE Pra\u00e7a da Liberdade \u2013 Savassi<\/strong><br> &#8211; Cine Petrobras na Pra\u00e7a<\/p>\n","protected":false},"excerpt":{"rendered":"<p>FUNDA\u00c7\u00c3O CL\u00d3VIS SALGADO | PAL\u00c1CIO DAS ARTES | SEDE DO EVENTOAv. Afonso Pena, 1537 \u2013 Centro &#8211; Cine Humberto Mauro (plateia de 129 lugares) &#8211; Sala Juvenal Dias \u2013 Semin\u00e1rio [&hellip;]<\/p>\n","protected":false},"author":1,"featured_media":0,"parent":240,"menu_order":5,"comment_status":"closed","ping_status":"closed","template":"","meta":{"footnotes":""},"class_list":["post-2475","page","type-page","status-publish","hentry"],"acf":[],"_links":{"self":[{"href":"https:\/\/cinebh.com.br\/2025\/wp-json\/wp\/v2\/pages\/2475","targetHints":{"allow":["GET"]}}],"collection":[{"href":"https:\/\/cinebh.com.br\/2025\/wp-json\/wp\/v2\/pages"}],"about":[{"href":"https:\/\/cinebh.com.br\/2025\/wp-json\/wp\/v2\/types\/page"}],"author":[{"embeddable":true,"href":"https:\/\/cinebh.com.br\/2025\/wp-json\/wp\/v2\/users\/1"}],"replies":[{"embeddable":true,"href":"https:\/\/cinebh.com.br\/2025\/wp-json\/wp\/v2\/comments?post=2475"}],"version-history":[{"count":1,"href":"https:\/\/cinebh.com.br\/2025\/wp-json\/wp\/v2\/pages\/2475\/revisions"}],"predecessor-version":[{"id":2476,"href":"https:\/\/cinebh.com.br\/2025\/wp-json\/wp\/v2\/pages\/2475\/revisions\/2476"}],"up":[{"embeddable":true,"href":"https:\/\/cinebh.com.br\/2025\/wp-json\/wp\/v2\/pages\/240"}],"wp:attachment":[{"href":"https:\/\/cinebh.com.br\/2025\/wp-json\/wp\/v2\/media?parent=2475"}],"curies":[{"name":"wp","href":"https:\/\/api.w.org\/{rel}","templated":true}]}}