{"id":2705,"date":"2025-09-16T14:12:49","date_gmt":"2025-09-16T17:12:49","guid":{"rendered":"https:\/\/cinebh.com.br\/?page_id=2705"},"modified":"2025-09-16T14:12:52","modified_gmt":"2025-09-16T17:12:52","slug":"intervencoes-artisticas","status":"publish","type":"page","link":"https:\/\/cinebh.com.br\/2025\/arte\/intervencoes-artisticas\/","title":{"rendered":"Interven\u00e7\u00f5es Art\u00edsticas"},"content":{"rendered":"<div class=\"expanded\"><div class=\"container container-1216\">\n    <div id=\"formation-block_68c99a6c4edbb\" class=\"formation-items\">\n                      <div class=\"formation-item\">\n\n            \n                          <figure>\n                <img loading=\"lazy\" decoding=\"async\" width=\"464\" height=\"464\" src=\"https:\/\/universoproducao.nyc3.digitaloceanspaces.com\/cinebh2025\/2025\/09\/Cine-Concerto-Tela-Sonora-camille_olivieri_photographe_016-464x464.jpg\" class=\"attachment-block_workshop size-block_workshop\" alt=\"\" srcset=\"https:\/\/universoproducao.nyc3.digitaloceanspaces.com\/cinebh2025\/2025\/09\/Cine-Concerto-Tela-Sonora-camille_olivieri_photographe_016-464x464.jpg 464w, https:\/\/universoproducao.nyc3.digitaloceanspaces.com\/cinebh2025\/2025\/09\/Cine-Concerto-Tela-Sonora-camille_olivieri_photographe_016-150x150.jpg 150w, https:\/\/universoproducao.nyc3.digitaloceanspaces.com\/cinebh2025\/2025\/09\/Cine-Concerto-Tela-Sonora-camille_olivieri_photographe_016-230x230.jpg 230w, https:\/\/universoproducao.nyc3.digitaloceanspaces.com\/cinebh2025\/2025\/09\/Cine-Concerto-Tela-Sonora-camille_olivieri_photographe_016-176x176.jpg 176w, https:\/\/universoproducao.nyc3.digitaloceanspaces.com\/cinebh2025\/2025\/09\/Cine-Concerto-Tela-Sonora-camille_olivieri_photographe_016-360x360.jpg 360w\" sizes=\"auto, (max-width: 464px) 100vw, 464px\" \/>              <\/figure>\n            \n                          <div class=\"desc\">\n                                <div class=\"title\">\n                  <h2 class=\"uppercase\">CINE CONCERTO<\/h2>\n                                  <\/div>\n\n\n                                  <div class=\"info\">\n                  <span class=\"date\"><i\n                    class=\"icon-mdi-calendar\"><\/i>28 SET | DOMINGO | 16H                    <\/span>                                    <span class=\"place\"><i\n                    class=\"icon-pin-fill\"><\/i>Cine Petrobras na Pra\u00e7a | Pra\u00e7a da Liberdade                    <\/span>                                                                      <\/div>\n                \n                                  <p class=\"excerpt\">\n                    Tela Sonora \u00e9 um cine-concerto in\u00e9dito reunindo m\u00fasica eletr\u00f4nica e curtas de anima\u00e7\u00e3o de diretores brasileiros. O trabalho de composi\u00e7\u00e3o foi realizado pelos artistas Xavier Garcia e J\u00e9r\u00f4me Lopez, e [&hellip;]                  <\/p>\n                \n\n                \n                                  <div class=\"cta\">\n                                          <a class=\"btn-red with-decorator black\" href=\"https:\/\/cinebh.com.br\/2025\/atividades\/cine-concerto\/\">\n                        Saiba mais<\/a>\n                                                          <\/div>\n                              <\/div>\n                      <\/div>\n                  <div class=\"formation-item\">\n\n            \n                          <figure>\n                <img loading=\"lazy\" decoding=\"async\" width=\"464\" height=\"464\" src=\"https:\/\/universoproducao.nyc3.digitaloceanspaces.com\/cinebh2025\/2025\/09\/Magico-Roni-Rodan-scaled-e1758232803307-464x464.jpg\" class=\"attachment-block_workshop size-block_workshop\" alt=\"\" srcset=\"https:\/\/universoproducao.nyc3.digitaloceanspaces.com\/cinebh2025\/2025\/09\/Magico-Roni-Rodan-scaled-e1758232803307-464x464.jpg 464w, https:\/\/universoproducao.nyc3.digitaloceanspaces.com\/cinebh2025\/2025\/09\/Magico-Roni-Rodan-scaled-e1758232803307-150x150.jpg 150w, https:\/\/universoproducao.nyc3.digitaloceanspaces.com\/cinebh2025\/2025\/09\/Magico-Roni-Rodan-scaled-e1758232803307-230x230.jpg 230w, https:\/\/universoproducao.nyc3.digitaloceanspaces.com\/cinebh2025\/2025\/09\/Magico-Roni-Rodan-scaled-e1758232803307-176x176.jpg 176w, https:\/\/universoproducao.nyc3.digitaloceanspaces.com\/cinebh2025\/2025\/09\/Magico-Roni-Rodan-scaled-e1758232803307-360x360.jpg 360w\" sizes=\"auto, (max-width: 464px) 100vw, 464px\" \/>              <\/figure>\n            \n                          <div class=\"desc\">\n                                <div class=\"title\">\n                  <h2 class=\"uppercase\">M\u00c1GICO RONI RODAN<\/h2>\n                                  <\/div>\n\n\n                                  <div class=\"info\">\n                  <span class=\"date\"><i\n                    class=\"icon-mdi-calendar\"><\/i>28 SET | DOMINGO | 16H                    <\/span>                                    <span class=\"place\"><i\n                    class=\"icon-pin-fill\"><\/i>Cine Petrobras na Pra\u00e7a | Pra\u00e7a da Liberdade                    <\/span>                                                                      <\/div>\n                \n                                  <p class=\"excerpt\">\n                    Muita divers\u00e3o, intera\u00e7\u00e3o, humor, m\u00e1gicas educativas e visuais. Um espet\u00e1culo l\u00fadico para todas as idades.                  <\/p>\n                \n\n                \n                                  <div class=\"cta\">\n                                          <a class=\"btn-red with-decorator black\" href=\"https:\/\/cinebh.com.br\/2025\/atividades\/magico-roni-rodan\/\">\n                        Saiba mais<\/a>\n                                                          <\/div>\n                              <\/div>\n                      <\/div>\n                  <div class=\"formation-item\">\n\n            \n                          <figure>\n                <img loading=\"lazy\" decoding=\"async\" width=\"464\" height=\"464\" src=\"https:\/\/universoproducao.nyc3.digitaloceanspaces.com\/cinebh2025\/2025\/09\/Palhaco-Cloro-464x464.jpg\" class=\"attachment-block_workshop size-block_workshop\" alt=\"\" srcset=\"https:\/\/universoproducao.nyc3.digitaloceanspaces.com\/cinebh2025\/2025\/09\/Palhaco-Cloro-464x464.jpg 464w, https:\/\/universoproducao.nyc3.digitaloceanspaces.com\/cinebh2025\/2025\/09\/Palhaco-Cloro-150x150.jpg 150w, https:\/\/universoproducao.nyc3.digitaloceanspaces.com\/cinebh2025\/2025\/09\/Palhaco-Cloro-230x230.jpg 230w, https:\/\/universoproducao.nyc3.digitaloceanspaces.com\/cinebh2025\/2025\/09\/Palhaco-Cloro-176x176.jpg 176w, https:\/\/universoproducao.nyc3.digitaloceanspaces.com\/cinebh2025\/2025\/09\/Palhaco-Cloro-360x360.jpg 360w\" sizes=\"auto, (max-width: 464px) 100vw, 464px\" \/>              <\/figure>\n            \n                          <div class=\"desc\">\n                                <div class=\"title\">\n                  <h2 class=\"uppercase\">PALHA\u00c7O CLORO<\/h2>\n                                  <\/div>\n\n\n                                  <div class=\"info\">\n                  <span class=\"date\"><i\n                    class=\"icon-mdi-calendar\"><\/i>27 SET | S\u00c1BADO | 17H                    <\/span>                                    <span class=\"place\"><i\n                    class=\"icon-pin-fill\"><\/i>Cine Petrobras na Pra\u00e7a | Pra\u00e7a da Liberdade                    <\/span>                                                                      <\/div>\n                \n                                  <p class=\"excerpt\">\n                    Um m\u00faltiplo artista circense que desenvolve trabalhos art\u00edsticos por meio de diversas linguagens, encantando e divertindo todos por onde passa.                  <\/p>\n                \n\n                \n                                  <div class=\"cta\">\n                                          <a class=\"btn-red with-decorator black\" href=\"https:\/\/cinebh.com.br\/2025\/atividades\/palhaco-cloro\/\">\n                        Saiba mais<\/a>\n                                                          <\/div>\n                              <\/div>\n                      <\/div>\n                  <div class=\"formation-item\">\n\n            \n                          <figure>\n                <img loading=\"lazy\" decoding=\"async\" width=\"464\" height=\"464\" src=\"https:\/\/universoproducao.nyc3.digitaloceanspaces.com\/cinebh2025\/2025\/09\/palhaco-Pitoco_-Credito-Aristeo-Serra-Negra-copiar-464x464.jpg\" class=\"attachment-block_workshop size-block_workshop\" alt=\"\" srcset=\"https:\/\/universoproducao.nyc3.digitaloceanspaces.com\/cinebh2025\/2025\/09\/palhaco-Pitoco_-Credito-Aristeo-Serra-Negra-copiar-464x464.jpg 464w, https:\/\/universoproducao.nyc3.digitaloceanspaces.com\/cinebh2025\/2025\/09\/palhaco-Pitoco_-Credito-Aristeo-Serra-Negra-copiar-150x150.jpg 150w, https:\/\/universoproducao.nyc3.digitaloceanspaces.com\/cinebh2025\/2025\/09\/palhaco-Pitoco_-Credito-Aristeo-Serra-Negra-copiar-230x230.jpg 230w, https:\/\/universoproducao.nyc3.digitaloceanspaces.com\/cinebh2025\/2025\/09\/palhaco-Pitoco_-Credito-Aristeo-Serra-Negra-copiar-176x176.jpg 176w, https:\/\/universoproducao.nyc3.digitaloceanspaces.com\/cinebh2025\/2025\/09\/palhaco-Pitoco_-Credito-Aristeo-Serra-Negra-copiar-360x360.jpg 360w\" sizes=\"auto, (max-width: 464px) 100vw, 464px\" \/>              <\/figure>\n            \n                          <div class=\"desc\">\n                                <div class=\"title\">\n                  <h2 class=\"uppercase\">PALHA\u00c7O PITOCO<\/h2>\n                                  <\/div>\n\n\n                                  <div class=\"info\">\n                  <span class=\"date\"><i\n                    class=\"icon-mdi-calendar\"><\/i>28 SET | DOMINGO | 16H                    <\/span>                                    <span class=\"place\"><i\n                    class=\"icon-pin-fill\"><\/i>Cine Petrobras na Pra\u00e7a | Pra\u00e7a da Liberdade                    <\/span>                                                                      <\/div>\n                \n                                  <p class=\"excerpt\">\n                    Palha\u00e7o Pitoco \u00e9 um t\u00edpico brincalh\u00e3o brasileiro. Entre trope\u00e7os e tropic\u00f5es ele se diverte junto ao p\u00fablico, propondo uma combina\u00e7\u00e3o afinada entre cultura popular, m\u00fasica e o universo do circo [&hellip;]                  <\/p>\n                \n\n                \n                                  <div class=\"cta\">\n                                          <a class=\"btn-red with-decorator black\" href=\"https:\/\/cinebh.com.br\/2025\/atividades\/palhaco-pitoco\/\">\n                        Saiba mais<\/a>\n                                                          <\/div>\n                              <\/div>\n                      <\/div>\n                  <div class=\"formation-item\">\n\n            \n                          <figure>\n                <img loading=\"lazy\" decoding=\"async\" width=\"464\" height=\"464\" src=\"https:\/\/universoproducao.nyc3.digitaloceanspaces.com\/cinebh2025\/2025\/09\/PALHACO-Vareta-e1758232884669-464x464.jpeg\" class=\"attachment-block_workshop size-block_workshop\" alt=\"\" srcset=\"https:\/\/universoproducao.nyc3.digitaloceanspaces.com\/cinebh2025\/2025\/09\/PALHACO-Vareta-e1758232884669-464x464.jpeg 464w, https:\/\/universoproducao.nyc3.digitaloceanspaces.com\/cinebh2025\/2025\/09\/PALHACO-Vareta-e1758232884669-150x150.jpeg 150w, https:\/\/universoproducao.nyc3.digitaloceanspaces.com\/cinebh2025\/2025\/09\/PALHACO-Vareta-e1758232884669-230x230.jpeg 230w, https:\/\/universoproducao.nyc3.digitaloceanspaces.com\/cinebh2025\/2025\/09\/PALHACO-Vareta-e1758232884669-176x176.jpeg 176w, https:\/\/universoproducao.nyc3.digitaloceanspaces.com\/cinebh2025\/2025\/09\/PALHACO-Vareta-e1758232884669-360x360.jpeg 360w\" sizes=\"auto, (max-width: 464px) 100vw, 464px\" \/>              <\/figure>\n            \n                          <div class=\"desc\">\n                                <div class=\"title\">\n                  <h2 class=\"uppercase\">PALHA\u00c7O VARETA<\/h2>\n                                  <\/div>\n\n\n                                  <div class=\"info\">\n                  <span class=\"date\"><i\n                    class=\"icon-mdi-calendar\"><\/i>28 SET | DOMINGO | 16H                     <\/span>                                    <span class=\"place\"><i\n                    class=\"icon-pin-fill\"><\/i>Cine Santa Tereza                    <\/span>                                                                      <\/div>\n                \n                                  <p class=\"excerpt\">\n                    Artista circense autodidata, de 39 anos, atua profissionalmente desde 2008 e tem como especialidades o malabarismo, o equil\u00edbrio e a palha\u00e7aria. Est\u00e1 em constante processo de atualiza\u00e7\u00e3o, participando de cursos [&hellip;]                  <\/p>\n                \n\n                \n                                  <div class=\"cta\">\n                                          <a class=\"btn-red with-decorator black\" href=\"https:\/\/cinebh.com.br\/2025\/atividades\/palhaco-vareta\/\">\n                        Saiba mais<\/a>\n                                                          <\/div>\n                              <\/div>\n                      <\/div>\n                  <div class=\"formation-item\">\n\n            \n                          <figure>\n                <img loading=\"lazy\" decoding=\"async\" width=\"464\" height=\"464\" src=\"https:\/\/universoproducao.nyc3.digitaloceanspaces.com\/cinebh2025\/2025\/09\/Sufoco-Credito-Foto-Lorena-Zschaber--scaled-e1758232948821-464x464.jpg\" class=\"attachment-block_workshop size-block_workshop\" alt=\"\" srcset=\"https:\/\/universoproducao.nyc3.digitaloceanspaces.com\/cinebh2025\/2025\/09\/Sufoco-Credito-Foto-Lorena-Zschaber--scaled-e1758232948821-464x464.jpg 464w, https:\/\/universoproducao.nyc3.digitaloceanspaces.com\/cinebh2025\/2025\/09\/Sufoco-Credito-Foto-Lorena-Zschaber--scaled-e1758232948821-150x150.jpg 150w, https:\/\/universoproducao.nyc3.digitaloceanspaces.com\/cinebh2025\/2025\/09\/Sufoco-Credito-Foto-Lorena-Zschaber--scaled-e1758232948821-230x230.jpg 230w, https:\/\/universoproducao.nyc3.digitaloceanspaces.com\/cinebh2025\/2025\/09\/Sufoco-Credito-Foto-Lorena-Zschaber--scaled-e1758232948821-176x176.jpg 176w, https:\/\/universoproducao.nyc3.digitaloceanspaces.com\/cinebh2025\/2025\/09\/Sufoco-Credito-Foto-Lorena-Zschaber--scaled-e1758232948821-360x360.jpg 360w\" sizes=\"auto, (max-width: 464px) 100vw, 464px\" \/>              <\/figure>\n            \n                          <div class=\"desc\">\n                                <div class=\"title\">\n                  <h2 class=\"uppercase\">PALHA\u00c7O SUFOCO<\/h2>\n                                  <\/div>\n\n\n                                  <div class=\"info\">\n                  <span class=\"date\"><i\n                    class=\"icon-mdi-calendar\"><\/i>SESS\u00d5ES CINE-ESCOLA                    <\/span>                                                                                                          <\/div>\n                \n                                  <p class=\"excerpt\">\n                    Sufoco esfor\u00e7a-se para colocar em cena todas as atra\u00e7\u00f5es de um grande circo. Mas ele conta apenas com um palha\u00e7o no elenco: ele mesmo! Em meio a confus\u00f5es e trope\u00e7os, [&hellip;]                  <\/p>\n                \n\n                \n                                  <div class=\"cta\">\n                                          <a class=\"btn-red with-decorator black\" href=\"https:\/\/cinebh.com.br\/2025\/atividades\/palhaco-sufoco\/\">\n                        Saiba mais<\/a>\n                                                          <\/div>\n                              <\/div>\n                      <\/div>\n                  <div class=\"formation-item\">\n\n            \n                          <figure>\n                <img loading=\"lazy\" decoding=\"async\" width=\"464\" height=\"464\" src=\"https:\/\/universoproducao.nyc3.digitaloceanspaces.com\/cinebh2025\/2025\/09\/TURMA-DO-PIPOCA-e1758232987151-464x464.jpg\" class=\"attachment-block_workshop size-block_workshop\" alt=\"\" srcset=\"https:\/\/universoproducao.nyc3.digitaloceanspaces.com\/cinebh2025\/2025\/09\/TURMA-DO-PIPOCA-e1758232987151-464x464.jpg 464w, https:\/\/universoproducao.nyc3.digitaloceanspaces.com\/cinebh2025\/2025\/09\/TURMA-DO-PIPOCA-e1758232987151-150x150.jpg 150w, https:\/\/universoproducao.nyc3.digitaloceanspaces.com\/cinebh2025\/2025\/09\/TURMA-DO-PIPOCA-e1758232987151-230x230.jpg 230w, https:\/\/universoproducao.nyc3.digitaloceanspaces.com\/cinebh2025\/2025\/09\/TURMA-DO-PIPOCA-e1758232987151-176x176.jpg 176w, https:\/\/universoproducao.nyc3.digitaloceanspaces.com\/cinebh2025\/2025\/09\/TURMA-DO-PIPOCA-e1758232987151-360x360.jpg 360w\" sizes=\"auto, (max-width: 464px) 100vw, 464px\" \/>              <\/figure>\n            \n                          <div class=\"desc\">\n                                <div class=\"title\">\n                  <h2 class=\"uppercase\">TURMA DO PIPOCA<\/h2>\n                                  <\/div>\n\n\n                                  <div class=\"info\">\n                  <span class=\"date\"><i\n                    class=\"icon-mdi-calendar\"><\/i>MOSTRINHAS E SESS\u00d5ES CINE-ESCOLA                    <\/span>                                                                                                          <\/div>\n                \n                                  <p class=\"excerpt\">\n                    Para encantar, divertir, despertar na crian\u00e7ada e na juventude a paix\u00e3o pelo cinema e ainda conscientizar, envolver, unir as linguagens educa\u00e7\u00e3o e cultura, foi idealizada pela Universo Produ\u00e7\u00e3o a Turma [&hellip;]                  <\/p>\n                \n\n                \n                                  <div class=\"cta\">\n                                          <a class=\"btn-red with-decorator black\" href=\"https:\/\/cinebh.com.br\/2025\/atividades\/turma-do-pipoca\/\">\n                        Saiba mais<\/a>\n                                                          <\/div>\n                              <\/div>\n                      <\/div>\n            <\/div>\n    <\/div><\/div>","protected":false},"excerpt":{"rendered":"","protected":false},"author":1,"featured_media":0,"parent":2461,"menu_order":3,"comment_status":"closed","ping_status":"closed","template":"","meta":{"footnotes":""},"class_list":["post-2705","page","type-page","status-publish","hentry"],"acf":[],"_links":{"self":[{"href":"https:\/\/cinebh.com.br\/2025\/wp-json\/wp\/v2\/pages\/2705","targetHints":{"allow":["GET"]}}],"collection":[{"href":"https:\/\/cinebh.com.br\/2025\/wp-json\/wp\/v2\/pages"}],"about":[{"href":"https:\/\/cinebh.com.br\/2025\/wp-json\/wp\/v2\/types\/page"}],"author":[{"embeddable":true,"href":"https:\/\/cinebh.com.br\/2025\/wp-json\/wp\/v2\/users\/1"}],"replies":[{"embeddable":true,"href":"https:\/\/cinebh.com.br\/2025\/wp-json\/wp\/v2\/comments?post=2705"}],"version-history":[{"count":3,"href":"https:\/\/cinebh.com.br\/2025\/wp-json\/wp\/v2\/pages\/2705\/revisions"}],"predecessor-version":[{"id":3456,"href":"https:\/\/cinebh.com.br\/2025\/wp-json\/wp\/v2\/pages\/2705\/revisions\/3456"}],"up":[{"embeddable":true,"href":"https:\/\/cinebh.com.br\/2025\/wp-json\/wp\/v2\/pages\/2461"}],"wp:attachment":[{"href":"https:\/\/cinebh.com.br\/2025\/wp-json\/wp\/v2\/media?parent=2705"}],"curies":[{"name":"wp","href":"https:\/\/api.w.org\/{rel}","templated":true}]}}