{"id":2731,"date":"2025-09-16T21:46:24","date_gmt":"2025-09-17T00:46:24","guid":{"rendered":"https:\/\/cinebh.com.br\/?page_id=2731"},"modified":"2025-09-17T20:05:07","modified_gmt":"2025-09-17T23:05:07","slug":"acessibilidade","status":"publish","type":"page","link":"https:\/\/cinebh.com.br\/2025\/o-evento\/acessibilidade\/","title":{"rendered":"Acessibilidade"},"content":{"rendered":"\n<p>Refor\u00e7ando o seu compromisso com a inclus\u00e3o e diversidade, a CineBH \u2013 Festival Internacional de Cinema de Belo Horizonte amplia na programa\u00e7\u00e3o da sua 19\u00aa edi\u00e7\u00e3o, a disponibilidade de atividades e filmes acess\u00edveis a pessoas com defici\u00eancia.&nbsp;<\/p>\n\n\n\n<h3 class=\"wp-block-heading\">Seis atividades contam com tradu\u00e7\u00e3o simult\u00e2nea em LIBRAS:<\/h3>\n\n\n\n<ul class=\"wp-block-list\">\n<li><strong>Cerim\u00f4nia de Abertura<\/strong>| <strong>Performance Audiovisual<\/strong> | 23 de setembro \u00e0s 20h no Cine Theatro Brasil<\/li>\n\n\n\n<li><strong>Debate Inaugural \u2013 <\/strong><strong>Audiovisual como Projeto de Pa\u00eds: Regula\u00e7\u00e3o, Democracia e Desenvolvimento<\/strong>| 24 de setembro de 10h30 \u00e0s 12h30 na Sala Juvenal Dias \u2013 Pal\u00e1cio das Artes<\/li>\n\n\n\n<li><strong>Debate Horizontes Latinos \u2013 <\/strong><strong>N\u00f3s Somos o Futuro? <\/strong>| 24 de setembro de 14h30 \u00e0s 16h15 na Sala Juvenal Dias \u2013 Pal\u00e1cio das Artes<\/li>\n\n\n\n<li><strong>Debate \u2013 <\/strong><strong>UEMG em Cena <\/strong>| 25 de setembro de 19h \u00e0s 21h30 na Sala Juvenal Dias \u2013 Pal\u00e1cio das Artes<\/li>\n\n\n\n<li><strong>Painel Brasil CineMundi \u2013 <\/strong><strong>Audiovisual em Transforma\u00e7\u00e3o: Inova\u00e7\u00f5es, Desafios e Caminhos Para o <\/strong>| 27 de setembro de 14h30 \u00e0s 16h30 na Sala Juvenal Dias \u2013 Pal\u00e1cio das Artes<\/li>\n\n\n\n<li><strong>Cerim\u00f4nia de Encerramento e Premia\u00e7\u00e3o<\/strong> | 28 de setembro \u00e0s 20h no Cine Theatro Brasil&nbsp;<\/li>\n<\/ul>\n\n\n\n<h3 class=\"wp-block-heading\"><strong>Ao todo, 9 filmes brasileiros em pr\u00e9-estreias podem ser assistidos com recursos de acessibilidade nas sess\u00f5es presenciais:<\/strong><\/h3>\n\n\n\n<p>&#8211; Um longa ter\u00e1 acessibilidade em libras, audiodescri\u00e7\u00e3o e legendas LSE&nbsp;<\/p>\n\n\n\n<p>&#8211; Dois longas e quatro curtas ser\u00e3o exibidos com legendas LSE&nbsp;<\/p>\n\n\n\n<p>&#8211; Dois curtas ser\u00e3o exibidos com janela de libras&nbsp;<\/p>\n\n\n\n<p><strong>Veja a rela\u00e7\u00e3o de filmes que contam com os recursos de acessibilidades nas sess\u00f5es presenciais da 19\u00aa CineBH:&nbsp;<\/strong><\/p>\n\n\n\n<div style=\"height:60px\" aria-hidden=\"true\" class=\"wp-block-spacer\"><\/div>\n\n\n\n<p>Longa \u2013 acessibilidade completa: LIBRAS, AD e OC \u2013 Legendas Vis\u00edveis LSE (Legendas para Surdos e Ensurdecidos)<\/p>\n\n\n\n<ul class=\"wp-block-list\">\n<li><strong>RITAS<\/strong> | Mostra Pra\u00e7a | Minas T\u00eanis | 26\/09 \u2013 16h<\/li>\n<\/ul>\n\n\n\n<p>Curtas e Longas \u2013 OC \u2013 Legendas Vis\u00edveis LSE (Legendas para Surdos e Ensurdecidos)<\/p>\n\n\n\n<ul class=\"wp-block-list\">\n<li><strong>\u00c1RIA <\/strong>| Cine-escola| Cine Theatro Brasil \u2013 24 e 25\/09 &#8211; 14h | Cine Santa Tereza \u2013 25\/09 \u2013 9h | *Sess\u00f5es exclusivas para escolas previamente inscritas<\/li>\n\n\n\n<li><strong>RESSACA <\/strong>| Mostra A Cidade em Movimento| Cine Theatro Brasil | 24\/09 &#8211; 19h<\/li>\n\n\n\n<li><strong>SUTURA <\/strong>| Mostra Curtas | Cine Theatro Brasil | 25\/09 &#8211; 21h<\/li>\n\n\n\n<li><strong>NIMUENDAJ\u00da <\/strong>| Mostra CineMundi | Cine Belas Artes | 26\/09 \u2013 20h<\/li>\n\n\n\n<li><strong>AQUI N\u00c3O ENTRA LUZ <\/strong>| Mostra Vertentes | Cine Humberto Mauro | 27\/09 \u2013 16h30<strong>&nbsp;<\/strong><\/li>\n\n\n\n<li><strong>TERRA M\u00c3E M\u00c3E TERRA <\/strong>| Mostra Curtas | Cine Theatro Brasil | 27\/09 &#8211; 21h<\/li>\n<\/ul>\n\n\n\n<p>Curtas \u2013 LIBRAS<\/p>\n\n\n\n<ul class=\"wp-block-list\">\n<li><strong>PASSA A BOLA <\/strong>| Cine-escola| Cine Santa Tereza \u2013 19\/09 \u2013 14h | Cine Theatro Brasil \u2013 24 e 25\/09 &#8211; 8h30 | *Sess\u00f5es exclusivas para escolas previamente inscritas<\/li>\n\n\n\n<li><strong>ESCUTA PRA C\u00ca V\u00ca <\/strong>| Mostra A Cidade em Movimento | Cine Theatro Brasil | 27\/09 &#8211; 19h<\/li>\n<\/ul>\n\n\n\n<p>Curtas \u2013 Audiodescri\u00e7\u00e3o<\/p>\n\n\n\n<ul class=\"wp-block-list\">\n<li><strong>UM ATO DE CORPO INTEIRO <\/strong>| Mostra A Cidade em Movimento | Cine Theatro Brasil | 24\/09 &#8211; 19h<\/li>\n\n\n\n<li><strong>RESSACA <\/strong>| Mostra A Cidade em Movimento | Cine Theatro Brasil | 24\/09 &#8211; 19h<\/li>\n\n\n\n<li><strong>MANDINGA &nbsp;<\/strong>| Mostra A Cidade em Movimento | Cine Theatro Brasil | 24\/09 &#8211; 19h<\/li>\n<\/ul>\n","protected":false},"excerpt":{"rendered":"<p>Refor\u00e7ando o seu compromisso com a inclus\u00e3o e diversidade, a CineBH \u2013 Festival Internacional de Cinema de Belo Horizonte amplia na programa\u00e7\u00e3o da sua 19\u00aa edi\u00e7\u00e3o, a disponibilidade de atividades [&hellip;]<\/p>\n","protected":false},"author":1,"featured_media":0,"parent":240,"menu_order":1,"comment_status":"closed","ping_status":"closed","template":"","meta":{"footnotes":""},"class_list":["post-2731","page","type-page","status-publish","hentry"],"acf":[],"_links":{"self":[{"href":"https:\/\/cinebh.com.br\/2025\/wp-json\/wp\/v2\/pages\/2731","targetHints":{"allow":["GET"]}}],"collection":[{"href":"https:\/\/cinebh.com.br\/2025\/wp-json\/wp\/v2\/pages"}],"about":[{"href":"https:\/\/cinebh.com.br\/2025\/wp-json\/wp\/v2\/types\/page"}],"author":[{"embeddable":true,"href":"https:\/\/cinebh.com.br\/2025\/wp-json\/wp\/v2\/users\/1"}],"replies":[{"embeddable":true,"href":"https:\/\/cinebh.com.br\/2025\/wp-json\/wp\/v2\/comments?post=2731"}],"version-history":[{"count":4,"href":"https:\/\/cinebh.com.br\/2025\/wp-json\/wp\/v2\/pages\/2731\/revisions"}],"predecessor-version":[{"id":2753,"href":"https:\/\/cinebh.com.br\/2025\/wp-json\/wp\/v2\/pages\/2731\/revisions\/2753"}],"up":[{"embeddable":true,"href":"https:\/\/cinebh.com.br\/2025\/wp-json\/wp\/v2\/pages\/240"}],"wp:attachment":[{"href":"https:\/\/cinebh.com.br\/2025\/wp-json\/wp\/v2\/media?parent=2731"}],"curies":[{"name":"wp","href":"https:\/\/api.w.org\/{rel}","templated":true}]}}