{"id":2756,"date":"2025-08-22T08:01:44","date_gmt":"2025-08-22T11:01:44","guid":{"rendered":"https:\/\/cinebh.com.br\/presentacion-2\/"},"modified":"2025-09-18T16:38:35","modified_gmt":"2025-09-18T19:38:35","slug":"presentacion-2","status":"publish","type":"page","link":"https:\/\/cinebh.com.br\/2025\/el-evento\/presentacion-2\/?lang=es","title":{"rendered":"Presentaci\u00f3n"},"content":{"rendered":"\n<h2 class=\"wp-block-heading\"><span style=\"font-weight: 400;\">19 A\u00d1OS DE LA MUESTRA CINEBH,<\/span><br><span style=\"font-weight: 400;\">16 A\u00d1OS DEL BRASIL CINEMUNDI<\/span><\/h2>\n\n\n\n<p>La Muestra CineBH naci\u00f3 en 2007 en el barrio Santa Tereza, uno de los m\u00e1s tradicionales reductos culturales de la capital minera, y fue responsable de la reapertura del Cine Santa Tereza, cine de barrio fundado en 1944 y cerrado desde 1980. En esa ocasi\u00f3n, Universo Produ\u00e7\u00e3o realiz\u00f3 en tiempo r\u00e9cord una \u201coperaci\u00f3n\u201d de reconstrucci\u00f3n del espacio f\u00edsico del cine, reabierto provisoriamente para ser sede del evento (2007-2011). Un legado cinematogr\u00e1fico que inspir\u00f3 nuevas iniciativas y di\u00e1logos en la comunidad, en Belo Horizonte y en Minas Gerais.<\/p>\n\n\n\n<p>A lo largo de su trayectoria, el evento de cine de la capital minera recorri\u00f3 diversos caminos, ocup\u00f3 espacios y equipamientos culturales de forma innovadora y vanguardista. Fue el primer evento de gesti\u00f3n independiente en ocupar el Circuito Cultural de la Pra\u00e7a da Liberdade, instalar un cine en la plaza del barrio Santa Tereza, establecer alianzas con colectivos de producci\u00f3n audiovisual, dar visibilidad a la producci\u00f3n independiente realizada por aficionados y comunidades del Gran BH, mirar hacia dentro de la ciudad y destacar las m\u00faltiples facetas que se revelan en memorias, historias e im\u00e1genes que la hacen singular y contempor\u00e1nea.<\/p>\n\n\n\n<p>En 2025, est\u00e1 previsto que ocurra entre los d\u00edas 23 y 28 de septiembre, ocupando 10 espacios de la capital minera \u2013 Funda\u00e7\u00e3o Cl\u00f3vis Salgado (Cine Humberto Mauro, Teatro Jo\u00e3o Ceschiatti, Sala Juvenal Dias, Jardim Interno, Jardim do Parque), Casa da Mostra, Cine Santa Tereza, Cine Theatro Brasil Vallourec, Teatro de C\u00e2mara, Una Cine Belas Artes, Teatro Sesiminas, Salas de Cine Minas T\u00eanis Clube y Pra\u00e7a da Liberdade. En seis d\u00edas de programaci\u00f3n intensa, amplia y gratuita para todas las edades y p\u00fablicos, la Muestra CineBH promueve una temporada audiovisual de formaci\u00f3n, reflexi\u00f3n, exhibici\u00f3n y difusi\u00f3n del cine brasile\u00f1o en intercambio con otros pa\u00edses, en conexi\u00f3n con otras artes y en di\u00e1logo con la ciudad de Belo Horizonte. Un espacio de formaci\u00f3n, intercambio, lanzamiento y discusi\u00f3n de la producci\u00f3n cinematogr\u00e1fica m\u00e1s significativa de la actualidad. Un espacio de perspectivas y posibilidades del cine del presente y del futuro.<\/p>\n\n\n\n<p>Cuenta con la participaci\u00f3n de profesionales del audiovisual, de la cultura e invitados en decenas de debates, mesas de conversaci\u00f3n y sesiones comentadas. Invierte en la formaci\u00f3n y capacitaci\u00f3n de profesionales con siete modalidades de cursos \u2013 talleres, laboratorios de guion y workshops internacionales. Realiza sesiones cine-escuela, beneficiando a m\u00e1s de 2.000 estudiantes de la red p\u00fablica de ense\u00f1anza, y adem\u00e1s promueve la Mostrinha de Cine, lanzamientos de libros y atracciones art\u00edsticas.<\/p>\n\n\n\n<p>Reafirma su prop\u00f3sito de mostrar el cine al mundo, promover el di\u00e1logo entre culturas, acercar pueblos y continentes, conectar el cine brasile\u00f1o con el mercado audiovisual, realizar encuentros de negocios, invertir en la formaci\u00f3n, el intercambio y la cooperaci\u00f3n internacional, construir puentes en las escuelas, comunidades, redes sociales y con la ciudad de Belo Horizonte y Minas Gerais.<\/p>\n\n\n\n<p>La CineBH es una importante plataforma para la exhibici\u00f3n y discusi\u00f3n del cine, con foco en la producci\u00f3n latinoamericana, y promueve el intercambio cultural y art\u00edstico entre pel\u00edculas y realizadores del continente, con una selecci\u00f3n diversa de trabajos que abordan cuestiones sociales, pol\u00edticas y culturales en las narrativas cinematogr\u00e1ficas de Am\u00e9rica Latina.\n\n<\/p>\n\n\n\n<p>M\u00e1s que un espacio de exhibici\u00f3n, la Muestra CineBH es una invitaci\u00f3n a la diversidad de im\u00e1genes e historias que colocan a Am\u00e9rica Latina en el centro de la programaci\u00f3n. Un puente de conexiones, debates, reflexiones y acercamiento con los pa\u00edses de Am\u00e9rica Latina, poni\u00e9ndolos en contacto directo con m\u00faltiples miradas que constatan la efervescencia de la producci\u00f3n que marca el territorio.<\/p>\n\n\n\n<p>En di\u00e1logo y conexi\u00f3n con las ciudades que integran el Gran BH, el evento realiza anualmente la Muestra La Ciudad en Movimiento \u2013 una programaci\u00f3n que reserva un espacio para la selecci\u00f3n y exhibici\u00f3n de pel\u00edculas independientes producidas en la Regi\u00f3n Metropolitana de Belo Horizonte, adem\u00e1s de mesas de conversaci\u00f3n que re\u00fanen cineastas, productores e invitados especiales para dialogar sobre la vivencia urbana frente a los contextos sociales propuestos por la curadur\u00eda de cada edici\u00f3n.<\/p>\n\n\n\n<p>Simult\u00e1neamente a la programaci\u00f3n de la Muestra CineBH, acontece el Brasil CineMundi \u2013 16th International Coproduction Meeting, el evento de mercado del cine brasile\u00f1o, que en 2025 celebra 16 a\u00f1os de existencia y est\u00e1 consolidado como uno de los principales emprendimientos de la industria audiovisual. Ofrece un ambiente de mercado y una plataforma de contactos y negocios para el cine brasile\u00f1o. El evento conecta la producci\u00f3n brasile\u00f1a con la industria audiovisual.<\/p>\n\n\n\n<p><span style=\"font-weight: 400;\">En sus ediciones anuales, el Brasil CineMundi selecciona proyectos de largometrajes en diversas etapas de concepci\u00f3n. Para la edici\u00f3n de 2025 fueron seleccionados 37 proyectos, divididos en cinco categor\u00edas: 32 en desarrollo (distribuidos en Horizonte, DocBrasil Meeting, Foco Minas y Paradiso Multiplica) y 5 en WIP \u2013 Primer Corte. Los proyectos participan del CineMundi Lab, con actividades formativas como laboratorios de desarrollo, workshops, mentor\u00edas y consultor\u00edas, adem\u00e1s de rondas de negocios con profesionales internacionales interesados en coproducciones y ventas audiovisuales.<\/span><\/p>\n\n\n\n<p><span style=\"font-weight: 400;\">El comit\u00e9 de selecci\u00f3n, compuesto por especialistas nacionales e internacionales, incluy\u00f3 a Isona Admetlla (coordinadora del World Cinema Fund \u2013 Alemania), Ivan Melo (productor de Cup Filmes \u2013 Brasil), Paulo de Carvalho (productor de Autentika Filmes \u2013 Alemania), Pedro Butcher (cr\u00edtico e investigador \u2013 Brasil) y S\u00e9verine Roinssard (productora de Parati Films \u2013 Francia), adem\u00e1s de Cec\u00edlia Gabrielan (Universo Produ\u00e7\u00e3o \u2013 Brasil). El grupo evalu\u00f3 los 245 proyectos inscritos con base en criterios como originalidad, potencial de coproducci\u00f3n y representatividad de la diversidad brasile\u00f1a.<\/span><\/p>\n\n\n\n<p>Agradecemos a los patrocinadores, socios y apoyadores que asumen y renuevan el compromiso y creen en las oportunidades de buenos negocios en una gesti\u00f3n cultural compartida, sumando esfuerzos para hacer posible esta realizaci\u00f3n. A los profesionales del audiovisual, por la genialidad que imprimen en sus trabajos, a la prensa por su presencia y cobertura y al equipo de trabajo, curadores y colaboradores, por la dedicaci\u00f3n y competencia, nuestro agradecimiento.<\/p>\n\n\n\n<p>Persistimos con la fuerza que brota del alma, que impregna, que hace acontecer. Todo por el cine brasile\u00f1o, por las comunidades y por el p\u00fablico \u2013 engranajes que nos hacen mover y so\u00f1ar con la misma determinaci\u00f3n al mirar el presente con la confianza de que tenemos mucho que aportar al futuro.<\/p>\n\n\n\n<p>Hace 19 a\u00f1os, Universo Produ\u00e7\u00e3o moviliza el cine en la capital minera y proyecta Belo Horizonte al mundo. Brindemos juntos esta trayectoria inspiradora y celebremos el cine en todas sus formas, colores, acentos, sonidos e im\u00e1genes, contribuyendo al crecimiento y a la diversidad cultural que moldean nuestra sociedad.<\/p>\n\n\n\n<p>Sigamos conectados. El audiovisual est\u00e1 en constante movimiento, es parte integrante de nuestras vidas, contribuye a la vida social y es esencial para el desarrollo de una naci\u00f3n.<\/p>\n\n\n\n<p><span style=\"font-weight: 400;\">\u00a1Viva la Muestra CineBH, el Brasil CineMundi y todos los que forman parte de esta historia!<\/span><br><span style=\"font-weight: 400;\">Sean todos bienvenidos y bienvenidas.<\/span><br><span style=\"font-weight: 400;\">\u00a1Aqu\u00ed la sangre es latina y el futuro ya comenz\u00f3!<\/span><\/p>\n\n\n\n<p><strong>Raquel Hallak d\u2019Angelo<\/strong><br><strong>Quintino Vargas Neto<\/strong><br><strong>Fernanda Hallak d\u2019Angelo<\/strong><\/p>\n\n\n\n<p>Directores de Universo Produ\u00e7\u00e3o y<br>Coordinadores de la Muestra CineBH y Brasil CineMundi<\/p>\n","protected":false},"excerpt":{"rendered":"<p>19 A\u00d1OS DE LA MUESTRA CINEBH,16 A\u00d1OS DEL BRASIL CINEMUNDI La Muestra CineBH naci\u00f3 en 2007 en el barrio Santa Tereza, uno de los m\u00e1s tradicionales reductos culturales de la [&hellip;]<\/p>\n","protected":false},"author":1,"featured_media":0,"parent":2822,"menu_order":23,"comment_status":"closed","ping_status":"closed","template":"","meta":{"footnotes":""},"class_list":["post-2756","page","type-page","status-publish","hentry"],"acf":[],"_links":{"self":[{"href":"https:\/\/cinebh.com.br\/2025\/wp-json\/wp\/v2\/pages\/2756","targetHints":{"allow":["GET"]}}],"collection":[{"href":"https:\/\/cinebh.com.br\/2025\/wp-json\/wp\/v2\/pages"}],"about":[{"href":"https:\/\/cinebh.com.br\/2025\/wp-json\/wp\/v2\/types\/page"}],"author":[{"embeddable":true,"href":"https:\/\/cinebh.com.br\/2025\/wp-json\/wp\/v2\/users\/1"}],"replies":[{"embeddable":true,"href":"https:\/\/cinebh.com.br\/2025\/wp-json\/wp\/v2\/comments?post=2756"}],"version-history":[{"count":13,"href":"https:\/\/cinebh.com.br\/2025\/wp-json\/wp\/v2\/pages\/2756\/revisions"}],"predecessor-version":[{"id":2774,"href":"https:\/\/cinebh.com.br\/2025\/wp-json\/wp\/v2\/pages\/2756\/revisions\/2774"}],"up":[{"embeddable":true,"href":"https:\/\/cinebh.com.br\/2025\/wp-json\/wp\/v2\/pages\/2822"}],"wp:attachment":[{"href":"https:\/\/cinebh.com.br\/2025\/wp-json\/wp\/v2\/media?parent=2756"}],"curies":[{"name":"wp","href":"https:\/\/api.w.org\/{rel}","templated":true}]}}