{"id":2780,"date":"2025-09-04T12:49:01","date_gmt":"2025-09-04T15:49:01","guid":{"rendered":"https:\/\/cinebh.com.br\/?page_id=2780"},"modified":"2025-09-18T16:57:02","modified_gmt":"2025-09-18T19:57:02","slug":"conexoes","status":"publish","type":"page","link":"https:\/\/cinebh.com.br\/2025\/filmes\/conexoes\/?lang=es","title":{"rendered":"Conex\u00f5es"},"content":{"rendered":"\n<h3 class=\"wp-block-heading\">DI\u00c1LOGOS Y RUIDOS ENTRE PEL\u00cdCULAS PARA VER AHORA<\/h3>\n\n\n\n<p>La CineBH presenta una novedad en el segmento latinoamericano. La Mostra Conex\u00f5es  sustituy\u00f3 a la Mostra Continente y, junto con el cambio de nombre, tenemos un cambio en la operaci\u00f3n curatorial. Si la Continente carec\u00eda de una identidad propia, reuniendo pel\u00edculas de inter\u00e9s para el equipo de programaci\u00f3n sin que necesariamente tuvieran relaci\u00f3n entre s\u00ed, la Conex\u00f5es exige un trabajo curatorial m\u00e1s riguroso, de composici\u00f3n, de rimas y de afinidades diversas entre las pel\u00edculas. En este primer a\u00f1o, optamos por componer pares de pel\u00edculas en di\u00e1logo, a partir de alg\u00fan aspecto en com\u00fan, a veces m\u00e1s expl\u00edcitos, a veces menos, que se exhiben sucesivamente en una misma sala (con excepci\u00f3n de uno de los cinco programas). Las parejas de sesiones fueron tituladas para enfatizar las razones por las que las pel\u00edculas fueron programadas en d\u00edpticos.<\/p>\n\n\n\n<p>En el conjunto de ocho largometrajes, existen muchas diferencias entre los programas diarios compuestos por dos sesiones. Tenemos desde obras centradas en la fisicalidad de los cuerpos y de ambientes acu\u00e1ticos (<strong>Cais<\/strong> y <strong>Cuento de Pescadores<\/strong>), con una amplia dosis de misterio en esa relaci\u00f3n, hasta documentales que movilizan archivos audiovisuales, hechos hist\u00f3ricos y perspectivas de culturas invisibilizadas, reprimidas o reprimidas por la sociedad y por el Estado, lo que lleva al rescate de las memorias de los pueblos originarios (<strong>Memoria Implacable<\/strong>) y de personalidades del mundo queer (<strong>\u00c1lbum de Familia<\/strong>), de resistencias de territorios que no alcanzaron la condici\u00f3n de Estado (<strong>Notas sobre un Destierro<\/strong> y <strong>Todo Parec\u00eda Imposible<\/strong>), de sofocamiento de libertades individuales (<strong>Cr\u00f3nica del Absurdo<\/strong>) y de desapariciones violentas (<strong>Todo Documento de Civilizati\u00f3n<\/strong>).<\/p>\n\n\n\n<p>Parte del trabajo de un equipo de programaci\u00f3n de un festival, al menos en la CineBH, no est\u00e1 solamente en seleccionar y rechazar pel\u00edculas, en incluir o dejar fuera, en decretar lo que ser\u00e1 visible y lo que quedar\u00e1 sin visibilidad. Tan importante como eso, incluso por determinar esta labor de mostrar, es organizar las diferencias y los puntos de contacto, subrayar y constelar las l\u00edneas de fuerza y las recurrencias, reconocer algunas formas y contenidos conectados con la realidad de nuestros d\u00edas y que forman parte de una contemporaneidad que es en s\u00ed misma hist\u00f3rica y contextualizada. Como desaf\u00edo est\u00e1 la necesidad de orquestar todo eso sin el deslumbramiento con olas y modas que asfixian y empobrecen procesos de creaci\u00f3n y pantallas de varios tama\u00f1os y naturalezas.<\/p>\n\n\n\n<p><strong>Cleber Eduardo<\/strong><br>Coordinador curatorial<\/p>\n\n\n\n<p><strong>Ester Mar\u00e7al F\u00e9r<\/strong><br><strong>Leonardo Amaral<\/strong><br><strong>Mariana Queen Nwabasili<\/strong><br>Curadores<\/p>\n\n\n\n<p><strong>Gustavo Maan<\/strong><br>Curador asistente<\/p>\n\n\n\n<div style=\"height:100px\" aria-hidden=\"true\" class=\"wp-block-spacer\"><\/div>\n\n\n\n    <div id=\"movie-block_68b9b4d8f62c4\" class=\"movie-block\">\n                  <div data-slides-per-view=\"4\" id=\"block_68b9b4d8f62c4\" class=\"movie expanded movie-block movie-list\">\n            <div class=\"container container-1216 flex-col\">\n        <div class=\"\">\n                    <div class=\" movie-items\">\n            <div class=\"movie-items-wrapper\">\n                  <div class=\"movie-item  \">\n      <a href=\"https:\/\/cinebh.com.br\/2025\/filme\/album-de-familia\/\">\n        <img loading=\"lazy\" decoding=\"async\" width=\"280\" height=\"432\" src=\"https:\/\/universoproducao.nyc3.digitaloceanspaces.com\/cinebh2025\/2025\/09\/Album-de-familia-poster-280x432.png\" class=\"movie-img\" alt=\"\" \/>\n                <span class=\"movie-content\">\n          <span class=\"title\">\u00c1lbum de fam\u00edlia<\/span>\n                      <span class=\"direction on-hover\">Dire\u00e7\u00e3o: Laura Casab\u00e9<\/span>\n                                          <span class=\"country on-hover\">Argentina<\/span>\n                                <span class=\"read-more btn-link on-hover uppercase\">\n              Saiba mais <i class=\"icon-arrow-right\"><\/i><\/span>\n                  <\/span>\n      <\/a>\n    <\/div>\n        <div class=\"movie-item  \">\n      <a href=\"https:\/\/cinebh.com.br\/2025\/filme\/cais\/\">\n        <img loading=\"lazy\" decoding=\"async\" width=\"280\" height=\"432\" src=\"https:\/\/universoproducao.nyc3.digitaloceanspaces.com\/cinebh2025\/2025\/09\/CARTAZ-CAIS-SETEMBRO-280x432.png\" class=\"movie-img\" alt=\"\" \/>\n                <span class=\"movie-content\">\n          <span class=\"title\">Cais<\/span>\n                      <span class=\"direction on-hover\">Dire\u00e7\u00e3o: Safira Moreira<\/span>\n                                          <span class=\"country on-hover\">Brasil<\/span>\n                                <span class=\"read-more btn-link on-hover uppercase\">\n              Saiba mais <i class=\"icon-arrow-right\"><\/i><\/span>\n                  <\/span>\n      <\/a>\n    <\/div>\n        <div class=\"movie-item  \">\n      <a href=\"https:\/\/cinebh.com.br\/2025\/filme\/cronicas-del-absurdo\/\">\n        <img loading=\"lazy\" decoding=\"async\" width=\"280\" height=\"432\" src=\"https:\/\/universoproducao.nyc3.digitaloceanspaces.com\/cinebh2025\/2025\/09\/cronicas-280x432.jpg\" class=\"movie-img\" alt=\"\" \/>\n                <span class=\"movie-content\">\n          <span class=\"title\">Cronicas del Absurdo<\/span>\n                      <span class=\"direction on-hover\">Dire\u00e7\u00e3o: Miguel Coyula<\/span>\n                                          <span class=\"country on-hover\">Cuba<\/span>\n                                <span class=\"read-more btn-link on-hover uppercase\">\n              Saiba mais <i class=\"icon-arrow-right\"><\/i><\/span>\n                  <\/span>\n      <\/a>\n    <\/div>\n        <div class=\"movie-item  \">\n      <a href=\"https:\/\/cinebh.com.br\/2025\/filme\/memoria-implacable\/\">\n        <img loading=\"lazy\" decoding=\"async\" width=\"280\" height=\"432\" src=\"https:\/\/universoproducao.nyc3.digitaloceanspaces.com\/cinebh2025\/2025\/09\/Memoria-Implacable-280x432.png\" class=\"movie-img\" alt=\"\" \/>\n                <span class=\"movie-content\">\n          <span class=\"title\">Memoria Implacable<\/span>\n                      <span class=\"direction on-hover\">Dire\u00e7\u00e3o: Paula Rodr\u00edguez Sickert<\/span>\n                                          <span class=\"country on-hover\">Chile, Argentina<\/span>\n                                <span class=\"read-more btn-link on-hover uppercase\">\n              Saiba mais <i class=\"icon-arrow-right\"><\/i><\/span>\n                  <\/span>\n      <\/a>\n    <\/div>\n        <div class=\"movie-item  \">\n      <a href=\"https:\/\/cinebh.com.br\/2025\/filme\/notas-sobre-um-desterro\/\">\n        <img loading=\"lazy\" decoding=\"async\" width=\"280\" height=\"432\" src=\"https:\/\/universoproducao.nyc3.digitaloceanspaces.com\/cinebh2025\/2025\/09\/Cartaz-Notas-sobre-um-Desterro-Juliana-Sanson-280x432.jpg\" class=\"movie-img\" alt=\"\" \/>\n                <span class=\"movie-content\">\n          <span class=\"title\">Notas sobre um desterro<\/span>\n                      <span class=\"direction on-hover\">Dire\u00e7\u00e3o: Gustavo Castro<\/span>\n                                          <span class=\"country on-hover\">Brasil<\/span>\n                                <span class=\"read-more btn-link on-hover uppercase\">\n              Saiba mais <i class=\"icon-arrow-right\"><\/i><\/span>\n                  <\/span>\n      <\/a>\n    <\/div>\n        <div class=\"movie-item  \">\n      <a href=\"https:\/\/cinebh.com.br\/2025\/filme\/todo-documento-de-civilizacion\/\">\n        <img loading=\"lazy\" decoding=\"async\" width=\"280\" height=\"432\" src=\"https:\/\/universoproducao.nyc3.digitaloceanspaces.com\/cinebh2025\/2025\/09\/TodoDocumentoDeCivilizacion-Tatiana-Mazu-Gonzalez-280x432.jpg\" class=\"movie-img\" alt=\"\" \/>\n                <span class=\"movie-content\">\n          <span class=\"title\">Todo  documento de civilizaci\u00f3n<\/span>\n                      <span class=\"direction on-hover\">Dire\u00e7\u00e3o: Tatiana Maz\u00fa Gonz\u00e1lez<\/span>\n                                          <span class=\"country on-hover\">Argentina<\/span>\n                                <span class=\"read-more btn-link on-hover uppercase\">\n              Saiba mais <i class=\"icon-arrow-right\"><\/i><\/span>\n                  <\/span>\n      <\/a>\n    <\/div>\n        <div class=\"movie-item  \">\n      <a href=\"https:\/\/cinebh.com.br\/2025\/filme\/todo-parecia-posible\/\">\n        <img loading=\"lazy\" decoding=\"async\" width=\"280\" height=\"432\" src=\"https:\/\/universoproducao.nyc3.digitaloceanspaces.com\/cinebh2025\/2025\/09\/TodoPareciaPosible-POSTER-Ramon-Rivera-Moret-280x432.jpg\" class=\"movie-img\" alt=\"\" \/>\n                <span class=\"movie-content\">\n          <span class=\"title\">Todo Parec\u00eda Posible<\/span>\n                      <span class=\"direction on-hover\">Dire\u00e7\u00e3o: Ram\u00f3n Rivera Moret<\/span>\n                                          <span class=\"country on-hover\">Porto Rico\/Estados Unidos<\/span>\n                                <span class=\"read-more btn-link on-hover uppercase\">\n              Saiba mais <i class=\"icon-arrow-right\"><\/i><\/span>\n                  <\/span>\n      <\/a>\n    <\/div>\n        <div class=\"movie-item  \">\n      <a href=\"https:\/\/cinebh.com.br\/2025\/filme\/un-cuento-de-pescadores\/\">\n        <img loading=\"lazy\" decoding=\"async\" width=\"280\" height=\"432\" src=\"https:\/\/universoproducao.nyc3.digitaloceanspaces.com\/cinebh2025\/2025\/09\/Poster_OFICIAL-Dr-Eguiluz-280x432.jpg\" class=\"movie-img\" alt=\"\" \/>\n                <span class=\"movie-content\">\n          <span class=\"title\">Un Cuento de Pescadores<\/span>\n                      <span class=\"direction on-hover\">Dire\u00e7\u00e3o: Edgar Nito<\/span>\n                                          <span class=\"country on-hover\">M\u00e9xico<\/span>\n                                <span class=\"read-more btn-link on-hover uppercase\">\n              Saiba mais <i class=\"icon-arrow-right\"><\/i><\/span>\n                  <\/span>\n      <\/a>\n    <\/div>\n                <\/div>\n          <\/div>\n                  <\/div>\n      <\/div>\n    <\/div>\n              <\/div>\n    ","protected":false},"excerpt":{"rendered":"<p>DI\u00c1LOGOS Y RUIDOS ENTRE PEL\u00cdCULAS PARA VER AHORA La CineBH presenta una novedad en el segmento latinoamericano. La Mostra Conex\u00f5es sustituy\u00f3 a la Mostra Continente y, junto con el cambio [&hellip;]<\/p>\n","protected":false},"author":1,"featured_media":0,"parent":2855,"menu_order":29,"comment_status":"closed","ping_status":"closed","template":"","meta":{"footnotes":""},"class_list":["post-2780","page","type-page","status-publish","hentry"],"acf":[],"_links":{"self":[{"href":"https:\/\/cinebh.com.br\/2025\/wp-json\/wp\/v2\/pages\/2780","targetHints":{"allow":["GET"]}}],"collection":[{"href":"https:\/\/cinebh.com.br\/2025\/wp-json\/wp\/v2\/pages"}],"about":[{"href":"https:\/\/cinebh.com.br\/2025\/wp-json\/wp\/v2\/types\/page"}],"author":[{"embeddable":true,"href":"https:\/\/cinebh.com.br\/2025\/wp-json\/wp\/v2\/users\/1"}],"replies":[{"embeddable":true,"href":"https:\/\/cinebh.com.br\/2025\/wp-json\/wp\/v2\/comments?post=2780"}],"version-history":[{"count":6,"href":"https:\/\/cinebh.com.br\/2025\/wp-json\/wp\/v2\/pages\/2780\/revisions"}],"predecessor-version":[{"id":2786,"href":"https:\/\/cinebh.com.br\/2025\/wp-json\/wp\/v2\/pages\/2780\/revisions\/2786"}],"up":[{"embeddable":true,"href":"https:\/\/cinebh.com.br\/2025\/wp-json\/wp\/v2\/pages\/2855"}],"wp:attachment":[{"href":"https:\/\/cinebh.com.br\/2025\/wp-json\/wp\/v2\/media?parent=2780"}],"curies":[{"name":"wp","href":"https:\/\/api.w.org\/{rel}","templated":true}]}}