{"id":2792,"date":"2025-09-04T14:46:48","date_gmt":"2025-09-04T17:46:48","guid":{"rendered":"https:\/\/cinebh.com.br\/?page_id=2792"},"modified":"2025-09-18T17:30:30","modified_gmt":"2025-09-18T20:30:30","slug":"dialogos-historicos","status":"publish","type":"page","link":"https:\/\/cinebh.com.br\/2025\/filmes\/dialogos-historicos\/?lang=es","title":{"rendered":"Di\u00e1logos Hist\u00f3ricos"},"content":{"rendered":"\n<h3 class=\"wp-block-heading\"><strong>NELSON CARLO DE LOS SANTOS ARIAS<br>UN DOMINICANO PERTENECIENTE AL MUNDO<\/strong><\/h3>\n\n\n\n<p>Nelson Carlo De los Santos Arias naci\u00f3 en Santo Domingo, capital de la Rep\u00fablica Dominicana, en 1985. Se gradu\u00f3 con una Maestr\u00eda en Bellas Artes (MFA) en Cine y Video de la Escuela de Arte CalArts de California en 2014. Desde entonces, ha dirigido cuatro cortometrajes y cinco largometrajes, obteniendo reconocimiento internacional con Cocote (2017), por la que recibi\u00f3 el Leopardo de Oro en la categor\u00eda Signs of Life en el Festival de Cine de Locarno. Siete a\u00f1os despu\u00e9s, en 2024, gan\u00f3 el Oso de Plata a Mejor Director en el Festival de Cine de Berl\u00edn por Pepe, convirti\u00e9ndose en el primer cineasta latinoamericano en recibir este premio.<\/p>\n\n\n\n<p>En 2025, CineBH decidi\u00f3 destacar la obra de Nelson en la secci\u00f3n Di\u00e1logos Hist\u00f3ricos, que anualmente presenta pel\u00edculas con fundamento en el desarrollo de la historia del cine y que conectan con la programaci\u00f3n general. Estas pel\u00edculas suelen estar dirigidas por directores o t\u00edtulos de \u00e9pocas m\u00e1s remotas, en ocasiones por artistas fallecidos o retirados. La selecci\u00f3n de esta edici\u00f3n presenta una ligera variaci\u00f3n, tanto por la singularidad de un director proveniente de un pa\u00eds con escasa tradici\u00f3n cinematogr\u00e1fica \u2014es decir, sin mucho margen para variaciones en el di\u00e1logo hist\u00f3rico\u2014 como por las propias caracter\u00edsticas del cine de Nelson, que utiliza procedimientos y estructuras inusuales y provocadoras, incluso en la actualidad.<\/p>\n\n\n\n<p>Habr\u00e1 tres sesiones, todas ellas debatidas por el director y el p\u00fablico. La primera sesi\u00f3n presentar\u00e1 Pareces Una Carreta de Esas Que no la Paran ni Lo Bueye (2013). El segundo d\u00eda, la sesi\u00f3n doble incluir\u00e1 Canciones de Cuna (2014) y Santa Teresa y Otras Historias (2015). Finalmente, la aclamada Cocote (2017), una aut\u00e9ntica explosi\u00f3n para el director y una de las pel\u00edculas latinas m\u00e1s importantes de principios de siglo. Su obra m\u00e1s reciente, Pepe (2024), qued\u00f3 fuera este a\u00f1o porque se proyect\u00f3 en la edici\u00f3n 2024 de CineBH, dentro de la Mostra Continente.<\/p>\n\n\n\n<h3 class=\"wp-block-heading\"><strong>TRAYECTORIA<\/strong>\u00a0<\/h3>\n\n\n\n<p>Desde ni\u00f1o, Nelson se interes\u00f3 por la escritura, el teatro, la fotograf\u00eda y la m\u00fasica. Un punto de inflexi\u00f3n crucial en su vida fue estudiar en una escuela de arte, cuando comenz\u00f3 a entender las pel\u00edculas como algo m\u00e1s que &#8220;productos de comunicaci\u00f3n&#8221; y a verlas como &#8220;objetos&#8221; en s\u00ed mismas, una distinci\u00f3n ontol\u00f3gica que molde\u00f3 su enfoque de la direcci\u00f3n, como ha afirmado en entrevistas y conferencias. Fue alumno del legendario cineasta Billy Woodberry, uno de los \u00edconos del movimiento L.A. Rebellion. De Woodberry, absorbi\u00f3 el instinto de provocaci\u00f3n y la comprensi\u00f3n del cine como detonante de la reflexi\u00f3n y la intervenci\u00f3n afectiva y cultural.<\/p>\n\n\n\n<p>Su visi\u00f3n art\u00edstica est\u00e1 marcada por una &#8220;ruptura con las convenciones narrativas occidentales&#8221;, como \u00e9l mismo la defini\u00f3. En su primer largometraje, Pareces una Carreta de Esas que no la Paran ni los Bueye (2013), implement\u00f3 con rigor y vigor una forma \u00fanica de acercarse a los cuerpos y los escenarios que filmaba. Esta comedia de situaci\u00f3n sobre una familia dominicana en Nueva York ilustra la propia inserci\u00f3n de Nelson en la estructuraci\u00f3n del cine latinoamericano. Un poco fuera, un poco dentro, pero nunca indiferente ni desterritorializado.<\/p>\n\n\n\n<p>Pareces una Carreta&#8230; cont\u00f3 con el apoyo de Funglode (Fundaci\u00f3n Global Democracia y Desarrollo), que se define como \u201cuna organizaci\u00f3n privada sin fines de lucro en la Rep\u00fablica Dominicana dedicada a promover el desarrollo democr\u00e1tico y sostenible en el pa\u00eds mediante el an\u00e1lisis de temas cruciales, la formulaci\u00f3n de propuestas de pol\u00edticas p\u00fablicas y la promoci\u00f3n de actividades culturales y sociales\u201d. La pel\u00edcula tambi\u00e9n contiene en los cr\u00e9ditos un letrero del California Institute of the Arts. En otras palabras, ya podemos apreciar la mezcla de referencias geogr\u00e1ficas y de producci\u00f3n que aparecer\u00e1n constantemente en su obra y que, en muchos sentidos, lo distinguen como un artista principalmente latino y solo secundariamente dominicano.<\/p>\n\n\n\n<p>Por supuesto, un cierto contexto caribe\u00f1o es intr\u00ednseco a su obra, y \u00e9l mismo ha descrito a la Rep\u00fablica Dominicana como el &#8220;paciente cero&#8221; de la modernidad y la colonizaci\u00f3n, debido a su alto mestizaje biol\u00f3gico y cultural. Esta pluralidad de identidades, que difiere de las identidades occidentales monol\u00edticas, es terreno f\u00e9rtil para sus formas mixtas y no lineales. Aunque local, el cine de Nelson resuena con temas universales de descolonizaci\u00f3n e identidad. El discurso pol\u00edtico radical surge de su imaginaci\u00f3n, y para \u00e9l, el cine, incluso sin provocar directamente una revoluci\u00f3n, puede sembrar nuevas im\u00e1genes en la mente de la gente. Nelson cree en la \u00abrepresentaci\u00f3n \u00e9tica y responsable de las comunidades invisibles\u00bb y busca desafiar la est\u00e9tica del opresor y promover la idea de que la diversidad de voces enriquece la gran narrativa global.&nbsp;<\/p>\n\n\n\n<p><strong>Marcelo Miranda<\/strong><br><em>Curador<\/em><\/p>\n\n\n\n<div style=\"height:100px\" aria-hidden=\"true\" class=\"wp-block-spacer\"><\/div>\n\n\n\n    <div id=\"movie-block_68b9d07a3d25b\" class=\"movie-block\">\n                  <div data-slides-per-view=\"4\" id=\"block_68b9d07a3d25b\" class=\"movie expanded movie-block movie-list\">\n            <div class=\"container container-1216 flex-col\">\n        <div class=\"\">\n                    <div class=\" movie-items\">\n            <div class=\"movie-items-wrapper\">\n                  <div class=\"movie-item  \">\n      <a href=\"https:\/\/cinebh.com.br\/2025\/filme\/canciones-de-cuna\/\">\n        <img loading=\"lazy\" decoding=\"async\" width=\"280\" height=\"432\" src=\"https:\/\/universoproducao.nyc3.digitaloceanspaces.com\/cinebh2025\/2025\/09\/CANCIONES-DE-CUNAS-r5dt6mwroim1azx6qzgisctim3w04074360vi4uxis-280x432.jpg\" class=\"movie-img\" alt=\"\" \/>\n                <span class=\"movie-content\">\n          <span class=\"title\">Canciones de Cuna<\/span>\n                      <span class=\"direction on-hover\">Dire\u00e7\u00e3o: Nelson Carlo De los Santos Arias<\/span>\n                                          <span class=\"country on-hover\">EUA<\/span>\n                                <span class=\"read-more btn-link on-hover uppercase\">\n              Saiba mais <i class=\"icon-arrow-right\"><\/i><\/span>\n                  <\/span>\n      <\/a>\n    <\/div>\n        <div class=\"movie-item  \">\n      <a href=\"https:\/\/cinebh.com.br\/2025\/filme\/cocote\/\">\n        <img loading=\"lazy\" decoding=\"async\" width=\"280\" height=\"432\" src=\"https:\/\/universoproducao.nyc3.digitaloceanspaces.com\/cinebh2025\/2025\/09\/poster-Cocote-MV5BZmU3YjcwZDktZGEyNC00YWMyLWI3MzUtNDJiYTJhNTBmMjc4XkEyXkFqcGc%40._V1_-280x432.jpg\" class=\"movie-img\" alt=\"\" \/>\n                <span class=\"movie-content\">\n          <span class=\"title\">Cocote<\/span>\n                      <span class=\"direction on-hover\">Dire\u00e7\u00e3o: Nelson Carlo de los Santos Arias<\/span>\n                                          <span class=\"country on-hover\">REP\u00daBLICA DOMINICANA, ARGENTINA, ALEMANHA, QATAR<\/span>\n                                <span class=\"read-more btn-link on-hover uppercase\">\n              Saiba mais <i class=\"icon-arrow-right\"><\/i><\/span>\n                  <\/span>\n      <\/a>\n    <\/div>\n        <div class=\"movie-item  \">\n      <a href=\"https:\/\/cinebh.com.br\/2025\/filme\/pareces-una-carreta-de-esas-que-no-la-paran-ni-los-bueyes\/\">\n        <img loading=\"lazy\" decoding=\"async\" width=\"280\" height=\"432\" src=\"https:\/\/universoproducao.nyc3.digitaloceanspaces.com\/cinebh2025\/2025\/09\/Pareces-uma-carreta-image-w1280-280x432.webp\" class=\"movie-img\" alt=\"\" \/>\n                <span class=\"movie-content\">\n          <span class=\"title\">Pareces una carreta de esas que no la paran ni los bueyes<\/span>\n                      <span class=\"direction on-hover\">Dire\u00e7\u00e3o: Nelson Carlo de los Santos Arias<\/span>\n                                          <span class=\"country on-hover\">EUA, REP\u00daBLICA DOMINICANA<\/span>\n                                <span class=\"read-more btn-link on-hover uppercase\">\n              Saiba mais <i class=\"icon-arrow-right\"><\/i><\/span>\n                  <\/span>\n      <\/a>\n    <\/div>\n        <div class=\"movie-item  \">\n      <a href=\"https:\/\/cinebh.com.br\/2025\/filme\/santa-teresa-y-otras-historias\/\">\n        <img loading=\"lazy\" decoding=\"async\" width=\"280\" height=\"432\" src=\"https:\/\/universoproducao.nyc3.digitaloceanspaces.com\/cinebh2025\/2025\/09\/poster-Santa-tereza-e-otras-historias-280x432.jpg\" class=\"movie-img\" alt=\"\" \/>\n                <span class=\"movie-content\">\n          <span class=\"title\">Santa Teresa y Otras Historias<\/span>\n                      <span class=\"direction on-hover\">Dire\u00e7\u00e3o: Nelson Carlo de los Santos Arias<\/span>\n                                          <span class=\"country on-hover\">REP\u00daBLICA DOMINICANA<\/span>\n                                <span class=\"read-more btn-link on-hover uppercase\">\n              Saiba mais <i class=\"icon-arrow-right\"><\/i><\/span>\n                  <\/span>\n      <\/a>\n    <\/div>\n                <\/div>\n          <\/div>\n                  <\/div>\n      <\/div>\n    <\/div>\n              <\/div>\n    ","protected":false},"excerpt":{"rendered":"<p>NELSON CARLO DE LOS SANTOS ARIASUN DOMINICANO PERTENECIENTE AL MUNDO Nelson Carlo De los Santos Arias naci\u00f3 en Santo Domingo, capital de la Rep\u00fablica Dominicana, en 1985. Se gradu\u00f3 con [&hellip;]<\/p>\n","protected":false},"author":1,"featured_media":0,"parent":2855,"menu_order":32,"comment_status":"closed","ping_status":"closed","template":"","meta":{"footnotes":""},"class_list":["post-2792","page","type-page","status-publish","hentry"],"acf":[],"_links":{"self":[{"href":"https:\/\/cinebh.com.br\/2025\/wp-json\/wp\/v2\/pages\/2792","targetHints":{"allow":["GET"]}}],"collection":[{"href":"https:\/\/cinebh.com.br\/2025\/wp-json\/wp\/v2\/pages"}],"about":[{"href":"https:\/\/cinebh.com.br\/2025\/wp-json\/wp\/v2\/types\/page"}],"author":[{"embeddable":true,"href":"https:\/\/cinebh.com.br\/2025\/wp-json\/wp\/v2\/users\/1"}],"replies":[{"embeddable":true,"href":"https:\/\/cinebh.com.br\/2025\/wp-json\/wp\/v2\/comments?post=2792"}],"version-history":[{"count":3,"href":"https:\/\/cinebh.com.br\/2025\/wp-json\/wp\/v2\/pages\/2792\/revisions"}],"predecessor-version":[{"id":2795,"href":"https:\/\/cinebh.com.br\/2025\/wp-json\/wp\/v2\/pages\/2792\/revisions\/2795"}],"up":[{"embeddable":true,"href":"https:\/\/cinebh.com.br\/2025\/wp-json\/wp\/v2\/pages\/2855"}],"wp:attachment":[{"href":"https:\/\/cinebh.com.br\/2025\/wp-json\/wp\/v2\/media?parent=2792"}],"curies":[{"name":"wp","href":"https:\/\/api.w.org\/{rel}","templated":true}]}}