{"id":2826,"date":"2025-09-08T19:12:26","date_gmt":"2025-09-08T22:12:26","guid":{"rendered":"https:\/\/cinebh.com.br\/?page_id=2826"},"modified":"2025-09-19T13:46:02","modified_gmt":"2025-09-19T16:46:02","slug":"programacion","status":"publish","type":"page","link":"https:\/\/cinebh.com.br\/2025\/programacion\/?lang=es","title":{"rendered":"Programaci\u00f3n"},"content":{"rendered":"\n<p><strong>Toda a programa\u00e7\u00e3o \u00e9 oferecida gratuitamente ao p\u00fablico.\u00a0<\/strong><\/p>\n\n<p><strong>Retirada de ingressos nas bilheterias dos cinemas 60 minutos antes de cada sess\u00e3o. Sujeito \u00e0 lota\u00e7\u00e3o de cada espa\u00e7o.<\/strong><\/p>\n\n<div data-wp-interactive=\"core\/file\" class=\"wp-block-file\"><object data-wp-bind--hidden=\"!state.hasPdfPreview\" hidden class=\"wp-block-file__embed\" data=\"https:\/\/cinebh.com.br\/wp-content\/uploads\/2025\/09\/19CINEBH_FolderProgramacao_11x15cm_WEB-3.pdf\" type=\"application\/pdf\" style=\"width:100%;height:600px\" aria-label=\"Incorporado de 19CINEBH_FolderProgramacao_11x15cm_WEB.\"><\/object><a id=\"wp-block-file--media-c1153439-e9d6-4ac2-ba71-65400c8a849f\" href=\"https:\/\/cinebh.com.br\/wp-content\/uploads\/2025\/09\/19CINEBH_FolderProgramacao_11x15cm_WEB-3.pdf\">19CINEBH_FolderProgramacao_11x15cm_WEB<\/a><a href=\"https:\/\/cinebh.com.br\/wp-content\/uploads\/2025\/09\/19CINEBH_FolderProgramacao_11x15cm_WEB-3.pdf\" class=\"wp-block-file__button wp-element-button\" download=\"\" aria-describedby=\"wp-block-file--media-c1153439-e9d6-4ac2-ba71-65400c8a849f\">Baixar<\/a><\/div>\n\n<div style=\"height:100px\" aria-hidden=\"true\" class=\"wp-block-spacer\"><\/div>\n","protected":false},"excerpt":{"rendered":"<p>Toda a programa\u00e7\u00e3o \u00e9 oferecida gratuitamente ao p\u00fablico.\u00a0 Retirada de ingressos nas bilheterias dos cinemas 60 minutos antes de cada sess\u00e3o. Sujeito \u00e0 lota\u00e7\u00e3o de cada espa\u00e7o.<\/p>\n","protected":false},"author":1,"featured_media":0,"parent":0,"menu_order":15,"comment_status":"closed","ping_status":"closed","template":"","meta":{"footnotes":""},"class_list":["post-2826","page","type-page","status-publish","hentry"],"acf":[],"_links":{"self":[{"href":"https:\/\/cinebh.com.br\/2025\/wp-json\/wp\/v2\/pages\/2826","targetHints":{"allow":["GET"]}}],"collection":[{"href":"https:\/\/cinebh.com.br\/2025\/wp-json\/wp\/v2\/pages"}],"about":[{"href":"https:\/\/cinebh.com.br\/2025\/wp-json\/wp\/v2\/types\/page"}],"author":[{"embeddable":true,"href":"https:\/\/cinebh.com.br\/2025\/wp-json\/wp\/v2\/users\/1"}],"replies":[{"embeddable":true,"href":"https:\/\/cinebh.com.br\/2025\/wp-json\/wp\/v2\/comments?post=2826"}],"version-history":[{"count":7,"href":"https:\/\/cinebh.com.br\/2025\/wp-json\/wp\/v2\/pages\/2826\/revisions"}],"predecessor-version":[{"id":2908,"href":"https:\/\/cinebh.com.br\/2025\/wp-json\/wp\/v2\/pages\/2826\/revisions\/2908"}],"wp:attachment":[{"href":"https:\/\/cinebh.com.br\/2025\/wp-json\/wp\/v2\/media?parent=2826"}],"curies":[{"name":"wp","href":"https:\/\/api.w.org\/{rel}","templated":true}]}}