{"id":2834,"date":"2025-09-05T14:42:00","date_gmt":"2025-09-05T17:42:00","guid":{"rendered":"https:\/\/cinebh.com.br\/?page_id=2834"},"modified":"2025-09-18T19:08:16","modified_gmt":"2025-09-18T22:08:16","slug":"seminario-internacional","status":"publish","type":"page","link":"https:\/\/cinebh.com.br\/2025\/seminario-internacional\/?lang=es","title":{"rendered":"Seminario Internacional"},"content":{"rendered":"\n<p>La 19\u00aa CineBH \u2013 Muestra Internacional de Cine de Belo Horizonte y el 16\u00ba Brasil CineMundi \u2013 Encuentro Internacional de Coproducci\u00f3n reciben, del 24 al 27 de septiembre, en el Palacio das Artes, el Seminario Internacional \u201cAudiovisual en Conexi\u00f3n\u201d.<\/p>\n\n\n\n<p>El seminario re\u00fane 13 actividades, entre debates y paneles, con invitados de pa\u00edses como Brasil, Per\u00fa, M\u00e9xico, Colombia, Chile, Argentina, Cuba, Francia, Italia, Alemania, Espa\u00f1a, Filipinas, Taiw\u00e1n, Angola y Ruanda. Es gratuito, presencial y contar\u00e1 con traducci\u00f3n simult\u00e1nea en portugu\u00e9s, espa\u00f1ol, ingl\u00e9s y franc\u00e9s, seg\u00fan la mesa.<\/p>\n\n\n\n<p>Con el tema \u201cAudiovisual en Conexi\u00f3n: regulaci\u00f3n, coproducci\u00f3n y los desaf\u00edos del mercado\u201d, la propuesta es reflexionar sobre el papel estrat\u00e9gico del audiovisual en el desarrollo, discutir modelos de financiamiento y circulaci\u00f3n global y debatir los impactos de las nuevas tecnolog\u00edas en la industria. La programaci\u00f3n se organiza en tres ejes principales: pol\u00edticas p\u00fablicas y regulaci\u00f3n; coproducci\u00f3n internacional como estrategia de expansi\u00f3n; y futuro del audiovisual ante las transformaciones tecnol\u00f3gicas.<\/p>\n\n\n\n<p>Seg\u00fan Raquel Hallak, coordinadora de la CineBH, el seminario se consolida como un espacio de articulaci\u00f3n entre creadores, investigadores, gestores y profesionales del sector:<\/p>\n\n\n\n<p>\u201cM\u00e1s que reunir especialistas, buscamos provocar di\u00e1logos que ayuden a pensar el audiovisual como un proyecto de pa\u00eds. El seminario es una oportunidad de conectar experiencias locales e internacionales y, a partir de ese intercambio, fortalecer el ecosistema de forma inclusiva, soberana y sostenible\u201d.<\/p>\n\n\n\n<p><\/p>\n","protected":false},"excerpt":{"rendered":"<p>La 19\u00aa CineBH \u2013 Muestra Internacional de Cine de Belo Horizonte y el 16\u00ba Brasil CineMundi \u2013 Encuentro Internacional de Coproducci\u00f3n reciben, del 24 al 27 de septiembre, en el [&hellip;]<\/p>\n","protected":false},"author":1,"featured_media":0,"parent":0,"menu_order":18,"comment_status":"closed","ping_status":"closed","template":"","meta":{"footnotes":""},"class_list":["post-2834","page","type-page","status-publish","hentry"],"acf":[],"_links":{"self":[{"href":"https:\/\/cinebh.com.br\/2025\/wp-json\/wp\/v2\/pages\/2834","targetHints":{"allow":["GET"]}}],"collection":[{"href":"https:\/\/cinebh.com.br\/2025\/wp-json\/wp\/v2\/pages"}],"about":[{"href":"https:\/\/cinebh.com.br\/2025\/wp-json\/wp\/v2\/types\/page"}],"author":[{"embeddable":true,"href":"https:\/\/cinebh.com.br\/2025\/wp-json\/wp\/v2\/users\/1"}],"replies":[{"embeddable":true,"href":"https:\/\/cinebh.com.br\/2025\/wp-json\/wp\/v2\/comments?post=2834"}],"version-history":[{"count":1,"href":"https:\/\/cinebh.com.br\/2025\/wp-json\/wp\/v2\/pages\/2834\/revisions"}],"predecessor-version":[{"id":2835,"href":"https:\/\/cinebh.com.br\/2025\/wp-json\/wp\/v2\/pages\/2834\/revisions\/2835"}],"wp:attachment":[{"href":"https:\/\/cinebh.com.br\/2025\/wp-json\/wp\/v2\/media?parent=2834"}],"curies":[{"name":"wp","href":"https:\/\/api.w.org\/{rel}","templated":true}]}}