{"id":730,"date":"2025-08-26T19:46:41","date_gmt":"2025-08-26T22:46:41","guid":{"rendered":"http:\/\/104.236.29.186\/?page_id=730"},"modified":"2025-09-12T16:44:08","modified_gmt":"2025-09-12T19:44:08","slug":"cine-expressao","status":"publish","type":"page","link":"https:\/\/cinebh.com.br\/2025\/filmes\/cine-expressao\/","title":{"rendered":"Cine-Express\u00e3o"},"content":{"rendered":"\n<h2 class=\"wp-block-heading\"><strong>O CINEMA NOS CONVIDA A SENTIR, JUNTOS<\/strong><\/h2>\n\n\n\n<p>Quando considero o tr\u00e2nsito de um consumo passivo para um consumo consciente como elemento essencial na curadoria de conte\u00fado para crian\u00e7as e jovens, estou investindo na forma\u00e7\u00e3o de indiv\u00edduos que escolhem a cultura com uma ferramenta de percep\u00e7\u00e3o de seus movimentos internos despertados.<\/p>\n\n\n\n<p>Conectar narrativas cinematogr\u00e1ficas com as hist\u00f3rias pessoais do p\u00fablico, abrindo espa\u00e7o para que possam se perceber. Nesse contexto, a experi\u00eancia de assistir a um filme se torna uma pr\u00e1tica de reconhecimento e acolhida de cada impacto gerado em suas emo\u00e7\u00f5es e percep\u00e7\u00f5es.<\/p>\n\n\n\n<p>Por considerar um grande equ\u00edvoco da educa\u00e7\u00e3o caminharmos em dire\u00e7\u00e3o \u00e0s compet\u00eancias, sem antes aprofundarmos e fortalecermos a nossa rela\u00e7\u00e3o com a nossa exist\u00eancia, o Cine-Express\u00e3o investe no pensamento cr\u00edtico de mundo, atrav\u00e9s do despertar de uma percep\u00e7\u00e3o ampla e profunda sobre si mesmos.<\/p>\n\n\n\n<p>O programa a ser realizado com o grupo acad\u00eamico ocorre em tr\u00eas etapas, sendo elas as <strong>sess\u00f5es<\/strong> de cinema, o <strong>debate<\/strong> p\u00f3s sess\u00e3o e um <strong>material de conex\u00f5es e saberes<\/strong> que \u00e9 entregue para as escolas participantes.<\/p>\n\n\n\n<p class=\"has-text-align-right\"><\/p>\n\n\n\n<h2 class=\"wp-block-heading\"><strong>As sess\u00f5es de cinema<\/strong><\/h2>\n\n\n\n<p>Neste ano, a programa\u00e7\u00e3o est\u00e1 composta por uma sele\u00e7\u00e3o de 15 curtas-metragens, distribu\u00eddos em quatro sess\u00f5es que s\u00e3o configuradas de acordo com a faixa et\u00e1ria do p\u00fablico, a partir de crit\u00e9rios que incluem: tem\u00e1tica, conte\u00fado visual, tipos de linguagem e di\u00e1logos, bem como a complexidade da narrativa.<\/p>\n\n\n\n<div style=\"height:52px\" aria-hidden=\"true\" class=\"wp-block-spacer\"><\/div>\n\n\n\n<h4 class=\"wp-block-heading\">Faixa-et\u00e1ria: 5 a 7 anos&nbsp;<\/h4>\n\n\n\n<p>Quatro anima\u00e7\u00f5es transitam por diferentes aspectos da inf\u00e2ncia, revelando uma vis\u00e3o multifacetada da experi\u00eancia infantil. Embora cada obra apresente uma perspectiva \u00fanica, todas convergem em torno de temas fundamentais, como a criatividade expressiva, o brincar, a imagina\u00e7\u00e3o e a descoberta de novas experi\u00eancias. Atrav\u00e9s dessas narrativas, os filmes celebram a riqueza e a diversidade da inf\u00e2ncia, impactando o p\u00fablico em possibilidade de reconhecimento e do despertar de desejos de experimentar.\u00a0<\/p>\n\n\n\n<div style=\"height:52px\" aria-hidden=\"true\" class=\"wp-block-spacer\"><\/div>\n\n\n\n    <div id=\"movie-block_665e20d016967\" class=\"movie-block\">\n                  <div data-slides-per-view=\"4\" id=\"block_665e20d016967\" class=\"movie expanded movie-block movie-list\">\n            <div class=\"container container-1216 flex-col\">\n        <div class=\"\">\n                    <div class=\" movie-items\">\n            <div class=\"movie-items-wrapper\">\n                  <div class=\"movie-item  \">\n      <a href=\"https:\/\/cinebh.com.br\/2025\/filme\/menino-gepeto\/\">\n        <img loading=\"lazy\" decoding=\"async\" width=\"280\" height=\"432\" src=\"https:\/\/universoproducao.nyc3.digitaloceanspaces.com\/cinebh2025\/2025\/08\/MENINO-GEPETO_cartaz-cinema-CINEOP-Rafael-Guimaraes-280x432.jpg\" class=\"movie-img\" alt=\"\" \/>\n                <span class=\"movie-content\">\n          <span class=\"title\">Menino Gepeto<\/span>\n                      <span class=\"direction on-hover\">Dire\u00e7\u00e3o: Cl\u00e1udio Constantino, Rafael Guimar\u00e3es<\/span>\n                                          <span class=\"country on-hover\">MG \/ Brasil<\/span>\n                                <span class=\"read-more btn-link on-hover uppercase\">\n              Saiba mais <i class=\"icon-arrow-right\"><\/i><\/span>\n                  <\/span>\n      <\/a>\n    <\/div>\n        <div class=\"movie-item  \">\n      <a href=\"https:\/\/cinebh.com.br\/2025\/filme\/o-chapeu-do-zezeu\/\">\n        <img loading=\"lazy\" decoding=\"async\" width=\"280\" height=\"432\" src=\"https:\/\/universoproducao.nyc3.digitaloceanspaces.com\/cinebh2025\/2025\/08\/O-CHAPEU-DO-ZEZEU_zezeu-Instituto-Marlin-Azul-280x432.jpg\" class=\"movie-img\" alt=\"\" \/>\n                <span class=\"movie-content\">\n          <span class=\"title\">O Chap\u00e9u do Zez\u00e9u<\/span>\n                      <span class=\"direction on-hover\">Dire\u00e7\u00e3o: Alunos do Projeto Anima\u00e7\u00e3o &#8211; Instituto Marlin Azul\/Escola Municipal Monsenhor Walfredo Gurgel <\/span>\n                                          <span class=\"country on-hover\">RN\/ES \/ Brasil<\/span>\n                                <span class=\"read-more btn-link on-hover uppercase\">\n              Saiba mais <i class=\"icon-arrow-right\"><\/i><\/span>\n                  <\/span>\n      <\/a>\n    <\/div>\n        <div class=\"movie-item  \">\n      <a href=\"https:\/\/cinebh.com.br\/2025\/filme\/quinn\/\">\n        <img loading=\"lazy\" decoding=\"async\" width=\"280\" height=\"432\" src=\"https:\/\/universoproducao.nyc3.digitaloceanspaces.com\/cinebh2025\/2025\/08\/QUINN_Poster_01-2-Arthur-Felipe-de-Oliveira-Fiel-280x432.png\" class=\"movie-img\" alt=\"\" \/>\n                <span class=\"movie-content\">\n          <span class=\"title\">Quinn<\/span>\n                      <span class=\"direction on-hover\">Dire\u00e7\u00e3o: Arthur Felipe Fiel<\/span>\n                                          <span class=\"country on-hover\">ES \/ Brasil<\/span>\n                                <span class=\"read-more btn-link on-hover uppercase\">\n              Saiba mais <i class=\"icon-arrow-right\"><\/i><\/span>\n                  <\/span>\n      <\/a>\n    <\/div>\n        <div class=\"movie-item  \">\n      <a href=\"https:\/\/cinebh.com.br\/2025\/filme\/relogio-com-defeito\/\">\n        <img loading=\"lazy\" decoding=\"async\" width=\"280\" height=\"432\" src=\"https:\/\/universoproducao.nyc3.digitaloceanspaces.com\/cinebh2025\/2025\/08\/RELOGIO-COM-DEFEITO_EP3_CARTAZ-Jardim-de-palavras-280x432.jpg\" class=\"movie-img\" alt=\"\" \/>\n                <span class=\"movie-content\">\n          <span class=\"title\">Rel\u00f3gio com defeito<\/span>\n                      <span class=\"direction on-hover\">Dire\u00e7\u00e3o: Rodrigo Vulcano, Lucas Lima<\/span>\n                                          <span class=\"country on-hover\">SP \/ Brasil<\/span>\n                                <span class=\"read-more btn-link on-hover uppercase\">\n              Saiba mais <i class=\"icon-arrow-right\"><\/i><\/span>\n                  <\/span>\n      <\/a>\n    <\/div>\n                <\/div>\n          <\/div>\n                  <\/div>\n      <\/div>\n    <\/div>\n              <\/div>\n    \n\n\n<div style=\"height:100px\" aria-hidden=\"true\" class=\"wp-block-spacer\"><\/div>\n\n\n\n<h4 class=\"wp-block-heading\">Faixa-et\u00e1ria: 8 a 10 anos&nbsp;<\/h4>\n\n\n\n<p>Esta sess\u00e3o \u00e9 composta por duas anima\u00e7\u00f5es e duas fic\u00e7\u00f5es que exploram uma ampla gama de emo\u00e7\u00f5es e experi\u00eancias. A programa\u00e7\u00e3o \u00e9 cuidadosamente estruturada para criar um fluxo narrativo que come\u00e7a com uma abordagem sutil e l\u00fadica, evoluindo para uma experi\u00eancia mais intensa e profunda, antes de culminar em uma explos\u00e3o de aspectos que desafiam os limites da imagina\u00e7\u00e3o convencional. Os filmes se articulam para criar uma jornada emocional que evolve e inspira o p\u00fablico.<\/p>\n\n\n\n<div style=\"height:52px\" aria-hidden=\"true\" class=\"wp-block-spacer\"><\/div>\n\n\n\n    <div id=\"movie-block_665e20e916968\" class=\"movie-block\">\n                  <div data-slides-per-view=\"4\" id=\"block_665e20e916968\" class=\"movie expanded movie-block movie-list\">\n            <div class=\"container container-1216 flex-col\">\n        <div class=\"\">\n                    <div class=\" movie-items\">\n            <div class=\"movie-items-wrapper\">\n                  <div class=\"movie-item  \">\n      <a href=\"https:\/\/cinebh.com.br\/2025\/filme\/aria\/\">\n        <img loading=\"lazy\" decoding=\"async\" width=\"280\" height=\"432\" src=\"https:\/\/universoproducao.nyc3.digitaloceanspaces.com\/cinebh2025\/2025\/08\/ARIA_Poster_louros_alta-Bruno-de-Oliveira-Nogueira-280x432.jpg\" class=\"movie-img\" alt=\"\" \/>\n                <span class=\"movie-content\">\n          <span class=\"title\">\u00c1ria<\/span>\n                      <span class=\"direction on-hover\">Dire\u00e7\u00e3o: Arthur P. Motta<\/span>\n                                          <span class=\"country on-hover\">ES \/ Brasil<\/span>\n                                <span class=\"read-more btn-link on-hover uppercase\">\n              Saiba mais <i class=\"icon-arrow-right\"><\/i><\/span>\n                  <\/span>\n      <\/a>\n    <\/div>\n        <div class=\"movie-item  \">\n      <a href=\"https:\/\/cinebh.com.br\/2025\/filme\/cine-quarto\/\">\n        <img loading=\"lazy\" decoding=\"async\" width=\"280\" height=\"432\" src=\"https:\/\/universoproducao.nyc3.digitaloceanspaces.com\/cinebh2025\/2025\/08\/CINE-QUARTO_poster-cineop-Leonardo-Marcondes-braga-280x432.png\" class=\"movie-img\" alt=\"\" \/>\n                <span class=\"movie-content\">\n          <span class=\"title\">Cine quarto<\/span>\n                      <span class=\"direction on-hover\">Dire\u00e7\u00e3o: Leonardo Braga<\/span>\n                                          <span class=\"country on-hover\">MG \/ Brasil<\/span>\n                                <span class=\"read-more btn-link on-hover uppercase\">\n              Saiba mais <i class=\"icon-arrow-right\"><\/i><\/span>\n                  <\/span>\n      <\/a>\n    <\/div>\n        <div class=\"movie-item  \">\n      <a href=\"https:\/\/cinebh.com.br\/2025\/filme\/menino-monstro\/\">\n        <img loading=\"lazy\" decoding=\"async\" width=\"280\" height=\"432\" src=\"https:\/\/universoproducao.nyc3.digitaloceanspaces.com\/cinebh2025\/2025\/08\/MEININO-MONSTRO-monstro_poster_A4-Renata-Martins-280x432.jpg\" class=\"movie-img\" alt=\"\" \/>\n                <span class=\"movie-content\">\n          <span class=\"title\">Menino Monstro<\/span>\n                      <span class=\"direction on-hover\">Dire\u00e7\u00e3o: Guilherme Alvernaz<\/span>\n                                          <span class=\"country on-hover\">SP \/ Brasil<\/span>\n                                <span class=\"read-more btn-link on-hover uppercase\">\n              Saiba mais <i class=\"icon-arrow-right\"><\/i><\/span>\n                  <\/span>\n      <\/a>\n    <\/div>\n        <div class=\"movie-item  \">\n      <a href=\"https:\/\/cinebh.com.br\/2025\/filme\/sacis\/\">\n        <img loading=\"lazy\" decoding=\"async\" width=\"280\" height=\"432\" src=\"https:\/\/universoproducao.nyc3.digitaloceanspaces.com\/cinebh2025\/2025\/08\/SACIS_Cartaz_Sacis_A2_out23_page-0001-280x432.jpg\" class=\"movie-img\" alt=\"\" \/>\n                <span class=\"movie-content\">\n          <span class=\"title\">Sacis<\/span>\n                      <span class=\"direction on-hover\">Dire\u00e7\u00e3o: Bruno Bennec<\/span>\n                                          <span class=\"country on-hover\">MG \/ Brasil<\/span>\n                                <span class=\"read-more btn-link on-hover uppercase\">\n              Saiba mais <i class=\"icon-arrow-right\"><\/i><\/span>\n                  <\/span>\n      <\/a>\n    <\/div>\n                <\/div>\n          <\/div>\n                  <\/div>\n      <\/div>\n    <\/div>\n              <\/div>\n    \n\n\n<div style=\"height:43px\" aria-hidden=\"true\" class=\"wp-block-spacer\"><\/div>\n\n\n\n<div style=\"height:100px\" aria-hidden=\"true\" class=\"wp-block-spacer\"><\/div>\n\n\n\n<h4 class=\"wp-block-heading\">Faixa-et\u00e1ria: 11 a 13 anos&nbsp;<\/h4>\n\n\n\n<p>Esta sess\u00e3o \u00e9 uma experi\u00eancia sensorial profunda e cuidadosamente curada para ressoar com as sensibilidades dos jovens. Os tr\u00eas primeiros filmes exigem uma aten\u00e7\u00e3o cuidadosa, pois cada um, \u00e0 sua maneira, provoca um sil\u00eancio reflexivo, criando um espa\u00e7o para a introspec\u00e7\u00e3o e a contempla\u00e7\u00e3o. \u00c0 medida que a sess\u00e3o avan\u00e7a, um novo movimento emerge, convidando os jovens a se identificarem tanto com a narrativa, quanto com personagens.<\/p>\n\n\n\n<p>As quatro fic\u00e7\u00f5es que comp\u00f5em a sele\u00e7\u00e3o oferecem um leque de possibilidades pela pot\u00eancia das tem\u00e1ticas. H\u00e1 intens\u00e3o de transcendermos o \u00f3bvio e adentrarmos terrenos que existem al\u00e9m do que nos \u00e9 explicitamente oferecido.<\/p>\n\n\n\n<p>A sess\u00e3o culmina com uma obra divertida que certamente contagiar\u00e1 os jovens com sorrisos irresist\u00edveis.<\/p>\n\n\n\n<div style=\"height:52px\" aria-hidden=\"true\" class=\"wp-block-spacer\"><\/div>\n\n\n\n    <div id=\"movie-block_665e212216969\" class=\"movie-block\">\n                  <div data-slides-per-view=\"4\" id=\"block_665e212216969\" class=\"movie expanded movie-block movie-list\">\n            <div class=\"container container-1216 flex-col\">\n        <div class=\"\">\n                    <div class=\" movie-items\">\n            <div class=\"movie-items-wrapper\">\n                  <div class=\"movie-item  \">\n      <a href=\"https:\/\/cinebh.com.br\/2025\/filme\/a-menina-e-o-flautista\/\">\n        <img loading=\"lazy\" decoding=\"async\" width=\"280\" height=\"432\" src=\"https:\/\/universoproducao.nyc3.digitaloceanspaces.com\/cinebh2025\/2025\/08\/A-MENINA-E-O-FLAUTISTA_foto-02-Lara-Dezan-280x432.jpg\" class=\"movie-img\" alt=\"\" \/>\n                <span class=\"movie-content\">\n          <span class=\"title\">A Menina e o Flautista<\/span>\n                      <span class=\"direction on-hover\">Dire\u00e7\u00e3o: Lara Dezan<\/span>\n                                          <span class=\"country on-hover\">SP \/ Brasil<\/span>\n                                <span class=\"read-more btn-link on-hover uppercase\">\n              Saiba mais <i class=\"icon-arrow-right\"><\/i><\/span>\n                  <\/span>\n      <\/a>\n    <\/div>\n        <div class=\"movie-item  \">\n      <a href=\"https:\/\/cinebh.com.br\/2025\/filme\/glorinha\/\">\n        <img loading=\"lazy\" decoding=\"async\" width=\"280\" height=\"432\" src=\"https:\/\/universoproducao.nyc3.digitaloceanspaces.com\/cinebh2025\/2025\/08\/GLORINHA_CINEOP-Stella-Ribeiro-280x432.jpg\" class=\"movie-img\" alt=\"\" \/>\n                <span class=\"movie-content\">\n          <span class=\"title\">Glorinha<\/span>\n                      <span class=\"direction on-hover\">Dire\u00e7\u00e3o: Stella Ribeiro<\/span>\n                                          <span class=\"country on-hover\">RJ \/ Brasil<\/span>\n                                <span class=\"read-more btn-link on-hover uppercase\">\n              Saiba mais <i class=\"icon-arrow-right\"><\/i><\/span>\n                  <\/span>\n      <\/a>\n    <\/div>\n        <div class=\"movie-item  \">\n      <a href=\"https:\/\/cinebh.com.br\/2025\/filme\/passa-a-bola\/\">\n        <img loading=\"lazy\" decoding=\"async\" width=\"280\" height=\"432\" src=\"https:\/\/universoproducao.nyc3.digitaloceanspaces.com\/cinebh2025\/2025\/08\/PASSA-A-BOLA_Poster-Guilherme-Herrera-Falchi-280x432.png\" class=\"movie-img\" alt=\"\" \/>\n                <span class=\"movie-content\">\n          <span class=\"title\">Passa a Bola<\/span>\n                      <span class=\"direction on-hover\">Dire\u00e7\u00e3o: Guilherme Herrera Falchi<\/span>\n                                          <span class=\"country on-hover\">SP \/ Brasil<\/span>\n                                <span class=\"read-more btn-link on-hover uppercase\">\n              Saiba mais <i class=\"icon-arrow-right\"><\/i><\/span>\n                  <\/span>\n      <\/a>\n    <\/div>\n        <div class=\"movie-item  \">\n      <a href=\"https:\/\/cinebh.com.br\/2025\/filme\/porque-sou-diferente\/\">\n        <img loading=\"lazy\" decoding=\"async\" width=\"280\" height=\"432\" src=\"https:\/\/universoproducao.nyc3.digitaloceanspaces.com\/cinebh2025\/2025\/08\/PORQUE-SOU-DIFERENTE-Sonhador-Filmes-280x432.png\" class=\"movie-img\" alt=\"\" \/>\n                <span class=\"movie-content\">\n          <span class=\"title\">Porque sou diferente<\/span>\n                      <span class=\"direction on-hover\">Dire\u00e7\u00e3o: Lu\u00eds Navarro<\/span>\n                                          <span class=\"country on-hover\">SP \/ Brasil<\/span>\n                                <span class=\"read-more btn-link on-hover uppercase\">\n              Saiba mais <i class=\"icon-arrow-right\"><\/i><\/span>\n                  <\/span>\n      <\/a>\n    <\/div>\n                <\/div>\n          <\/div>\n                  <\/div>\n      <\/div>\n    <\/div>\n              <\/div>\n    \n\n\n<div style=\"height:100px\" aria-hidden=\"true\" class=\"wp-block-spacer\"><\/div>\n\n\n\n<h4 class=\"wp-block-heading\">Faixa-et\u00e1ria: a partir de 14 anos<\/h4>\n\n\n\n<p>Esta sess\u00e3o apresenta tr\u00eas fic\u00e7\u00f5es paradigm\u00e1ticas que exploram a complexidade do amor e do controle como temas subjacentes. Atrav\u00e9s de narrativas distintas, esses filmes nos convidam a conectar as tem\u00e1ticas, promovendo uma percep\u00e7\u00e3o aprofundada sobre as din\u00e2micas humanas, as formas como temos nos relacionado e o lugar que cada experi\u00eancia tem ocupado na nossa vida. Com uma abordagem potente e instigante, a sess\u00e3o se destaca como uma experi\u00eancia impactante e profunda, capaz de provocar uma reflex\u00e3o importante sobre a condi\u00e7\u00e3o humana.<\/p>\n\n\n\n<div style=\"height:52px\" aria-hidden=\"true\" class=\"wp-block-spacer\"><\/div>\n\n\n\n    <div id=\"movie-block_665e21391696a\" class=\"movie-block\">\n                  <div data-slides-per-view=\"4\" id=\"block_665e21391696a\" class=\"movie expanded movie-block movie-list\">\n            <div class=\"container container-1216 flex-col\">\n        <div class=\"\">\n                    <div class=\" movie-items\">\n            <div class=\"movie-items-wrapper\">\n                  <div class=\"movie-item  \">\n      <a href=\"https:\/\/cinebh.com.br\/2025\/filme\/doce-de-coco\/\">\n        <img loading=\"lazy\" decoding=\"async\" width=\"280\" height=\"432\" src=\"https:\/\/universoproducao.nyc3.digitaloceanspaces.com\/cinebh2025\/2025\/08\/Doce-de-Coco-Poster-280x432.jpg\" class=\"movie-img\" alt=\"\" \/>\n                <span class=\"movie-content\">\n          <span class=\"title\">Doce de Coco<\/span>\n                      <span class=\"direction on-hover\">Dire\u00e7\u00e3o: Allan Deberton<\/span>\n                                          <span class=\"country on-hover\">Brasil <\/span>\n                                <span class=\"read-more btn-link on-hover uppercase\">\n              Saiba mais <i class=\"icon-arrow-right\"><\/i><\/span>\n                  <\/span>\n      <\/a>\n    <\/div>\n        <div class=\"movie-item  \">\n      <a href=\"https:\/\/cinebh.com.br\/2025\/filme\/ia-inteligencia-afetiva\/\">\n        <img loading=\"lazy\" decoding=\"async\" width=\"280\" height=\"432\" src=\"https:\/\/universoproducao.nyc3.digitaloceanspaces.com\/cinebh2025\/2025\/08\/IA_-INTELIGENCIA-AFETIVA_Poster-com-Logos-Pedro-Amorim-280x432.jpg\" class=\"movie-img\" alt=\"\" \/>\n                <span class=\"movie-content\">\n          <span class=\"title\">IA: Intelig\u00eancia Afetiva<\/span>\n                      <span class=\"direction on-hover\">Dire\u00e7\u00e3o: Pedro Amorim<\/span>\n                                          <span class=\"country on-hover\">RJ \/ Brasil<\/span>\n                                <span class=\"read-more btn-link on-hover uppercase\">\n              Saiba mais <i class=\"icon-arrow-right\"><\/i><\/span>\n                  <\/span>\n      <\/a>\n    <\/div>\n        <div class=\"movie-item  \">\n      <a href=\"https:\/\/cinebh.com.br\/2025\/filme\/o-mundo-dos-sonhos\/\">\n        <img loading=\"lazy\" decoding=\"async\" width=\"280\" height=\"432\" src=\"https:\/\/universoproducao.nyc3.digitaloceanspaces.com\/cinebh2025\/2025\/08\/O-MUNDO-DOS-SONHOS_Cartaz-Estalo-Criativo-280x432.jpg\" class=\"movie-img\" alt=\"\" \/>\n                <span class=\"movie-content\">\n          <span class=\"title\">O mundo dos sonhos<\/span>\n                      <span class=\"direction on-hover\">Dire\u00e7\u00e3o: Leandro Wenceslau<\/span>\n                                          <span class=\"country on-hover\">MG \/ Brasil<\/span>\n                                <span class=\"read-more btn-link on-hover uppercase\">\n              Saiba mais <i class=\"icon-arrow-right\"><\/i><\/span>\n                  <\/span>\n      <\/a>\n    <\/div>\n                <\/div>\n          <\/div>\n                  <\/div>\n      <\/div>\n    <\/div>\n              <\/div>\n    \n\n\n<div style=\"height:69px\" aria-hidden=\"true\" class=\"wp-block-spacer\"><\/div>\n\n\n\n<h2 class=\"wp-block-heading\"><strong>Os debates<\/strong><\/h2>\n\n\n\n<p>\u00c9 nesse momento que o Cine-Express\u00e3o refor\u00e7a a sua identidade. Professores e alunos s\u00e3o convidados a transcenderem seus pap\u00e9is sociais e se assumirem como simplesmente pessoas diante de si mesmas, impactadas por narrativas em conex\u00e3o.<\/p>\n\n\n\n<p>Um ambiente essencialmente acolhedor e expressivo, em que diferentes falas ocupam seus espa\u00e7os de pot\u00eancia para serem honradas em seus mais profundos sentidos. A permiss\u00e3o para sentir, associada \u00e0 conex\u00e3o com o sentido de tais sensa\u00e7\u00f5es, sentimentos e percep\u00e7\u00f5es, \u00e9 capaz de despertar a consci\u00eancia de import\u00e2ncia e de pertencimento em todas as vidas presentes.<\/p>\n\n\n\n<p>Percebo que investir na <strong>cultura de interessados<\/strong> \u00e9 um caminho forte para a forma\u00e7\u00e3o de plateia. \u00c0 medida que formamos plateias, despertamos vida, em um movimento singular.<\/p>\n\n\n\n<div style=\"height:69px\" aria-hidden=\"true\" class=\"wp-block-spacer\"><\/div>\n\n\n\n<h2 class=\"wp-block-heading\"><strong>Material de Conex\u00f5es e Saberes<\/strong><\/h2>\n\n\n\n<p>O Cine-Express\u00e3o, numa proposta pioneira, transforma a sess\u00e3o de cinema em um \u201cponto de expans\u00e3o\u201d. As pot\u00eancias das narrativas se tornam inspira\u00e7\u00f5es para cria\u00e7\u00e3o de pr\u00e1ticas espec\u00edficas para amplia\u00e7\u00f5es e aprofundamento de percep\u00e7\u00f5es dessas crian\u00e7as e jovens. S\u00e3o atividades que exercitam percep\u00e7\u00f5es de presen\u00e7a, pois est\u00e3o sempre se relacionando com o reconhecimento da pot\u00eancia de cada experi\u00eancia.<\/p>\n\n\n\n<p>O Cine-Express\u00e3o conecta educa\u00e7\u00e3o e cultura pela linguagem das possibilidades. Para n\u00f3s, educar nossas percep\u00e7\u00f5es \u00e9 honrar nossos processos de cura.<\/p>\n\n\n\n<p class=\"has-text-align-right\"><strong>Ramina El Shadai<\/strong><br>Curadora<\/p>\n","protected":false},"excerpt":{"rendered":"<p>O CINEMA NOS CONVIDA A SENTIR, JUNTOS Quando considero o tr\u00e2nsito de um consumo passivo para um consumo consciente como elemento essencial na curadoria de conte\u00fado para crian\u00e7as e jovens, [&hellip;]<\/p>\n","protected":false},"author":1,"featured_media":0,"parent":727,"menu_order":25,"comment_status":"closed","ping_status":"closed","template":"","meta":{"footnotes":""},"class_list":["post-730","page","type-page","status-publish","hentry"],"acf":[],"_links":{"self":[{"href":"https:\/\/cinebh.com.br\/2025\/wp-json\/wp\/v2\/pages\/730","targetHints":{"allow":["GET"]}}],"collection":[{"href":"https:\/\/cinebh.com.br\/2025\/wp-json\/wp\/v2\/pages"}],"about":[{"href":"https:\/\/cinebh.com.br\/2025\/wp-json\/wp\/v2\/types\/page"}],"author":[{"embeddable":true,"href":"https:\/\/cinebh.com.br\/2025\/wp-json\/wp\/v2\/users\/1"}],"replies":[{"embeddable":true,"href":"https:\/\/cinebh.com.br\/2025\/wp-json\/wp\/v2\/comments?post=730"}],"version-history":[{"count":11,"href":"https:\/\/cinebh.com.br\/2025\/wp-json\/wp\/v2\/pages\/730\/revisions"}],"predecessor-version":[{"id":1564,"href":"https:\/\/cinebh.com.br\/2025\/wp-json\/wp\/v2\/pages\/730\/revisions\/1564"}],"up":[{"embeddable":true,"href":"https:\/\/cinebh.com.br\/2025\/wp-json\/wp\/v2\/pages\/727"}],"wp:attachment":[{"href":"https:\/\/cinebh.com.br\/2025\/wp-json\/wp\/v2\/media?parent=730"}],"curies":[{"name":"wp","href":"https:\/\/api.w.org\/{rel}","templated":true}]}}