{"id":781,"date":"2025-08-29T15:24:48","date_gmt":"2025-08-29T18:24:48","guid":{"rendered":"https:\/\/cinebh.com.br\/?page_id=781"},"modified":"2025-09-18T17:48:40","modified_gmt":"2025-09-18T20:48:40","slug":"homenagem","status":"publish","type":"page","link":"https:\/\/cinebh.com.br\/2025\/homenagem\/","title":{"rendered":"Homenagem"},"content":{"rendered":"\n<h2 class=\"wp-block-heading\"><strong>CARLOS FRANCISCO \u00c9 UM MUNDO<\/strong><\/h2>\n\n\n\n<p>Existem duas falas de Carlos Francisco em filmes recentes que mostram a dicotomia e a versatilidade deste grande ator e ilustram sua ternura, resili\u00eancia e rigor dentro e fora da tela.<\/p>\n\n\n\n<p>Em <em>Bacurau<\/em>, no papel de Damiano, ele encara um invasor estrangeiro \u00e0 comunidade onde vive e questiona, a olhar diretamente para a c\u00e2mera: \u201cVoc\u00ea quer viver ou morrer?\u201d. Em <em>Marte Um<\/em>, interpretando o trabalhador Wellington, ouve do filho Deivinho sobre o sonho do garoto ser astronauta e responde: \u201cA gente d\u00e1 um jeito\u201d.<\/p>\n\n\n\n<p>As duas linhas de di\u00e1logo, respostas a est\u00edmulos externos aos quais os personagens em quest\u00e3o precisam reagir de alguma forma a seus interlocutores, tornaram-se momentos emblem\u00e1ticos na produ\u00e7\u00e3o brasileira contempor\u00e2nea e t\u00eam no corpo, na voz e na express\u00e3o de Carlos Francisco um tipo de for\u00e7a c\u00f3smica que vai al\u00e9m do ordin\u00e1rio.<\/p>\n\n\n\n<p><\/p>\n\n\n\n<figure class=\"wp-block-gallery has-nested-images columns-default is-cropped wp-block-gallery-1 is-layout-flex wp-block-gallery-is-layout-flex\">\n<figure class=\"wp-block-image size-large\"><img loading=\"lazy\" decoding=\"async\" width=\"1024\" height=\"683\" data-id=\"784\" src=\"https:\/\/cinebh.com.br\/wp-content\/uploads\/2025\/08\/20082025_Foto_Leo_Lara_20082025_Foto_Leo_Lara_0M1A3463-2-1024x683.jpg\" alt=\"\" class=\"wp-image-784\" srcset=\"https:\/\/universoproducao.nyc3.digitaloceanspaces.com\/cinebh2025\/2025\/08\/20082025_Foto_Leo_Lara_20082025_Foto_Leo_Lara_0M1A3463-2-1024x683.jpg 1024w, https:\/\/universoproducao.nyc3.digitaloceanspaces.com\/cinebh2025\/2025\/08\/20082025_Foto_Leo_Lara_20082025_Foto_Leo_Lara_0M1A3463-2-300x200.jpg 300w, https:\/\/universoproducao.nyc3.digitaloceanspaces.com\/cinebh2025\/2025\/08\/20082025_Foto_Leo_Lara_20082025_Foto_Leo_Lara_0M1A3463-2-768x512.jpg 768w, https:\/\/universoproducao.nyc3.digitaloceanspaces.com\/cinebh2025\/2025\/08\/20082025_Foto_Leo_Lara_20082025_Foto_Leo_Lara_0M1A3463-2-1536x1024.jpg 1536w, https:\/\/universoproducao.nyc3.digitaloceanspaces.com\/cinebh2025\/2025\/08\/20082025_Foto_Leo_Lara_20082025_Foto_Leo_Lara_0M1A3463-2-2048x1366.jpg 2048w\" sizes=\"auto, (max-width: 1024px) 100vw, 1024px\" \/><figcaption class=\"wp-element-caption\">20250825 &#8211; BELO HORIZONTE &#8211; MG &#8211; 19\u00aa CINEBH &#8211; Ator Carlos Francisco &#8211; Homenageado da Mostra  &#8211; Foto Leo Lara\/ Universo Produ\u00e7\u00e3o<\/figcaption><\/figure>\n<\/figure>\n\n\n\n<p><\/p>\n\n\n\n<p>Ele nasceu em Belo Horizonte em 20 de dezembro de 1961. Iniciou sua trajet\u00f3ria art\u00edstica no teatro amador nos anos 1980, onde sua primeira mem\u00f3ria \u00e9 de pe\u00e7as na casa do poeta Lib\u00e9rio Neves, junto com amigos de inf\u00e2ncia. Ele e sua turma amigos montavam estruturas no quintal para encenar os textos e cobravam ingresso dos parentes, criando assim um ambiente l\u00fadico e de aprendizado. A experi\u00eancia inicial, ainda que informal, contou bastante ao desenvolvimento como artista. Ainda adolescente, participou de grupos teatrais na escola e fez experimentos para driblar dificuldades criativas, como substituir o tradicional trote universit\u00e1rio por uma apresenta\u00e7\u00e3o teatral divertida.<\/p>\n\n\n\n<p>Nos anos 1980, fundou um grupo teatral chamado Transarte, em parceria com Ricardo Figueiredo. Juntos, realizaram v\u00e1rias pe\u00e7as em Belo Horizonte, ao mesmo tempo em que ele participava da primeira turma do NET (N\u00facleo de Estudos Teatrais), escola de forma\u00e7\u00e3o de atores at\u00e9 hoje em atividade na cidade. Uma de suas primeiras dire\u00e7\u00f5es foi o espet\u00e1culo <em>Hoje \u00e9 Dia de Rock<\/em>, de Z\u00e9 Vicente, que marcou o in\u00edcio de sua trajet\u00f3ria como diretor e consolidou um envolvimento intenso com o teatro local.<\/p>\n\n\n\n<p>Em 1991, Carlos mudou-se para S\u00e3o Paulo em busca de melhores oportunidades. Trabalhou como vendedor de caminh\u00f5es, mas nunca abandonou o sonho de ser ator. Durante o per\u00edodo na capital paulista, percebeu que, apesar de estar se saindo bem na venda de caminh\u00f5es, o cora\u00e7\u00e3o ainda batia pela arte. Essa consci\u00eancia o motivou a buscar forma\u00e7\u00e3o e aprimoramento. Foi quando descobriu a Oficina Cultural Oswald de Andrade e l\u00e1 se inscreveu em v\u00e1rias atividades. Dedicou-se ao aprendizado de t\u00e9cnicas teatrais, desde interpreta\u00e7\u00e3o at\u00e9 dire\u00e7\u00e3o, e participou de cursos com diversos profissionais da \u00e1rea. Mergulhou na vontade de ser, de fato, um ator profissional e fazer disso seu of\u00edcio primordial.<\/p>\n\n\n\n<figure class=\"wp-block-gallery has-nested-images columns-default is-cropped wp-block-gallery-2 is-layout-flex wp-block-gallery-is-layout-flex\">\n<figure class=\"wp-block-image size-large\"><img loading=\"lazy\" decoding=\"async\" width=\"1024\" height=\"683\" data-id=\"783\" src=\"https:\/\/cinebh.com.br\/wp-content\/uploads\/2025\/08\/20082025_Foto_Leo_Lara_20082025_Foto_Leo_Lara_0M1A3485-2-1024x683.jpg\" alt=\"\" class=\"wp-image-783\" srcset=\"https:\/\/universoproducao.nyc3.digitaloceanspaces.com\/cinebh2025\/2025\/08\/20082025_Foto_Leo_Lara_20082025_Foto_Leo_Lara_0M1A3485-2-1024x683.jpg 1024w, https:\/\/universoproducao.nyc3.digitaloceanspaces.com\/cinebh2025\/2025\/08\/20082025_Foto_Leo_Lara_20082025_Foto_Leo_Lara_0M1A3485-2-300x200.jpg 300w, https:\/\/universoproducao.nyc3.digitaloceanspaces.com\/cinebh2025\/2025\/08\/20082025_Foto_Leo_Lara_20082025_Foto_Leo_Lara_0M1A3485-2-768x512.jpg 768w, https:\/\/universoproducao.nyc3.digitaloceanspaces.com\/cinebh2025\/2025\/08\/20082025_Foto_Leo_Lara_20082025_Foto_Leo_Lara_0M1A3485-2-1536x1024.jpg 1536w, https:\/\/universoproducao.nyc3.digitaloceanspaces.com\/cinebh2025\/2025\/08\/20082025_Foto_Leo_Lara_20082025_Foto_Leo_Lara_0M1A3485-2-2048x1366.jpg 2048w\" sizes=\"auto, (max-width: 1024px) 100vw, 1024px\" \/><figcaption class=\"wp-element-caption\">20250825 &#8211; BELO HORIZONTE &#8211; MG &#8211; 19\u00aa CINEBH &#8211; Ator Carlos Francisco &#8211; Homenageado da Mostra  &#8211; Foto Leo Lara\/ Universo Produ\u00e7\u00e3o<\/figcaption><\/figure>\n<\/figure>\n\n\n\n<p><\/p>\n\n\n\n<p>O grande projeto na fase paulista \u00e9 a funda\u00e7\u00e3o do Grupo Folias d&#8217;Arte, em 1997, junto a um grupo de parceiros com o intuito inicial de encenarem <em>Folias Fellinianas<\/em>, de autoria de Reinaldo Maia e de onde o coletivo tirou seu nome. Conhecido pelos espet\u00e1culo de engajamento pol\u00edtico, o grupo seguiu atividades por anos adiante. No caso de Carlos, do teatro ele estreou nos cinemas aos 44 anos, em 2005, no longa-metragem <em>O Casamento de Romeu e Julieta<\/em>, de Bruno Barreto. Entre pap\u00e9is coadjuvantes aqui e acol\u00e1, seguiu conquistando com carisma, consci\u00eancia e postura como cidad\u00e3o e artista. Das telas n\u00e3o mais saiu.<\/p>\n\n\n\n<p>Nas registros como ator, Carlos Francisco d\u00e1 a ver a pr\u00f3pria ancestralidade, inclusive na condi\u00e7\u00e3o de quilombola, para amplificar o impacto das atua\u00e7\u00f5es. Ele acredita que a forma\u00e7\u00e3o quilombola influencia diretamente seu trabalho, trazendo uma forte conex\u00e3o com a cultura e a oralidade. A viv\u00eancia o ajuda a criar personagens profundos e sens\u00edveis, que ele constr\u00f3i em coautoria com os cineastas com quem trabalha \u2013 que, por sua vez, t\u00eam em Carlos a confian\u00e7a de estarem diante de uma figura que existir\u00e1 em plenitude para o filme no momento em que as c\u00e2meras s\u00e3o ligadas.<\/p>\n\n\n\n<p>Carlos escapole dos estere\u00f3tipos e faz figuras complexas, entre a dureza de contextos perif\u00e9ricos e a sensibilidade de afetos familiares. Sua presen\u00e7a carrega peso simb\u00f3lico e pol\u00edtico e soma ainda na constru\u00e7\u00e3o de uma narrativa afro-brasileira por dentro do audiovisual do pa\u00eds. V\u00e1rios de seus filmes nos \u00faltimos anos t\u00eam circulado mundo afora e ganhado pr\u00eamios importantes. Sua presen\u00e7a n\u00e3o \u00e9 acaso nesses trabalhos e nesses reconhecimentos.<\/p>\n\n\n\n<p><em>Bacurau<\/em> (Kleber Mendon\u00e7a Filho e Juliano Dornelles, 2019) levou o Pr\u00eamio do J\u00fari no Festival de Cannes. <em>Marte Um<\/em> (Gabriel Martins, 2022) colecionou passagens por festivais, foi sucesso de circuito e representou o Brasil na disputa por uma vaga ao Oscar de filme internacional em 2023. O papel de Wellington ainda lhe deu o pr\u00eamio de melhor ator no Grande Pr\u00eamio do Cinema Brasileiro. <em>Estranho Caminho<\/em> (Guto Parente, 2023), no qual faz o papel novamente de um pai, dessa vez figura distante, misteriosa, pouco interessada em afetos, rendeu-lhe outro trof\u00e9u de ator, dessa vez no Festival de Tribeca (EUA). Em <em>O Agente Secreto<\/em> (2025), novo trabalho de Kleber Mendon\u00e7a Filho, vencedor de melhor dire\u00e7\u00e3o no Festival de Cannes, Carlos Francisco est\u00e1 no elenco, dessa vez como um projecionista de cinema.<\/p>\n\n\n\n<p><\/p>\n\n\n\n<figure class=\"wp-block-gallery has-nested-images columns-default is-cropped wp-block-gallery-3 is-layout-flex wp-block-gallery-is-layout-flex\">\n<figure class=\"wp-block-image size-large\"><img loading=\"lazy\" decoding=\"async\" width=\"1024\" height=\"683\" data-id=\"788\" src=\"https:\/\/cinebh.com.br\/wp-content\/uploads\/2025\/08\/20082025_Foto_Leo_Lara_20082025_Foto_Leo_Lara_0M1A3454-2-1024x683.jpg\" alt=\"\" class=\"wp-image-788\" srcset=\"https:\/\/universoproducao.nyc3.digitaloceanspaces.com\/cinebh2025\/2025\/08\/20082025_Foto_Leo_Lara_20082025_Foto_Leo_Lara_0M1A3454-2-1024x683.jpg 1024w, https:\/\/universoproducao.nyc3.digitaloceanspaces.com\/cinebh2025\/2025\/08\/20082025_Foto_Leo_Lara_20082025_Foto_Leo_Lara_0M1A3454-2-300x200.jpg 300w, https:\/\/universoproducao.nyc3.digitaloceanspaces.com\/cinebh2025\/2025\/08\/20082025_Foto_Leo_Lara_20082025_Foto_Leo_Lara_0M1A3454-2-768x512.jpg 768w, https:\/\/universoproducao.nyc3.digitaloceanspaces.com\/cinebh2025\/2025\/08\/20082025_Foto_Leo_Lara_20082025_Foto_Leo_Lara_0M1A3454-2-1536x1024.jpg 1536w, https:\/\/universoproducao.nyc3.digitaloceanspaces.com\/cinebh2025\/2025\/08\/20082025_Foto_Leo_Lara_20082025_Foto_Leo_Lara_0M1A3454-2-2048x1366.jpg 2048w\" sizes=\"auto, (max-width: 1024px) 100vw, 1024px\" \/><figcaption class=\"wp-element-caption\">20250825 &#8211; BELO HORIZONTE &#8211; MG &#8211; 19\u00aa CINEBH &#8211; Ator Carlos Francisco &#8211; Homenageado da Mostra  &#8211; Foto Leo Lara\/ Universo Produ\u00e7\u00e3o<\/figcaption><\/figure>\n<\/figure>\n\n\n\n<p><\/p>\n\n\n\n<p>Repetir parcerias com cineastas em comum \u00e9 algo j\u00e1 rotineiro para Carlos Francisco. O ator conquista os diretores com quem trabalha, que volta e meia o convocam para novos personagens, sejam de onde forem porque Carlos \u00e9 do Brasil. Com a produtora mineira Filmes de Pl\u00e1stico, j\u00e1 fez diversos curtas-metragens, entre eles <em>Nada<\/em> (2047) e <em>Raps\u00f3dia para o Homem Negro<\/em> (2015), e o longa <em>No Cora\u00e7\u00e3o do Mundo<\/em> (2019) e <em>Marte Um <\/em>(2022). Tamb\u00e9m em Minas, com Clarissa Campolina, est\u00e1 em <em>Can\u00e7\u00e3o ao Longe<\/em> (2022), e com ela mesma e Spergio Borges, <em>Su\u00e7uarana<\/em> (2024). O cearense Guto Parente o colocou em <em>Estranho Caminho <\/em>e em <em>Morte e Vida Madalena <\/em>(2025). Com o paulista Thiago B. Mendon\u00e7a, est\u00e1 em <em>Jovens Infelizes ou Um Homem que Grita n\u00e3o \u00e9 um Urso que Dan\u00e7a<\/em> (2016) e <em>Um Filme de Cinema <\/em>(2023). E assim adiante, por v\u00e1rios outros e contando.<\/p>\n\n\n\n<p>Carlos Francisco faz da mineiridade um tra\u00e7o universal e por isso n\u00e3o se fixa apenas em Minas Gerais. Ele amplia o escopo de sua presen\u00e7a e for\u00e7a para al\u00e9m de fronteiras estaduais e mant\u00e9m, nesses movimentos, a ess\u00eancia singular que o caracteriza. Celebrar esse ator \u00e9 celebrar suas origens, sua hist\u00f3ria e a de todo um universo de viv\u00eancias e experi\u00eancias carregado por ele em sua pele, sua voz, seus trejeitos, seu olhar e seus v\u00e1rios rostos poss\u00edveis. Carlos Francisco \u00e9 um mundo.<\/p>\n\n\n\n<p class=\"has-text-align-right\"><strong>Marcelo Miranda<\/strong><br><em>Curador <\/em><\/p>\n\n\n\n<div style=\"height:60px\" aria-hidden=\"true\" class=\"wp-block-spacer\"><\/div>\n\n\n\n    <div id=\"movie-block_68b20f7646048\" class=\"movie-block\">\n                  <div data-slides-per-view=\"4\" id=\"block_68b20f7646048\" class=\"movie expanded movie-block movie-list\">\n            <div class=\"container container-1216 flex-col\">\n        <div class=\"\">\n                      <h2 class=\"movie-header-title home-title mb-6\">Mostra Homenagem<\/h2>\n                    <div class=\" movie-items\">\n            <div class=\"movie-items-wrapper\">\n                  <div class=\"movie-item  \">\n      <a href=\"https:\/\/cinebh.com.br\/2025\/filme\/a-maquina-infernal\/\">\n        <img loading=\"lazy\" decoding=\"async\" width=\"280\" height=\"432\" src=\"https:\/\/universoproducao.nyc3.digitaloceanspaces.com\/cinebh2025\/2025\/08\/Copia-de-poster-maquina-virtual-Francis-Vogner-dos-Reis-280x432.png\" class=\"movie-img\" alt=\"\" \/>\n                <span class=\"movie-content\">\n          <span class=\"title\">A M\u00e1quina Infernal<\/span>\n                      <span class=\"direction on-hover\">Dire\u00e7\u00e3o: Francis Vogner dos Reis<\/span>\n                                          <span class=\"country on-hover\">Brasil<\/span>\n                                <span class=\"read-more btn-link on-hover uppercase\">\n              Saiba mais <i class=\"icon-arrow-right\"><\/i><\/span>\n                  <\/span>\n      <\/a>\n    <\/div>\n        <div class=\"movie-item  \">\n      <a href=\"https:\/\/cinebh.com.br\/2025\/filme\/estranho-caminho\/\">\n        <img loading=\"lazy\" decoding=\"async\" width=\"280\" height=\"432\" src=\"https:\/\/universoproducao.nyc3.digitaloceanspaces.com\/cinebh2025\/2025\/08\/cartaz-oficial-Estranho-Caminho_em-baixa-1-Producao-Embauba-280x432.jpg\" class=\"movie-img\" alt=\"\" \/>\n                <span class=\"movie-content\">\n          <span class=\"title\">ESTRANHO CAMINHO<\/span>\n                      <span class=\"direction on-hover\">Dire\u00e7\u00e3o: Guto Parente<\/span>\n                                          <span class=\"country on-hover\">Brasil<\/span>\n                                <span class=\"read-more btn-link on-hover uppercase\">\n              Saiba mais <i class=\"icon-arrow-right\"><\/i><\/span>\n                  <\/span>\n      <\/a>\n    <\/div>\n        <div class=\"movie-item  \">\n      <a href=\"https:\/\/cinebh.com.br\/2025\/filme\/marte-um\/\">\n        <img loading=\"lazy\" decoding=\"async\" width=\"280\" height=\"432\" src=\"https:\/\/universoproducao.nyc3.digitaloceanspaces.com\/cinebh2025\/2025\/08\/cartaz-Marte-Um-em-baixa-Producao-Embauba-280x432.jpg\" class=\"movie-img\" alt=\"\" \/>\n                <span class=\"movie-content\">\n          <span class=\"title\">Marte Um<\/span>\n                      <span class=\"direction on-hover\">Dire\u00e7\u00e3o: Gabriel Martins<\/span>\n                                          <span class=\"country on-hover\">Brasil<\/span>\n                                <span class=\"read-more btn-link on-hover uppercase\">\n              Saiba mais <i class=\"icon-arrow-right\"><\/i><\/span>\n                  <\/span>\n      <\/a>\n    <\/div>\n        <div class=\"movie-item  \">\n      <a href=\"https:\/\/cinebh.com.br\/2025\/filme\/nada\/\">\n        <img loading=\"lazy\" decoding=\"async\" width=\"280\" height=\"432\" src=\"https:\/\/universoproducao.nyc3.digitaloceanspaces.com\/cinebh2025\/2025\/08\/NADA_Still_03-280x432.jpg\" class=\"movie-img\" alt=\"\" \/>\n                <span class=\"movie-content\">\n          <span class=\"title\">NADA<\/span>\n                      <span class=\"direction on-hover\">Dire\u00e7\u00e3o: GABRIEL MARTINS<\/span>\n                                          <span class=\"country on-hover\">BRASIL<\/span>\n                                <span class=\"read-more btn-link on-hover uppercase\">\n              Saiba mais <i class=\"icon-arrow-right\"><\/i><\/span>\n                  <\/span>\n      <\/a>\n    <\/div>\n        <div class=\"movie-item  \">\n      <a href=\"https:\/\/cinebh.com.br\/2025\/filme\/o-agente-secreto\/\">\n        <img loading=\"lazy\" decoding=\"async\" width=\"280\" height=\"432\" src=\"https:\/\/universoproducao.nyc3.digitaloceanspaces.com\/cinebh2025\/2025\/08\/O-Agente-Secreto_Victor-Juca-280x432.jpg\" class=\"movie-img\" alt=\"\" \/>\n                <span class=\"movie-content\">\n          <span class=\"title\">O Agente Secreto<\/span>\n                      <span class=\"direction on-hover\">Dire\u00e7\u00e3o: Kleber Mendon\u00e7a Filho<\/span>\n                                          <span class=\"country on-hover\">Brasil, Fran\u00e7a, Pa\u00edses Baixos, Alemanha<\/span>\n                                <span class=\"read-more btn-link on-hover uppercase\">\n              Saiba mais <i class=\"icon-arrow-right\"><\/i><\/span>\n                  <\/span>\n      <\/a>\n    <\/div>\n        <div class=\"movie-item  \">\n      <a href=\"https:\/\/cinebh.com.br\/2025\/filme\/um-homem-que-voa-nelson-prudencio\/\">\n        <img loading=\"lazy\" decoding=\"async\" width=\"280\" height=\"432\" src=\"https:\/\/universoproducao.nyc3.digitaloceanspaces.com\/cinebh2025\/2025\/08\/Nelson-Prudencio-280x432.jpg\" class=\"movie-img\" alt=\"\" \/>\n                <span class=\"movie-content\">\n          <span class=\"title\">Um homem que voa: Nelson Prud\u00eancio<\/span>\n                                          <span class=\"country on-hover\">Brasil<\/span>\n                                <span class=\"read-more btn-link on-hover uppercase\">\n              Saiba mais <i class=\"icon-arrow-right\"><\/i><\/span>\n                  <\/span>\n      <\/a>\n    <\/div>\n                <\/div>\n          <\/div>\n                  <\/div>\n      <\/div>\n    <\/div>\n              <\/div>\n    ","protected":false},"excerpt":{"rendered":"<p>CARLOS FRANCISCO \u00c9 UM MUNDO Existem duas falas de Carlos Francisco em filmes recentes que mostram a dicotomia e a versatilidade deste grande ator e ilustram sua ternura, resili\u00eancia e [&hellip;]<\/p>\n","protected":false},"author":1,"featured_media":2809,"parent":0,"menu_order":36,"comment_status":"closed","ping_status":"closed","template":"","meta":{"footnotes":""},"class_list":["post-781","page","type-page","status-publish","has-post-thumbnail","hentry"],"acf":[],"_links":{"self":[{"href":"https:\/\/cinebh.com.br\/2025\/wp-json\/wp\/v2\/pages\/781","targetHints":{"allow":["GET"]}}],"collection":[{"href":"https:\/\/cinebh.com.br\/2025\/wp-json\/wp\/v2\/pages"}],"about":[{"href":"https:\/\/cinebh.com.br\/2025\/wp-json\/wp\/v2\/types\/page"}],"author":[{"embeddable":true,"href":"https:\/\/cinebh.com.br\/2025\/wp-json\/wp\/v2\/users\/1"}],"replies":[{"embeddable":true,"href":"https:\/\/cinebh.com.br\/2025\/wp-json\/wp\/v2\/comments?post=781"}],"version-history":[{"count":5,"href":"https:\/\/cinebh.com.br\/2025\/wp-json\/wp\/v2\/pages\/781\/revisions"}],"predecessor-version":[{"id":813,"href":"https:\/\/cinebh.com.br\/2025\/wp-json\/wp\/v2\/pages\/781\/revisions\/813"}],"wp:featuredmedia":[{"embeddable":true,"href":"https:\/\/cinebh.com.br\/2025\/wp-json\/wp\/v2\/media\/2809"}],"wp:attachment":[{"href":"https:\/\/cinebh.com.br\/2025\/wp-json\/wp\/v2\/media?parent=781"}],"curies":[{"name":"wp","href":"https:\/\/api.w.org\/{rel}","templated":true}]}}